{"id":8691,"date":"2020-01-07T11:30:13","date_gmt":"2020-01-07T11:30:13","guid":{"rendered":"https:\/\/www.ilahy.es\/?page_id=8691"},"modified":"2026-03-30T08:38:40","modified_gmt":"2026-03-30T08:38:40","slug":"rejuvenation-upper-zone","status":"publish","type":"page","link":"https:\/\/www.ilahy.es\/en\/promotions\/rejuvenation-upper-zone","title":{"rendered":"Rejuvenation of upper zone"},"content":{"rendered":"<p>[et_pb_section fb_built=&#8221;1&#8243; _builder_version=&#8221;4.16&#8243; global_colors_info=&#8221;{}&#8221;][et_pb_row column_structure=&#8221;2_3,1_3&#8243; _builder_version=&#8221;4.16&#8243; background_size=&#8221;initial&#8221; background_position=&#8221;top_left&#8221; background_repeat=&#8221;repeat&#8221; global_colors_info=&#8221;{}&#8221;][et_pb_column type=&#8221;2_3&#8243; _builder_version=&#8221;4.16&#8243; custom_padding=&#8221;|||&#8221; global_colors_info=&#8221;{}&#8221; custom_padding__hover=&#8221;|||&#8221;][et_pb_text admin_label=&#8221;Text&#8221; _builder_version=&#8221;4.27.4&#8243; background_size=&#8221;initial&#8221; background_position=&#8221;top_left&#8221; background_repeat=&#8221;repeat&#8221; hover_enabled=&#8221;0&#8243; global_colors_info=&#8221;{}&#8221; sticky_enabled=&#8221;0&#8243;]<\/p>\n<h1>Upper area rejuvenation<\/h1>\n<p><div class=\"breadcrumbs\"><\/div><div class=\"promociones clearfix\"><div class=\"et_pb_blurb et_pb_bg_layout_light et_pb_text_align_center et_pb_blurb_position_top promocion promocionNewInd\"><div class=\"novedades\"><div class=\"imgnovedadesN  \"><img loading=\"lazy\" decoding=\"async\" width=\"700\" height=\"350\" src=\"https:\/\/www.ilahy.es\/wp-content\/promos\/novedades\/btx.jpg\" class=\"attachment-full wp-post-image\" alt=\"Upper Area Rejuvenation\"><\/div><div class=\"et_pb_main_blurb_box\"><h2>Upper Area Rejuvenation<\/h2><h3>Forehead, frown lines, and crow's feet<\/h3><p class=\"precioPro\">1 vial from <span>\u20ac299<\/span><\/p><\/div><\/div><\/div><\/div><br \/><em>* Promotion valid until 30\/04\/2026. Consult conditions in your clinic.<\/em><\/p>\n<p>[\/et_pb_text][et_pb_text admin_label=&#8221;Text&#8221; _builder_version=&#8221;4.16&#8243; background_size=&#8221;initial&#8221; background_position=&#8221;top_left&#8221; background_repeat=&#8221;repeat&#8221; global_colors_info=&#8221;{}&#8221;]<\/p>\n<h2>What is the treatment with neuromodellators?<\/h2>\n<p style=\"text-align: left;\">The procedure consists in performing an infiltration by micro-needle and cryoanesthesia, injecting small amounts of this product in the muscles involved in expression wrinkles. A single session is performed, being able to return to the routine immediately.<\/p>\n<p style=\"text-align: left;\"><strong>The treatment\u00a0reduces wrinkles of expression on the eyebrows, forehead and crow&#8217;s feet<\/strong>, without changing facial expression and avoiding surgery, naturally. You will get a younger, relaxed and rested look.<\/p>\n<p style=\"text-align: left;\">The results begin to be noticed around the next 3-6 days, and it is complete after 15-30 days. The effect of muscle relaxation tends to reduce at 4 or 6 months.<\/p>\n<h2>Treatment\u00a0price<\/h2>\n<p style=\"text-align: left;\">The treatment is usually performed in a single session, depending on the areas to be treated. For a complete facial treatment (3 areas) the\u00a0\u00a0<strong>price\u00a0is 299\u20ac.<\/strong><\/p>\n<p style=\"text-align: left;\">If you have any questions about treatment, do not hesitate to request more information on ilahy. Remember that the first diagnostic visit is also free.<\/p>\n<p>&nbsp;<br \/>\n[\/et_pb_text][\/et_pb_column][et_pb_column type=&#8221;1_3&#8243; _builder_version=&#8221;4.16&#8243; custom_padding=&#8221;|||&#8221; global_colors_info=&#8221;{}&#8221; custom_padding__hover=&#8221;|||&#8221;][et_pb_sidebar area=&#8221;sidebar-1&#8243; admin_label=&#8221;Sidebar&#8221; _builder_version=&#8221;4.16&#8243; global_colors_info=&#8221;{}&#8221;][\/et_pb_sidebar][\/et_pb_column][\/et_pb_row][\/et_pb_section]<\/p>\n","protected":false},"excerpt":{"rendered":"<p>Upper area rejuvenation <div class=\"breadcrumbs\"><\/div><div class=\"promociones clearfix\"><div class=\"et_pb_blurb et_pb_bg_layout_light et_pb_text_align_center et_pb_blurb_position_top promocion promocionNewInd\"><div class=\"novedades\"><div class=\"imgnovedadesN  \"><img loading=\"lazy\" decoding=\"async\" width=\"700\" height=\"350\" src=\"https:\/\/www.ilahy.es\/wp-content\/promos\/novedades\/btx.jpg\" class=\"attachment-full wp-post-image\" alt=\"Upper Area Rejuvenation\"><\/div><div class=\"et_pb_main_blurb_box\"><h2>Upper Area Rejuvenation<\/h2><h3>Forehead, frown lines, and crow's feet<\/h3><p class=\"precioPro\">1 vial from <span>\u20ac299<\/span><\/p><\/div><\/div><\/div><\/div>* Promotion valid until 30\/04\/2026. Consult conditions in your clinic.What is the treatment with neuromodellators? The procedure consists in performing an infiltration by micro-needle and cryoanesthesia, injecting small amounts of this product in the muscles involved in expression wrinkles. A single session is performed, being able to return to the routine [&hellip;]<\/p>\n","protected":false},"author":1,"featured_media":14926,"parent":1173,"menu_order":270,"comment_status":"closed","ping_status":"closed","template":"","meta":{"_et_pb_use_builder":"on","_et_pb_old_content":"<p>[et_pb_section][et_pb_row][et_pb_column type=\"2_3\"][et_pb_text admin_label=\"Text\" background_layout=\"light\" text_orientation=\"left\"]<\/p><h1>Botox Vistabel\u00ae to eliminate facial wrinkles<\/h1><p>[breadcrumbs]<\/p><p><img class=\"alignnone size-full wp-image-8670\" src=\"https:\/\/www.ilahy.es\/wp-content\/uploads\/2020\/01\/precio-botox-2020.jpg\" alt=\"precio botox 2020\" width=\"700\" height=\"350\" \/><\/p><p><em>* Promoci\u00f3n v\u00e1lida hasta el 29\/02\/2020. Consulta condiciones en tu cl\u00ednica.<\/em><\/p><p>La toxina botul\u00ednica tipo A se lleva utilizando desde hace d\u00e9cadas para el<strong>\u00a0tratamiento de arrugas de expresi\u00f3n<\/strong> con unos resultados espectaculares, siendo uno de los procedimientos est\u00e9ticos m\u00e1s demandados.<\/p><h2>\u00bfEn qu\u00e9 consiste el tratamiento con B\u00f3tox Vistabel?<\/h2><p>Vistabel es la marca bajo la que en Espa\u00f1a se distribuye la toxina botul\u00ednica tipo A para su uso est\u00e9tico, aplicado siempre en centros m\u00e9dicos autorizados y por profesionales con la preparaci\u00f3n adecuada, como es el caso de ilahy, los centros de medicina y cirug\u00eda est\u00e9tica de IMED Hospitales.<\/p><p>El\u00a0procedimiento consiste en realizar una infiltraci\u00f3n mediante aguja y crioanestesia, inyectando\u00a0peque\u00f1as cantidades de\u00a0este producto en los m\u00fasculos que intervienen en las arrugas de expresi\u00f3n. Se realiza un una \u00fanica sesi\u00f3n, pudiendo volver a la rutina inmediatamente.<\/p><p>Vistabel permite reducir las <strong>arrugas de expresi\u00f3n en el entrecejo, cejas, frente y patas de gallo<\/strong>, sin cambiar la expresi\u00f3n facial y evitando la cirug\u00eda, de forma natural y segura. Conseguir\u00e1s un aspecto m\u00e1s joven, relajado y descansado.<\/p><p>Los resultados se empiezan a notar alrededor de los\u00a0 3-6 d\u00edas siguientes,\u00a0 y es completo a los 15-30 d\u00edas. El efecto de relajaci\u00f3n muscular tiende a reducirse a los 4 \u00f3 6 meses.<\/p><h2>Precio del B\u00f3tox Vistabel<\/h2><p>El tratamiento con B\u00f3tox Vistabel se suele realizar en una \u00fanica sesi\u00f3n, dependiendo de las zonas a tratar. Para un tratamiento facial completo se recomiendan emplear 50 unidades de Vistabel, con un <strong>precio de tan solo 290\u20ac<\/strong>.<\/p><p>Si tienes alguna duda sobre los tratamiento con botox, no dudes en solicitar m\u00e1s informaci\u00f3n en ilahy. Recuerda que adem\u00e1s la primera visita diagn\u00f3stica es gratuita.<\/p><p>[\/et_pb_text][\/et_pb_column][et_pb_column type=\"1_3\"][et_pb_sidebar admin_label=\"Sidebar\" orientation=\"left\" area=\"sidebar-1\" background_layout=\"light\" \/][\/et_pb_column][\/et_pb_row][\/et_pb_section]<\/p>","_et_gb_content_width":"","footnotes":""},"class_list":["post-8691","page","type-page","status-publish","has-post-thumbnail","hentry"],"_links":{"self":[{"href":"https:\/\/www.ilahy.es\/en\/wp-json\/wp\/v2\/pages\/8691","targetHints":{"allow":["GET"]}}],"collection":[{"href":"https:\/\/www.ilahy.es\/en\/wp-json\/wp\/v2\/pages"}],"about":[{"href":"https:\/\/www.ilahy.es\/en\/wp-json\/wp\/v2\/types\/page"}],"author":[{"embeddable":true,"href":"https:\/\/www.ilahy.es\/en\/wp-json\/wp\/v2\/users\/1"}],"replies":[{"embeddable":true,"href":"https:\/\/www.ilahy.es\/en\/wp-json\/wp\/v2\/comments?post=8691"}],"version-history":[{"count":41,"href":"https:\/\/www.ilahy.es\/en\/wp-json\/wp\/v2\/pages\/8691\/revisions"}],"predecessor-version":[{"id":16547,"href":"https:\/\/www.ilahy.es\/en\/wp-json\/wp\/v2\/pages\/8691\/revisions\/16547"}],"up":[{"embeddable":true,"href":"https:\/\/www.ilahy.es\/en\/wp-json\/wp\/v2\/pages\/1173"}],"wp:featuredmedia":[{"embeddable":true,"href":"https:\/\/www.ilahy.es\/en\/wp-json\/wp\/v2\/media\/14926"}],"wp:attachment":[{"href":"https:\/\/www.ilahy.es\/en\/wp-json\/wp\/v2\/media?parent=8691"}],"curies":[{"name":"wp","href":"https:\/\/api.w.org\/{rel}","templated":true}]}}