{"id":4954,"date":"2017-10-31T10:44:47","date_gmt":"2017-10-31T10:44:47","guid":{"rendered":"https:\/\/www.ilahy.es\/?page_id=4954"},"modified":"2017-10-31T11:02:01","modified_gmt":"2017-10-31T11:02:01","slug":"eyebrow-and-beard-transplant","status":"publish","type":"page","link":"https:\/\/www.ilahy.es\/en\/treatments\/hair-treatments\/eyebrow-and-beard-transplant","title":{"rendered":"Eyebrow and beard transplant"},"content":{"rendered":"<p>[et_pb_section][et_pb_row][et_pb_column type=&#8221;2_3&#8243;][et_pb_text admin_label=&#8221;Text&#8221; background_layout=&#8221;light&#8221; text_orientation=&#8221;left&#8221;]<\/p>\n<h1>Eyebrow and beard transplant<\/h1>\n<div class=\"breadcrumbs\"><\/div>\n<p><img loading=\"lazy\" decoding=\"async\" class=\"alignright size-full wp-image-4952\" src=\"https:\/\/www.ilahy.es\/wp-content\/uploads\/2017\/10\/trasplante-cejas-barba.jpg\" alt=\"trasplante de cejas y barba\" width=\"400\" height=\"267\" srcset=\"https:\/\/www.ilahy.es\/wp-content\/uploads\/2017\/10\/trasplante-cejas-barba.jpg 400w, https:\/\/www.ilahy.es\/wp-content\/uploads\/2017\/10\/trasplante-cejas-barba-300x200.jpg 300w\" sizes=\"(max-width: 400px) 100vw, 400px\" \/><\/p>\n<p>The aesthetic function of the <strong>eyebrows<\/strong> is fundamental. The eyebrows possess a transcendental aesthetic function, since it provides the face with expression and character.<\/p>\n<p>Eyebrows can:<\/p>\n<ul>\n<li>Enhance the beauty of the eyes, because it makes them bigger and more expressive.<\/li>\n<li>Radiate and enhance the look.<\/li>\n<li>Provide symmetry to the face.<\/li>\n<li>Increase the youth of the person.<\/li>\n<li>Soften or harden the expression.<\/li>\n<li>Makes the face look more sophisticated or more natural.<\/li>\n<li>Define facial features.<\/li>\n<\/ul>\n<p>The implant of eyebrows is an exercise of absolute precision. This intervention is possible thanks to the hair transplant technique with the FUE technique.<\/p>\n<p><strong>Eyebrow transplantation<\/strong> is a very safe, effective and minimally invasive procedure and with which you can recover your eyebrows in just one intervention.<\/p>\n<p>In the same way, a <strong>beard transplant<\/strong> can be performed on men who want to mark their features with it.<\/p>\n<p>[\/et_pb_text][\/et_pb_column][et_pb_column type=&#8221;1_3&#8243;][et_pb_sidebar admin_label=&#8221;Sidebar&#8221; orientation=&#8221;left&#8221; area=&#8221;sidebar-1&#8243; background_layout=&#8221;light&#8221; \/][\/et_pb_column][\/et_pb_row][\/et_pb_section]<\/p>\n","protected":false},"excerpt":{"rendered":"<p>Enhance the beauty of your face<\/p>\n","protected":false},"author":1,"featured_media":4952,"parent":1397,"menu_order":146,"comment_status":"closed","ping_status":"closed","template":"","meta":{"_et_pb_use_builder":"on","_et_pb_old_content":"<p>[et_pb_section][et_pb_row][et_pb_column type=\"2_3\"][et_pb_text admin_label=\"Text\" background_layout=\"light\" text_orientation=\"left\"]<\/p><h1>Trasplante de cejas y barba<\/h1><p>[breadcrumbs]<\/p><p><img class=\"alignright size-full wp-image-4952\" src=\"https:\/\/www.ilahy.es\/wp-content\/uploads\/2017\/10\/trasplante-cejas-barba.jpg\" alt=\"trasplante de cejas y barba\" width=\"400\" height=\"267\" \/>La funci\u00f3n est\u00e9tica de las cejas es fundamental. Las cejas poseen una trascendental funci\u00f3n est\u00e9tica, ya que proporciona al rostro expresi\u00f3n y car\u00e1cter.<\/p><p>Las cejas por s\u00ed solas pueden:<\/p><ul><li>Realzar la belleza de los ojos, porque los hace m\u00e1s grandes y expresivos.<\/li><li>Irradiar y realzar la mirada.<\/li><li>Proporcionar simetr\u00eda al rostro.<\/li><li>Incrementar la juventud de la persona.<\/li><li>Suavizar o endurecer la expresi\u00f3n.<\/li><li>Hace que el rostro se vea mucho m\u00e1s sofisticado o m\u00e1s natural.<\/li><li>Definir las facciones del rostro.<\/li><\/ul><p>El <strong>implante\u00a0de cejas<\/strong> es un ejercicio de precisi\u00f3n absoluto, que solo un especialista como la Dra. Laura Caicedo que a\u00fana experiencia y meticulosidad podr\u00eda realizar. Esta intervenci\u00f3n es posible gracias a la t\u00e9cnica de trasplante capilar con la t\u00e9cnica FUE.<\/p><p>El trasplante de cejas es un procedimiento muy seguro, efectivo y poco invasivo y con el que se puede recuperar las cejas en tan solo una intervenci\u00f3n.<\/p><p>Del mismo modo, puede realizarse un<strong> trasplante de barba<\/strong> en aquellos hombres que deseen marcar sus facciones con ella.<\/p><p>\u00a0<\/p><p>[\/et_pb_text][\/et_pb_column][et_pb_column type=\"1_3\"][et_pb_sidebar admin_label=\"Sidebar\" orientation=\"left\" area=\"sidebar-1\" background_layout=\"light\" \/][\/et_pb_column][\/et_pb_row][\/et_pb_section]<\/p>","_et_gb_content_width":"","footnotes":""},"class_list":["post-4954","page","type-page","status-publish","has-post-thumbnail","hentry"],"_links":{"self":[{"href":"https:\/\/www.ilahy.es\/en\/wp-json\/wp\/v2\/pages\/4954","targetHints":{"allow":["GET"]}}],"collection":[{"href":"https:\/\/www.ilahy.es\/en\/wp-json\/wp\/v2\/pages"}],"about":[{"href":"https:\/\/www.ilahy.es\/en\/wp-json\/wp\/v2\/types\/page"}],"author":[{"embeddable":true,"href":"https:\/\/www.ilahy.es\/en\/wp-json\/wp\/v2\/users\/1"}],"replies":[{"embeddable":true,"href":"https:\/\/www.ilahy.es\/en\/wp-json\/wp\/v2\/comments?post=4954"}],"version-history":[{"count":2,"href":"https:\/\/www.ilahy.es\/en\/wp-json\/wp\/v2\/pages\/4954\/revisions"}],"predecessor-version":[{"id":4957,"href":"https:\/\/www.ilahy.es\/en\/wp-json\/wp\/v2\/pages\/4954\/revisions\/4957"}],"up":[{"embeddable":true,"href":"https:\/\/www.ilahy.es\/en\/wp-json\/wp\/v2\/pages\/1397"}],"wp:featuredmedia":[{"embeddable":true,"href":"https:\/\/www.ilahy.es\/en\/wp-json\/wp\/v2\/media\/4952"}],"wp:attachment":[{"href":"https:\/\/www.ilahy.es\/en\/wp-json\/wp\/v2\/media?parent=4954"}],"curies":[{"name":"wp","href":"https:\/\/api.w.org\/{rel}","templated":true}]}}