{"id":4652,"date":"2017-09-01T07:49:15","date_gmt":"2017-09-01T07:49:15","guid":{"rendered":"https:\/\/www.ilahy.es\/?page_id=4652"},"modified":"2026-03-30T08:35:45","modified_gmt":"2026-03-30T08:35:45","slug":"tummy-tuck-price","status":"publish","type":"page","link":"https:\/\/www.ilahy.es\/en\/promotions\/tummy-tuck-price","title":{"rendered":"Mini Tummy Tuck"},"content":{"rendered":"<p>[et_pb_section fb_built=&#8221;1&#8243; _builder_version=&#8221;4.16&#8243; global_colors_info=&#8221;{}&#8221;][et_pb_row column_structure=&#8221;2_3,1_3&#8243; _builder_version=&#8221;4.16&#8243; background_size=&#8221;initial&#8221; background_position=&#8221;top_left&#8221; background_repeat=&#8221;repeat&#8221; global_colors_info=&#8221;{}&#8221;][et_pb_column type=&#8221;2_3&#8243; _builder_version=&#8221;4.16&#8243; custom_padding=&#8221;|||&#8221; global_colors_info=&#8221;{}&#8221; custom_padding__hover=&#8221;|||&#8221;][et_pb_text admin_label=&#8221;Text&#8221; _builder_version=&#8221;4.27.4&#8243; background_size=&#8221;initial&#8221; background_position=&#8221;top_left&#8221; background_repeat=&#8221;repeat&#8221; hover_enabled=&#8221;0&#8243; global_colors_info=&#8221;{}&#8221; sticky_enabled=&#8221;0&#8243;]<\/p>\n<h1>Tummy Tuck,\u00a0get your figure back<\/h1>\n<p><div class=\"breadcrumbs\"><\/div><div class=\"promociones clearfix\"><div class=\"et_pb_blurb et_pb_bg_layout_light et_pb_text_align_center et_pb_blurb_position_top promocion promocionNewInd\"><div class=\"novedades\"><div class=\"imgnovedadesN  \"><img loading=\"lazy\" decoding=\"async\" width=\"700\" height=\"350\" src=\"https:\/\/www.ilahy.es\/wp-content\/promos\/novedades\/abdominoplastia-liposuccion.jpg\" class=\"attachment-full wp-post-image\" alt=\"Abdominoplasty\"><\/div><div class=\"et_pb_main_blurb_box\"><h2>Abdominoplasty<\/h2><h3>+3 post-surgical treatment sessions<\/h3><p class=\"precioPro\"><span>\u20ac112<\/span> per month<\/p><p class=\"precioPro\">Total: 6.200\u20ac<\/p><\/div><\/div><\/div><\/div><\/p>\n<p><em>* Financing for 60 months, with 18% opening costs. Promotion valid until 30\/04\/2026. Consult conditions in your clinic.<\/em><\/p>\n<p>&nbsp;<\/p>\n<p>[\/et_pb_text][et_pb_text admin_label=&#8221;Text&#8221; _builder_version=&#8221;4.16&#8243; background_size=&#8221;initial&#8221; background_position=&#8221;top_left&#8221; background_repeat=&#8221;repeat&#8221; global_colors_info=&#8221;{}&#8221;]<\/p>\n<p style=\"text-align: left;\"><strong>Abdominoplasty<\/strong>\u00a0or <strong>Tummy Tuck<\/strong> is a surgery to reconstruct the abdominal wall used to remove excess skin and fat with the aim of giving the desired shape to the abdomen, waist and shape of the body trunk.<\/p>\n<p style=\"text-align: left;\">With this fantastic promotion you will have the belly that you always dreamed. This type of surgery is recommended for:<\/p>\n<ul>\n<li>Women who had several pregnancies and the skin and abdominal muscles have been loose without being able to recover their initial tone.<\/li>\n<li>People who have undergone a surgical weight loss surgery and have lost a lot of weight, so abdomen and chest skin has been flaccid.<\/li>\n<li>People with a moderate abdominal fat who have lost elasticity in the skin, and want to get a flat belly.<\/li>\n<\/ul>\n<p style=\"text-align: left;\">In addition to the post-surgical check-ups, we are now giving you <strong>3\u00a0post-surgical treatment\u00a0sessions<\/strong>, to tone your belly muscles and correct flaccidity.<\/p>\n<p style=\"text-align: left;\">This surgical procedure lasts between 3 and 4 hours depending on the degree of correction desired and is performed under general or local anesthesia.<\/p>\n<h2>Combined surgeries<\/h2>\n<p style=\"text-align: left;\">The combined surgeries allow in the same surgical intervention to correct different aesthetic aspects of the patient, with all the advantages. Get a\u00a0<strong>discount on your second surgery<\/strong>, going once through the operating room, with a faster recovery and economic savings. Remember that the first consultation is free and without obligation. Ask us.<\/p>\n<p>[\/et_pb_text][\/et_pb_column][et_pb_column type=&#8221;1_3&#8243; _builder_version=&#8221;4.16&#8243; custom_padding=&#8221;|||&#8221; global_colors_info=&#8221;{}&#8221; custom_padding__hover=&#8221;|||&#8221;][et_pb_sidebar area=&#8221;sidebar-1&#8243; admin_label=&#8221;Sidebar&#8221; _builder_version=&#8221;4.16&#8243; global_colors_info=&#8221;{}&#8221;][\/et_pb_sidebar][\/et_pb_column][\/et_pb_row][\/et_pb_section]<\/p>\n","protected":false},"excerpt":{"rendered":"<p>Tummy Tuck,\u00a0get your figure back <div class=\"breadcrumbs\"><\/div><div class=\"promociones clearfix\"><div class=\"et_pb_blurb et_pb_bg_layout_light et_pb_text_align_center et_pb_blurb_position_top promocion promocionNewInd\"><div class=\"novedades\"><div class=\"imgnovedadesN  \"><img loading=\"lazy\" decoding=\"async\" width=\"700\" height=\"350\" src=\"https:\/\/www.ilahy.es\/wp-content\/promos\/novedades\/abdominoplastia-liposuccion.jpg\" class=\"attachment-full wp-post-image\" alt=\"Abdominoplasty\"><\/div><div class=\"et_pb_main_blurb_box\"><h2>Abdominoplasty<\/h2><h3>+3 post-surgical treatment sessions<\/h3><p class=\"precioPro\"><span>\u20ac112<\/span> per month<\/p><p class=\"precioPro\">Total: 6.200\u20ac<\/p><\/div><\/div><\/div><\/div> * Financing for 60 months, with 18% opening costs. Promotion valid until 30\/04\/2026. Consult conditions in your clinic. &nbsp;Abdominoplasty\u00a0or Tummy Tuck is a surgery to reconstruct the abdominal wall used to remove excess skin and fat with the aim of giving the desired shape to the abdomen, waist [&hellip;]<\/p>\n","protected":false},"author":1,"featured_media":14917,"parent":1173,"menu_order":222,"comment_status":"closed","ping_status":"closed","template":"","meta":{"_et_pb_use_builder":"on","_et_pb_old_content":"<p>[et_pb_section][et_pb_row][et_pb_column type=\"2_3\"][et_pb_text admin_label=\"Text\" background_layout=\"light\" text_orientation=\"left\"]<\/p><h1>Abdominoplastia, recupera tu figura<\/h1><p>[breadcrumbs]<\/p><p><a href=\"https:\/\/www.ilahy.es\/wp-content\/uploads\/2017\/08\/abdominoplastia.jpg\"><img class=\"alignnone size-full wp-image-4605\" src=\"https:\/\/www.ilahy.es\/wp-content\/uploads\/2017\/08\/abdominoplastia.jpg\" alt=\"abdominoplastia\" width=\"700\" height=\"350\" \/><\/a><\/p><p>\u00a0<\/p><p>Gracias a esta fant\u00e1stica promoci\u00f3n podr\u00e1s tener el vientre que siempre deseaste. Este tipo de cirug\u00eda es recomendable para:<\/p><ul><li>Mujeres que han tenido varios embarazos\u00a0y \u00a0la piel y m\u00fasculos abdominales han quedado fl\u00e1cidos\u00a0sin poder recuperar su tono\u00a0inicial.<\/li><li>Personas que se han sometido a una operaci\u00f3n quir\u00fargica de p\u00e9rdida de peso\u00a0y han perdido mucho peso, por lo que la piel del abdomen y t\u00f3rax ha quedado fl\u00e1cida.<\/li><li>Personas con un exceso de grasa abdominal moderado y que han perdido elasticidad en la piel, y desean conseguir un vientre plano.<\/li><\/ul><p>Este procedimiento quir\u00fargico dura entre 3 y 4 horas dependiendo del grado de correcci\u00f3n deseada y se realiza bajo anestesia general o local.<\/p><p>La <strong>abdominoplastia\u00a0<\/strong>es una cirug\u00eda de reconstrucci\u00f3n de la pared abdominal utilizada para eliminar el exceso de piel y de grasa con el objetivo de darle la forma deseada al abdomen, cintura y forma del tronco del cuerpo.<\/p><p>[\/et_pb_text][\/et_pb_column][et_pb_column type=\"1_3\"][et_pb_sidebar admin_label=\"Sidebar\" orientation=\"left\" area=\"sidebar-1\" background_layout=\"light\" \/][\/et_pb_column][\/et_pb_row][\/et_pb_section]<\/p>","_et_gb_content_width":"","footnotes":""},"class_list":["post-4652","page","type-page","status-publish","has-post-thumbnail","hentry"],"_links":{"self":[{"href":"https:\/\/www.ilahy.es\/en\/wp-json\/wp\/v2\/pages\/4652","targetHints":{"allow":["GET"]}}],"collection":[{"href":"https:\/\/www.ilahy.es\/en\/wp-json\/wp\/v2\/pages"}],"about":[{"href":"https:\/\/www.ilahy.es\/en\/wp-json\/wp\/v2\/types\/page"}],"author":[{"embeddable":true,"href":"https:\/\/www.ilahy.es\/en\/wp-json\/wp\/v2\/users\/1"}],"replies":[{"embeddable":true,"href":"https:\/\/www.ilahy.es\/en\/wp-json\/wp\/v2\/comments?post=4652"}],"version-history":[{"count":47,"href":"https:\/\/www.ilahy.es\/en\/wp-json\/wp\/v2\/pages\/4652\/revisions"}],"predecessor-version":[{"id":16539,"href":"https:\/\/www.ilahy.es\/en\/wp-json\/wp\/v2\/pages\/4652\/revisions\/16539"}],"up":[{"embeddable":true,"href":"https:\/\/www.ilahy.es\/en\/wp-json\/wp\/v2\/pages\/1173"}],"wp:featuredmedia":[{"embeddable":true,"href":"https:\/\/www.ilahy.es\/en\/wp-json\/wp\/v2\/media\/14917"}],"wp:attachment":[{"href":"https:\/\/www.ilahy.es\/en\/wp-json\/wp\/v2\/media?parent=4652"}],"curies":[{"name":"wp","href":"https:\/\/api.w.org\/{rel}","templated":true}]}}