{"id":3017,"date":"2016-07-05T16:03:17","date_gmt":"2016-07-05T16:03:17","guid":{"rendered":"https:\/\/www.ilahy.es\/?page_id=3017"},"modified":"2026-03-30T08:38:18","modified_gmt":"2026-03-30T08:38:18","slug":"lips-augmentation","status":"publish","type":"page","link":"https:\/\/www.ilahy.es\/en\/promotions\/lips-augmentation","title":{"rendered":"Lips Augmentation"},"content":{"rendered":"<p>[et_pb_section fb_built=&#8221;1&#8243; _builder_version=&#8221;4.16&#8243; global_colors_info=&#8221;{}&#8221;][et_pb_row column_structure=&#8221;2_3,1_3&#8243; _builder_version=&#8221;4.16&#8243; background_size=&#8221;initial&#8221; background_position=&#8221;top_left&#8221; background_repeat=&#8221;repeat&#8221; global_colors_info=&#8221;{}&#8221;][et_pb_column type=&#8221;2_3&#8243; _builder_version=&#8221;4.16&#8243; custom_padding=&#8221;|||&#8221; global_colors_info=&#8221;{}&#8221; custom_padding__hover=&#8221;|||&#8221;][et_pb_text admin_label=&#8221;Text&#8221; _builder_version=&#8221;4.27.4&#8243; background_size=&#8221;initial&#8221; background_position=&#8221;top_left&#8221; background_repeat=&#8221;repeat&#8221; hover_enabled=&#8221;0&#8243; global_colors_info=&#8221;{}&#8221; sticky_enabled=&#8221;0&#8243;]<\/p>\n<h1>Lips Augmentation with hyaluronic fillers<\/h1>\n<p><div class=\"breadcrumbs\"><\/div><div class=\"promociones clearfix\"><div class=\"et_pb_blurb et_pb_bg_layout_light et_pb_text_align_center et_pb_blurb_position_top promocion promocionNewInd\"><div class=\"novedades\"><div class=\"imgnovedadesN  \"><img loading=\"lazy\" decoding=\"async\" width=\"700\" height=\"350\" src=\"https:\/\/www.ilahy.es\/wp-content\/promos\/novedades\/aumento-labios.jpg\" class=\"attachment-full wp-post-image\" alt=\"Lips Augmentation\"><\/div><div class=\"et_pb_main_blurb_box\"><h2>Lips Augmentation<\/h2><p class=\"precioPro\">from <span>\u20ac195<\/span><\/p><\/div><\/div><\/div><\/div><\/p>\n<p><i>* Promotion valid until 30\/04\/2026. Consult conditions in your clinic.<\/i><\/p>\n<p>[\/et_pb_text][et_pb_text admin_label=&#8221;Text&#8221; _builder_version=&#8221;4.16&#8243; background_size=&#8221;initial&#8221; background_position=&#8221;top_left&#8221; background_repeat=&#8221;repeat&#8221; global_colors_info=&#8221;{}&#8221;]<\/p>\n<p style=\"text-align: left;\">With the<strong> lips augmentation with hyaluronic acid fillers<\/strong> you will get a natural and harmonious increase of the lips.\u00a0All thanks to the\u00a0\u00a0hyaluronic filler,\u00a0 designed specifically to improve the lips.<\/p>\n<p style=\"text-align: left;\">This treatment does not require surgery, and in addition to serving to correct wrinkles on the face, it is very effective to achieve volume on the lips. And all in just one session.<\/p>\n<p>[\/et_pb_text][\/et_pb_column][et_pb_column type=&#8221;1_3&#8243; _builder_version=&#8221;4.16&#8243; custom_padding=&#8221;|||&#8221; global_colors_info=&#8221;{}&#8221; custom_padding__hover=&#8221;|||&#8221;][et_pb_sidebar area=&#8221;sidebar-1&#8243; admin_label=&#8221;Sidebar&#8221; _builder_version=&#8221;4.16&#8243; global_colors_info=&#8221;{}&#8221;][\/et_pb_sidebar][\/et_pb_column][\/et_pb_row][\/et_pb_section]<\/p>\n","protected":false},"excerpt":{"rendered":"<p>Lips Augmentation with hyaluronic fillers <div class=\"breadcrumbs\"><\/div><div class=\"promociones clearfix\"><div class=\"et_pb_blurb et_pb_bg_layout_light et_pb_text_align_center et_pb_blurb_position_top promocion promocionNewInd\"><div class=\"novedades\"><div class=\"imgnovedadesN  \"><img loading=\"lazy\" decoding=\"async\" width=\"700\" height=\"350\" src=\"https:\/\/www.ilahy.es\/wp-content\/promos\/novedades\/aumento-labios.jpg\" class=\"attachment-full wp-post-image\" alt=\"Lips Augmentation\"><\/div><div class=\"et_pb_main_blurb_box\"><h2>Lips Augmentation<\/h2><p class=\"precioPro\">from <span>\u20ac195<\/span><\/p><\/div><\/div><\/div><\/div> * Promotion valid until 30\/04\/2026. Consult conditions in your clinic.With the lips augmentation with hyaluronic acid fillers you will get a natural and harmonious increase of the lips.\u00a0All thanks to the\u00a0\u00a0hyaluronic filler,\u00a0 designed specifically to improve the lips. This treatment does not require surgery, and in addition to [&hellip;]<\/p>\n","protected":false},"author":1,"featured_media":14925,"parent":1173,"menu_order":268,"comment_status":"closed","ping_status":"closed","template":"","meta":{"_et_pb_use_builder":"on","_et_pb_old_content":"<p>[et_pb_section][et_pb_row][et_pb_column type=\"2_3\"][et_pb_text admin_label=\"Text\" background_layout=\"light\" text_orientation=\"left\"]<\/p><h1>Aumento de labios con \u00e1cido hialur\u00f3nico por 190\u20ac<\/h1><p>[breadcrumbs]<\/p><p>El aumento de labios es una de las intervenciones de est\u00e9tica m\u00e1s solicitadas en la actualidad, que busca conseguir una cierta armon\u00eda de los labios con la forma del rostro. El aumento de labios con\u00a0rellenos de \u00e1cido hialur\u00f3nico\u00a0no requiere cirug\u00eda, y adem\u00e1s de servir para corregir arrugas en el rostro, es muy efectiva para conseguir volumen en los labios.<\/p><p><img class=\"alignnone size-full wp-image-3015\" src=\"https:\/\/www.ilahy.es\/wp-content\/uploads\/2016\/07\/precio-aumento_labios.jpg\" alt=\"precio del aumento de labios\" width=\"700\" height=\"350\" \/><\/p><p>Si deseas perfilar y dar volumen a tus labios, puedes conseguir este <strong>tratamiento de aumento del volumen de los labios con \u00e1cido hialur\u00f3nico\u00a0a un <span class=\"price\">precio de 190\u20ac<\/span><\/strong>. Se trata de una t\u00e9cnica apta para realizar durante el verano, por lo que puedes aprovechar tus vacaciones para recuperar el\u00a0volumen perdido en labios y rostro por el paso del tiempo.<\/p><p>\u00a0<\/p><p>[\/et_pb_text][\/et_pb_column][et_pb_column type=\"1_3\"][et_pb_sidebar admin_label=\"Sidebar\" orientation=\"left\" area=\"sidebar-1\" background_layout=\"light\" \/][\/et_pb_column][\/et_pb_row][\/et_pb_section]<\/p>","_et_gb_content_width":"","footnotes":""},"class_list":["post-3017","page","type-page","status-publish","has-post-thumbnail","hentry"],"_links":{"self":[{"href":"https:\/\/www.ilahy.es\/en\/wp-json\/wp\/v2\/pages\/3017","targetHints":{"allow":["GET"]}}],"collection":[{"href":"https:\/\/www.ilahy.es\/en\/wp-json\/wp\/v2\/pages"}],"about":[{"href":"https:\/\/www.ilahy.es\/en\/wp-json\/wp\/v2\/types\/page"}],"author":[{"embeddable":true,"href":"https:\/\/www.ilahy.es\/en\/wp-json\/wp\/v2\/users\/1"}],"replies":[{"embeddable":true,"href":"https:\/\/www.ilahy.es\/en\/wp-json\/wp\/v2\/comments?post=3017"}],"version-history":[{"count":42,"href":"https:\/\/www.ilahy.es\/en\/wp-json\/wp\/v2\/pages\/3017\/revisions"}],"predecessor-version":[{"id":16546,"href":"https:\/\/www.ilahy.es\/en\/wp-json\/wp\/v2\/pages\/3017\/revisions\/16546"}],"up":[{"embeddable":true,"href":"https:\/\/www.ilahy.es\/en\/wp-json\/wp\/v2\/pages\/1173"}],"wp:featuredmedia":[{"embeddable":true,"href":"https:\/\/www.ilahy.es\/en\/wp-json\/wp\/v2\/media\/14925"}],"wp:attachment":[{"href":"https:\/\/www.ilahy.es\/en\/wp-json\/wp\/v2\/media?parent=3017"}],"curies":[{"name":"wp","href":"https:\/\/api.w.org\/{rel}","templated":true}]}}