{"id":15040,"date":"2025-05-07T13:43:45","date_gmt":"2025-05-07T13:43:45","guid":{"rendered":"https:\/\/www.ilahy.es\/?page_id=15040"},"modified":"2025-08-14T10:32:00","modified_gmt":"2025-08-14T10:32:00","slug":"cosbell-body-wraps","status":"publish","type":"page","link":"https:\/\/www.ilahy.es\/en\/treatments\/advanced-aesthetic-unit\/cosbell-body-wraps","title":{"rendered":"Cosbell Body Wraps"},"content":{"rendered":"<p>[et_pb_section][et_pb_row][et_pb_column type=&#8221;2_3&#8243;][et_pb_text admin_label=&#8221;Text&#8221; background_layout=&#8221;light&#8221; text_orientation=&#8221;left&#8221;]<img loading=\"lazy\" decoding=\"async\" class=\"aligncenter size-full wp-image-12947\" src=\"https:\/\/www.ilahy.es\/wp-content\/uploads\/2023\/03\/vendas-cosbell-ilahy-cab.jpg\" alt=\"vendas-cosbell-ilahy-cab\" width=\"700\" height=\"350\" srcset=\"https:\/\/www.ilahy.es\/wp-content\/uploads\/2023\/03\/vendas-cosbell-ilahy-cab.jpg 700w, https:\/\/www.ilahy.es\/wp-content\/uploads\/2023\/03\/vendas-cosbell-ilahy-cab-300x150.jpg 300w\" sizes=\"(max-width: 700px) 100vw, 700px\" \/><\/p>\n<h1>Cosbell Body Wraps<\/h1>\n<p><div class=\"breadcrumbs\"><\/div>[\/et_pb_text][et_pb_text admin_label=&#8221;Text&#8221; background_layout=&#8221;light&#8221; text_orientation=&#8221;left&#8221;]<\/p>\n<h3>What does the treatment involve?<\/h3>\n<p>This treatment uses body wraps soaked in powerful active substances. They are specifically designed to combat cellulite, fat deposits, fluid retention, and orange peel skin. Thanks to their high concentration of active ingredients, visible results can be achieved from the very first session.<\/p>\n<h3>What types of wraps are available?<\/h3>\n<p>Four types of wraps have been developed to address various body concerns:<\/p>\n<ul>\n<li><strong>ZeroCell.<\/strong> A combination of caffeine, guarana extract, and escin creates a powerful lipolytic effect that helps reduce cellulite and orange peel skin.<\/li>\n<li><strong>SalisDrain.<\/strong> The synergy between Dead Sea salts and lactic acid promotes drainage and reduces fluid retention.<\/li>\n<li><strong>AdipoTherm.<\/strong> Caffeine, centella asiatica, and the seaweed fucus vesiculosus work in synergy to improve the metabolic exchange in fat cells, thereby reducing fat and cellulite.<\/li>\n<li><strong>ToneActive.<\/strong> A powerful blend of active ingredients such as soy protein, menthol, caffeine, and ginseng extract, among others. This generates an intense cooling effect that firms tissues, improves circulation, and tones the skin.<\/li>\n<\/ul>\n<p>&nbsp;<\/p>\n<h3>How are the wraps applied?<\/h3>\n<p>The wraps are applied from the ankles to the abdomen, targeting problem areas to achieve excellent results in a clean and easy way. This method helps improve body contour by reducing excess fat and retained fluids, while also significantly improving the appearance of cellulite.<\/p>\n<p>[\/et_pb_text][\/et_pb_column][et_pb_column type=&#8221;1_3&#8243;][et_pb_sidebar admin_label=&#8221;Sidebar&#8221; orientation=&#8221;left&#8221; area=&#8221;sidebar-1&#8243; background_layout=&#8221;light&#8221; \/][\/et_pb_column][\/et_pb_row][\/et_pb_section]<\/p>\n","protected":false},"excerpt":{"rendered":"<p>Firms, Reduces, and Eliminates Cellulite<\/p>\n","protected":false},"author":1,"featured_media":12943,"parent":15022,"menu_order":30,"comment_status":"closed","ping_status":"closed","template":"","meta":{"_et_pb_use_builder":"on","_et_pb_old_content":"<p>[et_pb_section][et_pb_row][et_pb_column type=\"2_3\"][et_pb_text admin_label=\"Text\" background_layout=\"light\" text_orientation=\"left\"]<\/p><h1>Vendas Cosbell<\/h1><h3><img class=\"aligncenter size-full wp-image-12947\" src=\"https:\/\/www.ilahy.es\/wp-content\/uploads\/2023\/03\/vendas-cosbell-ilahy-cab.jpg\" alt=\"vendas-cosbell-ilahy-cab\" width=\"700\" height=\"350\" \/><\/h3><h3>\u00a0<\/h3><h3>\u00bfEn qu\u00e9 consiste el tratamiento?<\/h3><p>Se tratan de vendas corporales impregnadas en valiosas sustancias de activos . Han sido dise\u00f1adas para combatir la celulitis, la adiposidad, la retenci\u00f3n de l\u00edquidos y la piel de naranja . Gracias a su elevado porcentaje de activos conseguimos resultados visibles desde la primera sesi\u00f3n del tratamiento.<\/p><p>\u00a0<\/p><h3>\u00bfQu\u00e9 tipos de vendas existen?<\/h3><p>Se han desarrollado 4 tipos de vendas para solucionar diversos problemas corporales:<\/p><ul><li><strong>ZeroCell.<\/strong> La combinaci\u00f3n de cafe\u00edna, extracto de guaran\u00e1 y escina provoca un potente efecto de lip\u00f3lisis que permite reducir la celulitis y la piel de naranja.<\/li><li><strong>SalisDrain.<\/strong> La sinergia de las sales del mar muerto y el \u00e1cido l\u00e1ctico fomenta el drenaje y reduce la retenci\u00f3n de l\u00edquidos.<\/li><li><strong>AdipoTherm.<\/strong> La cafe\u00edna, la centella asi\u00e1tica y el alga marina fucus vesiculosus trabajando en sinergia mejoran los intercambios metabolicos de las c\u00e9lulas de grasa por lo que permite reducir la grasa y la celulitis.<\/li><li><strong>ToneActive.<\/strong> Un poderoso conjunto de ingredientes activos como la prote\u00edna de soja, mentol, cafe\u00edna y extracto de ginseng entre otros. Se genera un potente fr\u00edo que reafirma los tejidos, mejora la circulaci\u00f3n y tonifica la piel.<\/li><\/ul><p>\u00a0<\/p><h3>\u00bfC\u00f3mo se aplican las vendas?<\/h3><p>Las vendas se enrollan de tobillo a abdomen trabajando en las zonas problem\u00e1ticas y con ello se consigue de una forma f\u00e1cil y limpia excelentes resultados . Se logra mejorar la silueta corporal combatiendo los excesos de grasa y l\u00edquidos acumulados junto con un excelente resultado en celulitis.<\/p><p>[\/et_pb_text][\/et_pb_column][et_pb_column type=\"1_3\"][et_pb_sidebar admin_label=\"Sidebar\" orientation=\"left\" area=\"sidebar-1\" background_layout=\"light\" \/][\/et_pb_column][\/et_pb_row][\/et_pb_section]<\/p>","_et_gb_content_width":"","footnotes":""},"class_list":["post-15040","page","type-page","status-publish","has-post-thumbnail","hentry"],"_links":{"self":[{"href":"https:\/\/www.ilahy.es\/en\/wp-json\/wp\/v2\/pages\/15040","targetHints":{"allow":["GET"]}}],"collection":[{"href":"https:\/\/www.ilahy.es\/en\/wp-json\/wp\/v2\/pages"}],"about":[{"href":"https:\/\/www.ilahy.es\/en\/wp-json\/wp\/v2\/types\/page"}],"author":[{"embeddable":true,"href":"https:\/\/www.ilahy.es\/en\/wp-json\/wp\/v2\/users\/1"}],"replies":[{"embeddable":true,"href":"https:\/\/www.ilahy.es\/en\/wp-json\/wp\/v2\/comments?post=15040"}],"version-history":[{"count":1,"href":"https:\/\/www.ilahy.es\/en\/wp-json\/wp\/v2\/pages\/15040\/revisions"}],"predecessor-version":[{"id":15041,"href":"https:\/\/www.ilahy.es\/en\/wp-json\/wp\/v2\/pages\/15040\/revisions\/15041"}],"up":[{"embeddable":true,"href":"https:\/\/www.ilahy.es\/en\/wp-json\/wp\/v2\/pages\/15022"}],"wp:featuredmedia":[{"embeddable":true,"href":"https:\/\/www.ilahy.es\/en\/wp-json\/wp\/v2\/media\/12943"}],"wp:attachment":[{"href":"https:\/\/www.ilahy.es\/en\/wp-json\/wp\/v2\/media?parent=15040"}],"curies":[{"name":"wp","href":"https:\/\/api.w.org\/{rel}","templated":true}]}}