{"id":15032,"date":"2025-05-06T15:41:02","date_gmt":"2025-05-06T15:41:02","guid":{"rendered":"https:\/\/www.ilahy.es\/?page_id=15032"},"modified":"2025-05-06T15:49:19","modified_gmt":"2025-05-06T15:49:19","slug":"exilis-body-radiofrequency","status":"publish","type":"page","link":"https:\/\/www.ilahy.es\/en\/treatments\/advanced-aesthetic-unit\/exilis-body-radiofrequency","title":{"rendered":"Exilis Body Radiofrequency"},"content":{"rendered":"<p>[et_pb_section][et_pb_row][et_pb_column type=&#8221;2_3&#8243;][et_pb_text admin_label=&#8221;Text&#8221; background_layout=&#8221;light&#8221; text_orientation=&#8221;left&#8221;]<img loading=\"lazy\" decoding=\"async\" class=\"aligncenter wp-image-12974 size-full\" src=\"https:\/\/www.ilahy.es\/wp-content\/uploads\/2014\/08\/radiofrecuencia-exilis-cab.png\" alt=\"\" width=\"700\" height=\"350\" srcset=\"https:\/\/www.ilahy.es\/wp-content\/uploads\/2014\/08\/radiofrecuencia-exilis-cab.png 700w, https:\/\/www.ilahy.es\/wp-content\/uploads\/2014\/08\/radiofrecuencia-exilis-cab-300x150.png 300w\" sizes=\"(max-width: 700px) 100vw, 700px\" \/><\/p>\n<h1>Exilis Body Radiofrequency<\/h1>\n<p><div class=\"breadcrumbs\"><\/div>[\/et_pb_text][et_pb_text admin_label=&#8221;Text&#8221; background_layout=&#8221;light&#8221; text_orientation=&#8221;left&#8221;]<\/p>\n<p>It is a next-generation platform that, for the first time, combines monopolar radiofrequency with ultrasonic energy. This powerful synergy enables the reduction of localised fat, the correction of stretch marks, collagen stimulation, body contouring, and the treatment of facial wrinkles.<\/p>\n<p>The Exilis Body Treatment is indicated for the following areas:<\/p>\n<ul>\n<li>Abdominal skin laxity<\/li>\n<li>Localised fat on the abdomen and flanks<\/li>\n<li>Cellulite and fat on hips and buttocks<\/li>\n<li>Stretch marks<\/li>\n<li>Buttocks push-up effect<\/li>\n<li>Arms<\/li>\n<li>Hands<\/li>\n<\/ul>\n<h3>What are the benefits of this treatment?<\/h3>\n<p>The benefits of the EXILIS treatment include fat and cellulite reduction, improved skin appearance, increased elasticity and firmness, and enhanced body contouring.<\/p>\n<h3>How many sessions are needed?<\/h3>\n<p>The number of sessions required for optimal results varies depending on the individual case and the severity of the concern. In general, 4 to 6 sessions are recommended, spaced one to two weeks apart. Each session lasts around 30 to 60 minutes, depending on the areas being treated.<\/p>\n<h3>What does the treatment involve?<\/h3>\n<p>During the treatment, the patient lies on a treatment table and a conductive gel is applied to the targeted areas. The radiofrequency device is moved over the skin in circular motions and adjusted to the appropriate temperature to achieve the best results. The treatment is painless and requires no downtime, allowing the patient to return to their normal activities immediately after the session.<\/p>\n<p>[\/et_pb_text][\/et_pb_column][et_pb_column type=&#8221;1_3&#8243;][et_pb_sidebar admin_label=&#8221;Sidebar&#8221; orientation=&#8221;left&#8221; area=&#8221;sidebar-1&#8243; background_layout=&#8221;light&#8221; \/][\/et_pb_column][\/et_pb_row][\/et_pb_section]<\/p>\n","protected":false},"excerpt":{"rendered":"<p>Firms, stimulates collagen, and eliminates wrinkles.<\/p>\n","protected":false},"author":1,"featured_media":12991,"parent":15022,"menu_order":24,"comment_status":"closed","ping_status":"closed","template":"","meta":{"_et_pb_use_builder":"on","_et_pb_old_content":"[et_pb_section][et_pb_row][et_pb_column type=\"2_3\"][et_pb_text admin_label=\"Text\" background_layout=\"light\" text_orientation=\"left\"]\r\n\r\n<img class=\"aligncenter wp-image-12974 size-full\" src=\"https:\/\/www.ilahy.es\/wp-content\/uploads\/2014\/08\/radiofrecuencia-exilis-cab.png\" alt=\"\" width=\"700\" height=\"350\" \/>\r\n<h1>Radiofrecuencia - Exilis Corporal<\/h1>\r\n[breadcrumbs]\r\n\r\nSe trata de una plataforma de \u00faltima generaci\u00f3n que, por primera vez, une radiofrecuencia monopolar con energ\u00eda ultras\u00f3nica. Esa potente sinergia permite reducir la grasa de \u00e1reas localizadas, corregir estr\u00edas, estimular el col\u00e1geno, remodelar el cuerpo y tratar arrugas faciales.\r\n\r\nEl tratamiento Exilis Corporal est\u00e1 indicado para las siguientes zonas:\r\n<ul>\r\n\t<li>Flacidez abdomen<\/li>\r\n\t<li>Grasa localizada abdomen y flancos<\/li>\r\n\t<li>Celulitis y grasa en cartucheras y gl\u00fateos<\/li>\r\n\t<li>Estr\u00edas<\/li>\r\n\t<li>Efecto push up gl\u00fateos<\/li>\r\n\t<li>Brazos<\/li>\r\n\t<li>Manos<\/li>\r\n<\/ul>\r\n<h3>\u00bfQu\u00e9 beneficios tiene este tratamiento?<\/h3>\r\nLos beneficios del tratamiento EXILIS incluyen la reducci\u00f3n de la grasa y la celulitis, la mejora de la apariencia de la piel, el aumento de la elasticidad y la firmeza de la piel y la mejora del contorno corporal.\r\n<h3>\u00bfCu\u00e1ntas sesiones son necesarias?<\/h3>\r\nLa cantidad de sesiones necesarias para obtener resultados \u00f3ptimos var\u00eda seg\u00fan el caso individual y la gravedad del problema. En general, se recomiendan de 4 a 6 sesiones espaciadas de una a dos semanas. Las sesiones duran alrededor de 30 a 60 minutos, dependiendo de las \u00e1reas tratadas.\r\n<h3>\u00bfEn qu\u00e9 consiste el tratamiento?<\/h3>\r\nDurante el tratamiento, el paciente se acuesta en una camilla y se aplica un gel conductor en las \u00e1reas a tratar. El dispositivo de radiofrecuencia se mueve sobre la piel en movimientos circulares y se ajusta a la temperatura adecuada para lograr los mejores resultados. El tratamiento es indoloro y no requiere tiempo de recuperaci\u00f3n, por lo que el paciente puede volver a sus actividades normales inmediatamente despu\u00e9s de la sesi\u00f3n.\r\n\r\n[\/et_pb_text][\/et_pb_column][et_pb_column type=\"1_3\"][et_pb_sidebar admin_label=\"Sidebar\" orientation=\"left\" area=\"sidebar-1\" background_layout=\"light\" \/][\/et_pb_column][\/et_pb_row][\/et_pb_section]","_et_gb_content_width":"","footnotes":""},"class_list":["post-15032","page","type-page","status-publish","has-post-thumbnail","hentry"],"_links":{"self":[{"href":"https:\/\/www.ilahy.es\/en\/wp-json\/wp\/v2\/pages\/15032","targetHints":{"allow":["GET"]}}],"collection":[{"href":"https:\/\/www.ilahy.es\/en\/wp-json\/wp\/v2\/pages"}],"about":[{"href":"https:\/\/www.ilahy.es\/en\/wp-json\/wp\/v2\/types\/page"}],"author":[{"embeddable":true,"href":"https:\/\/www.ilahy.es\/en\/wp-json\/wp\/v2\/users\/1"}],"replies":[{"embeddable":true,"href":"https:\/\/www.ilahy.es\/en\/wp-json\/wp\/v2\/comments?post=15032"}],"version-history":[{"count":2,"href":"https:\/\/www.ilahy.es\/en\/wp-json\/wp\/v2\/pages\/15032\/revisions"}],"predecessor-version":[{"id":15034,"href":"https:\/\/www.ilahy.es\/en\/wp-json\/wp\/v2\/pages\/15032\/revisions\/15034"}],"up":[{"embeddable":true,"href":"https:\/\/www.ilahy.es\/en\/wp-json\/wp\/v2\/pages\/15022"}],"wp:featuredmedia":[{"embeddable":true,"href":"https:\/\/www.ilahy.es\/en\/wp-json\/wp\/v2\/media\/12991"}],"wp:attachment":[{"href":"https:\/\/www.ilahy.es\/en\/wp-json\/wp\/v2\/media?parent=15032"}],"curies":[{"name":"wp","href":"https:\/\/api.w.org\/{rel}","templated":true}]}}