{"id":15022,"date":"2025-05-06T15:18:48","date_gmt":"2025-05-06T15:18:48","guid":{"rendered":"https:\/\/www.ilahy.es\/?page_id=15022"},"modified":"2025-05-06T15:23:50","modified_gmt":"2025-05-06T15:23:50","slug":"advanced-aesthetic-unit","status":"publish","type":"page","link":"https:\/\/www.ilahy.es\/en\/treatments\/advanced-aesthetic-unit","title":{"rendered":"Advanced Aesthetic Unit"},"content":{"rendered":"<p>[et_pb_section background_color=&#8221;#ffffff&#8221; inner_shadow=&#8221;off&#8221; parallax=&#8221;off&#8221; parallax_method=&#8221;css&#8221; module_class=&#8221;tratamientos_grupo&#8221;][et_pb_row][et_pb_column type=&#8221;2_3&#8243;][et_pb_text admin_label=&#8221;Text&#8221; background_layout=&#8221;light&#8221; text_orientation=&#8221;left&#8221;]<\/p>\n<h1>Advanced Aesthetic Unit<\/h1>\n<p><div class=\"breadcrumbs\"><\/div>[\/et_pb_text][et_pb_text admin_label=&#8221;Text&#8221; background_layout=&#8221;light&#8221; text_orientation=&#8221;left&#8221;]At ilahy Clinics, we are constantly searching for new treatments and technologies to improve our services and offer our patients the most avant-garde and effective options. The Advanced Aesthetic Unit is born from research, the most innovative medical technology and the combination of the best techniques and aesthetic treatments without surgery. In addition, our treatments are completely personalised to meet the needs and desires of each of our patients. And all this, with the guarantee of IMED Hospitales<\/p>\n<ul>\n<li>1st consultation and free diagnosis.<\/li>\n<li>The most innovative treatments and equipment.<\/li>\n<li>IMED Hospitals Guarantee.<\/li>\n<\/ul>\n<p><h3 style=\"margin-top:40px;\"><strong>Oncological and Reconstructive Micropigmentation<\/strong><\/h3><div class=\"subpages\"><div class=\"et_pb_blurb et_pb_bg_layout_light et_pb_text_align_center et_pb_blurb_position_top\"><div class=\"et_pb_blurb_content\"><div class=\"et_pb_main_blurb_image\"><a href=\"https:\/\/www.ilahy.es\/en\/treatments\/advanced-aesthetic-unit\/oncological-and-reconstructive-micropigmentation-unitun\"><img loading=\"lazy\" decoding=\"async\" width=\"1844\" height=\"934\" src=\"https:\/\/www.ilahy.es\/wp-content\/uploads\/2026\/02\/oncological-and-reconstructive-micropigmentation-unit.jpg\" class=\"attachment-full size-full wp-post-image\" alt=\"Oncological and Reconstructive Micropigmentation Unit\" srcset=\"https:\/\/www.ilahy.es\/wp-content\/uploads\/2026\/02\/oncological-and-reconstructive-micropigmentation-unit.jpg 1844w, https:\/\/www.ilahy.es\/wp-content\/uploads\/2026\/02\/oncological-and-reconstructive-micropigmentation-unit-1280x648.jpg 1280w, https:\/\/www.ilahy.es\/wp-content\/uploads\/2026\/02\/oncological-and-reconstructive-micropigmentation-unit-980x496.jpg 980w, https:\/\/www.ilahy.es\/wp-content\/uploads\/2026\/02\/oncological-and-reconstructive-micropigmentation-unit-480x243.jpg 480w\" sizes=\"(min-width: 0px) and (max-width: 480px) 480px, (min-width: 481px) and (max-width: 980px) 980px, (min-width: 981px) and (max-width: 1280px) 1280px, (min-width: 1281px) 1844px, 100vw\" \/><\/a><\/div><h4><a href=\"https:\/\/www.ilahy.es\/en\/treatments\/advanced-aesthetic-unit\/oncological-and-reconstructive-micropigmentation-unitun\">Oncological and Reconstructive Micropigmentation Unit<\/a><\/h4><p>Regain your confidence<\/p><\/div><\/div><\/div><h3 style=\"margin-top:40px;\"><strong>Advanced Body Aesthetics<\/strong><\/h3><div class=\"subpages\"><div class=\"et_pb_blurb et_pb_bg_layout_light et_pb_text_align_center et_pb_blurb_position_top\"><div class=\"et_pb_blurb_content\"><div class=\"et_pb_main_blurb_image\"><a href=\"https:\/\/www.ilahy.es\/en\/treatments\/advanced-aesthetic-unit\/exilis-body-radiofrequency\"><img loading=\"lazy\" decoding=\"async\" width=\"300\" height=\"220\" src=\"https:\/\/www.ilahy.es\/wp-content\/uploads\/2023\/03\/exilis-corporal.jpg\" class=\"attachment-full size-full wp-post-image\" alt=\"exilis corporal radiofrecuencia\" srcset=\"https:\/\/www.ilahy.es\/wp-content\/uploads\/2023\/03\/exilis-corporal.jpg 300w, https:\/\/www.ilahy.es\/wp-content\/uploads\/2023\/03\/exilis-corporal-60x44.jpg 60w\" sizes=\"(max-width: 300px) 100vw, 300px\" \/><\/a><\/div><h4><a href=\"https:\/\/www.ilahy.es\/en\/treatments\/advanced-aesthetic-unit\/exilis-body-radiofrequency\">Exilis Body Radiofrequency<\/a><\/h4><p>Firms, stimulates collagen, and eliminates wrinkles.<\/p><\/div><\/div><div class=\"et_pb_blurb et_pb_bg_layout_light et_pb_text_align_center et_pb_blurb_position_top\"><div class=\"et_pb_blurb_content\"><div class=\"et_pb_main_blurb_image\"><a href=\"https:\/\/www.ilahy.es\/en\/treatments\/advanced-aesthetic-unit\/wood-therapy\"><img loading=\"lazy\" decoding=\"async\" width=\"300\" height=\"220\" src=\"https:\/\/www.ilahy.es\/wp-content\/uploads\/2023\/03\/maderoterapia-ilahy.jpg\" class=\"attachment-full size-full wp-post-image\" alt=\"maderoterapia\" srcset=\"https:\/\/www.ilahy.es\/wp-content\/uploads\/2023\/03\/maderoterapia-ilahy.jpg 300w, https:\/\/www.ilahy.es\/wp-content\/uploads\/2023\/03\/maderoterapia-ilahy-60x44.jpg 60w\" sizes=\"(max-width: 300px) 100vw, 300px\" \/><\/a><\/div><h4><a href=\"https:\/\/www.ilahy.es\/en\/treatments\/advanced-aesthetic-unit\/wood-therapy\">Wood therapy<\/a><\/h4><p>Stimulate your body and eliminate your excesses<\/p><\/div><\/div><div class=\"et_pb_blurb et_pb_bg_layout_light et_pb_text_align_center et_pb_blurb_position_top\"><div class=\"et_pb_blurb_content\"><div class=\"et_pb_main_blurb_image\"><a href=\"https:\/\/www.ilahy.es\/en\/treatments\/advanced-aesthetic-unit\/cryolipolysis\"><img loading=\"lazy\" decoding=\"async\" width=\"300\" height=\"220\" src=\"https:\/\/www.ilahy.es\/wp-content\/uploads\/2023\/11\/criolipolisis.png\" class=\"attachment-full size-full wp-post-image\" alt=\"criolipolisis\" srcset=\"https:\/\/www.ilahy.es\/wp-content\/uploads\/2023\/11\/criolipolisis.png 300w, https:\/\/www.ilahy.es\/wp-content\/uploads\/2023\/11\/criolipolisis-60x44.png 60w\" sizes=\"(max-width: 300px) 100vw, 300px\" \/><\/a><\/div><h4><a href=\"https:\/\/www.ilahy.es\/en\/treatments\/advanced-aesthetic-unit\/cryolipolysis\">Cryolipolysis<\/a><\/h4><p>Eliminate Localized Fat Without Surgery<\/p><\/div><\/div><div class=\"et_pb_blurb et_pb_bg_layout_light et_pb_text_align_center et_pb_blurb_position_top\"><div class=\"et_pb_blurb_content\"><div class=\"et_pb_main_blurb_image\"><a href=\"https:\/\/www.ilahy.es\/en\/treatments\/advanced-aesthetic-unit\/cosbell-body-wraps\"><img loading=\"lazy\" decoding=\"async\" width=\"300\" height=\"220\" src=\"https:\/\/www.ilahy.es\/wp-content\/uploads\/2023\/03\/vendas-cosbell.jpg\" class=\"attachment-full size-full wp-post-image\" alt=\"\" srcset=\"https:\/\/www.ilahy.es\/wp-content\/uploads\/2023\/03\/vendas-cosbell.jpg 300w, https:\/\/www.ilahy.es\/wp-content\/uploads\/2023\/03\/vendas-cosbell-60x44.jpg 60w\" sizes=\"(max-width: 300px) 100vw, 300px\" \/><\/a><\/div><h4><a href=\"https:\/\/www.ilahy.es\/en\/treatments\/advanced-aesthetic-unit\/cosbell-body-wraps\">Cosbell Body Wraps<\/a><\/h4><p>Firms, Reduces, and Eliminates Cellulite<\/p><\/div><\/div><\/div><h3  style=\"margin-top:40px;\"><strong>Advanced Facial Aesthetics<\/strong><\/h3><div class=\"subpages\"><div class=\"et_pb_blurb et_pb_bg_layout_light et_pb_text_align_center et_pb_blurb_position_top\"><div class=\"et_pb_blurb_content\"><div class=\"et_pb_main_blurb_image\"><a href=\"https:\/\/www.ilahy.es\/en\/treatments\/advanced-aesthetic-unit\/hydrafacial\"><img loading=\"lazy\" decoding=\"async\" width=\"300\" height=\"220\" src=\"https:\/\/www.ilahy.es\/wp-content\/uploads\/2023\/09\/hydrafacial.jpg\" class=\"attachment-full size-full wp-post-image\" alt=\"\" srcset=\"https:\/\/www.ilahy.es\/wp-content\/uploads\/2023\/09\/hydrafacial.jpg 300w, https:\/\/www.ilahy.es\/wp-content\/uploads\/2023\/09\/hydrafacial-60x44.jpg 60w\" sizes=\"(max-width: 300px) 100vw, 300px\" \/><\/a><\/div><h4><a href=\"https:\/\/www.ilahy.es\/en\/treatments\/advanced-aesthetic-unit\/hydrafacial\">Hydrafacial <\/a><\/h4><p>Achieve Radiant and Healthy Skin <\/p><\/div><\/div><\/div><\/div>[\/et_pb_text][\/et_pb_column][et_pb_column type=&#8221;1_3&#8243;][et_pb_sidebar admin_label=&#8221;Sidebar&#8221; orientation=&#8221;left&#8221; area=&#8221;sidebar-1&#8243; background_layout=&#8221;light&#8221; \/][\/et_pb_column][\/et_pb_row][\/et_pb_section]<\/p>\n","protected":false},"excerpt":{"rendered":"<p><div class=\"et_pb_row et_pb_row_0 et_pb_row_empty\">\n\t\t\t\t\n\t\t\t\t\n\t\t\t\t\n\t\t\t\t\n\t\t\t\t\n\t\t\t<\/div> Advanced Aesthetic Unit <div class=\"breadcrumbs\"><\/div>At ilahy Clinics, we are constantly searching for new treatments and technologies to improve our services and offer our patients the most avant-garde and effective options. The Advanced Aesthetic Unit is born from research, the most innovative medical technology and the combination of the best techniques and aesthetic treatments without surgery. [&hellip;]<\/p>\n","protected":false},"author":1,"featured_media":0,"parent":1135,"menu_order":53,"comment_status":"closed","ping_status":"closed","template":"","meta":{"_et_pb_use_builder":"on","_et_pb_old_content":"<p>[et_pb_section background_color=\"#ffffff\" inner_shadow=\"off\" parallax=\"off\" parallax_method=\"css\" module_class=\"tratamientos_grupo\"][et_pb_row][et_pb_column type=\"2_3\"][et_pb_text admin_label=\"Text\" background_layout=\"light\" text_orientation=\"left\"]<\/p><h1>Unidad de Est\u00e9tica Avanzada<\/h1><p>[breadcrumbs] En Cl\u00ednicas Ilahy, nos encontramos en la b\u00fasqueda continua de nuevos tratamientos y tecnolog\u00edas para mejorar nuestros servicios y ofrecer a nuestros pacientes las opciones m\u00e1s vanguardistas y efectivas. La Unidad de Est\u00e9tica Avanzada nace de la investigaci\u00f3n, la tecnolog\u00eda m\u00e9dica m\u00e1s innovadora y la combinaci\u00f3n de las mejores t\u00e9cnicas y tratamientos est\u00e9ticos sin cirug\u00eda. Adem\u00e1s, nuestros tratamientos son completamente personalizados para satisfacer las necesidades y deseos de cada uno de nuestros pacientes. Y todo ello, con la garant\u00eda de IMED Hospitales<\/p><ul><li>1\u00aa consulta y diagn\u00f3stico gratuito.<\/li><li>Tratamientos y aparatolog\u00eda m\u00e1s innovadora.<\/li><li>Garant\u00eda IMED Hospitales.<\/li><\/ul><p>[subpages2]<\/p><p>[\/et_pb_text][\/et_pb_column][et_pb_column type=\"1_3\"][et_pb_sidebar admin_label=\"Sidebar\" orientation=\"left\" area=\"sidebar-1\" background_layout=\"light\" \/][\/et_pb_column][\/et_pb_row][\/et_pb_section]<\/p>","_et_gb_content_width":"","footnotes":""},"class_list":["post-15022","page","type-page","status-publish","hentry"],"_links":{"self":[{"href":"https:\/\/www.ilahy.es\/en\/wp-json\/wp\/v2\/pages\/15022","targetHints":{"allow":["GET"]}}],"collection":[{"href":"https:\/\/www.ilahy.es\/en\/wp-json\/wp\/v2\/pages"}],"about":[{"href":"https:\/\/www.ilahy.es\/en\/wp-json\/wp\/v2\/types\/page"}],"author":[{"embeddable":true,"href":"https:\/\/www.ilahy.es\/en\/wp-json\/wp\/v2\/users\/1"}],"replies":[{"embeddable":true,"href":"https:\/\/www.ilahy.es\/en\/wp-json\/wp\/v2\/comments?post=15022"}],"version-history":[{"count":3,"href":"https:\/\/www.ilahy.es\/en\/wp-json\/wp\/v2\/pages\/15022\/revisions"}],"predecessor-version":[{"id":15031,"href":"https:\/\/www.ilahy.es\/en\/wp-json\/wp\/v2\/pages\/15022\/revisions\/15031"}],"up":[{"embeddable":true,"href":"https:\/\/www.ilahy.es\/en\/wp-json\/wp\/v2\/pages\/1135"}],"wp:attachment":[{"href":"https:\/\/www.ilahy.es\/en\/wp-json\/wp\/v2\/media?parent=15022"}],"curies":[{"name":"wp","href":"https:\/\/api.w.org\/{rel}","templated":true}]}}