{"id":14626,"date":"2025-01-09T14:15:53","date_gmt":"2025-01-09T14:15:53","guid":{"rendered":"https:\/\/www.ilahy.es\/?page_id=14626"},"modified":"2025-02-10T14:08:05","modified_gmt":"2025-02-10T14:08:05","slug":"ilahy-colon","status":"publish","type":"page","link":"https:\/\/www.ilahy.es\/en\/aesthetic-clinics\/ilahy-colon","title":{"rendered":"ilahy Col\u00f3n"},"content":{"rendered":"<p>[et_pb_section][et_pb_row][et_pb_column type=&#8221;4_4&#8243;][et_pb_text admin_label=&#8221;Text&#8221; background_layout=&#8221;light&#8221; text_orientation=&#8221;left&#8221;]<\/p>\n<h1>ilahy Col\u00f3n:\u00a0Aesthetic Medicine and Surgery in the centre of Valencia<\/h1>\n<p><div class=\"breadcrumbs\"><\/div>[\/et_pb_text][et_pb_image admin_label=&#8221;Image&#8221; src=&#8221;https:\/\/www.ilahy.es\/wp-content\/uploads\/2025\/01\/ilahy-colon.jpg&#8221; alt=&#8221;ilahy valencia col\u00f3n&#8221; show_in_lightbox=&#8221;off&#8221; url_new_window=&#8221;off&#8221; animation=&#8221;off&#8221; \/][et_pb_text admin_label=&#8221;Intro&#8221; background_layout=&#8221;light&#8221; text_orientation=&#8221;left&#8221;]<\/p>\n<p>New ilahy facilities in the centre of Valencia, at 12 Isabel La Cat\u00f3lica street, within the IMED Col\u00f3n hospital.<\/p>\n<p>ilahy is the advanced aesthetic medicine and surgery clinic of IMED Hospitales. It is dedicated to offering comprehensive solutions for the wellbeing and aesthetics of its patients. With a wide range of specialised units, it addresses every aesthetic need with a medical and personalised approach, always guaranteeing the health and safety of patients.<\/p>\n<p>The first consultation is free of charge.<\/p>\n<p>[\/et_pb_text][et_pb_text admin_label=&#8221;datos contacto&#8221; background_layout=&#8221;light&#8221; text_orientation=&#8221;left&#8221;]<\/p>\n<div class=\"clinicabox clinicabox-center\">\n<div class=\"imgclinica\"><img decoding=\"async\" class=\"alignleft size-full wp-image-527\" src=\"https:\/\/www.ilahy.es\/wp-content\/uploads\/2017\/02\/logo-imed_valencia.png\" alt=\"logo imed_valencia\" width=\"134\" height=\"auto\" \/><\/div>\n<div class=\"txtclinica\">\n<p class=\"m-0\" style=\"text-align: left;\"><strong><a href=\"tel:963 014 535\">Tel. 963 014 535<\/a><\/strong><\/p>\n<p class=\"m-0\" style=\"text-align: left;\"><strong><a title=\"Llamar a ilahy Col\u00f3n\" href=\"https:\/\/api.whatsapp.com\/send?phone=34689982501&amp;text=Hola!&amp;&amp;\" target=\"_blank\"><i class=\"fa fa-whatsapp\"><\/i> 682 85 65 71<\/a><\/strong><\/p>\n<p class=\"m-0\" style=\"text-align: left;\">Carrer d&#8217;Isabel la Cat\u00f2lica, 12, L&#8217;Eixample, 46004 Valencia<\/p>\n<\/div>\n<\/div>\n<p>[\/et_pb_text][et_pb_text admin_label=&#8221;bot\u00f3n&#8221; background_layout=&#8221;light&#8221; text_orientation=&#8221;left&#8221;]<\/p>\n<p style=\"text-align: center;\"><a class=\"ilahy_button\" href=\"#formulario\">Request a Free Appointment<\/a><\/p>\n<p>\u00a0[\/et_pb_text][\/et_pb_column][\/et_pb_row][\/et_pb_section][et_pb_section fullwidth=&#8221;off&#8221; specialty=&#8221;off&#8221;][et_pb_row][et_pb_column type=&#8221;2_3&#8243;][et_pb_text admin_label=&#8221;llegar&#8221; background_layout=&#8221;light&#8221; text_orientation=&#8221;left&#8221;]<\/p>\n<h3>Getting to IMED Col\u00f3n<\/h3>\n<p>&nbsp;<\/p>\n<p>[\/et_pb_text][et_pb_text admin_label=&#8221;mapa&#8221; background_layout=&#8221;light&#8221; text_orientation=&#8221;left&#8221;]<\/p>\n<p><iframe loading=\"lazy\" style=\"border: 0;\" src=\"https:\/\/www.google.com\/maps\/embed?pb=!1m18!1m12!1m3!1d3080.0310248750257!2d-0.37298092452035403!3d39.46862781279849!2m3!1f0!2f0!3f0!3m2!1i1024!2i768!4f13.1!3m3!1m2!1s0xd60497899c00653%3A0xbe3eb831ec02210b!2sHospital%20IMED%20Col%C3%B3n!5e0!3m2!1ses!2ses!4v1736259951926!5m2!1ses!2ses\" width=\"100%\" height=\"500\" frameborder=\"0\" allowfullscreen=\"allowfullscreen\"><\/iframe><\/p>\n<p>[\/et_pb_text][\/et_pb_column][et_pb_column type=&#8221;1_3&#8243;][et_pb_text admin_label=&#8221;formulario&#8221; background_layout=&#8221;light&#8221; text_orientation=&#8221;left&#8221; module_id=&#8221;formulario&#8221;]\n<div class=\"wpcf7 no-js\" id=\"wpcf7-f1485-o1\" lang=\"en-US\" dir=\"ltr\" data-wpcf7-id=\"1485\">\n<div class=\"screen-reader-response\"><p role=\"status\" aria-live=\"polite\" aria-atomic=\"true\"><\/p> <ul><\/ul><\/div>\n<form action=\"\/en\/wp-json\/wp\/v2\/pages\/14626#wpcf7-f1485-o1\" method=\"post\" class=\"wpcf7-form init\" aria-label=\"Contact form\" novalidate=\"novalidate\" data-status=\"init\">\n<fieldset class=\"hidden-fields-container\"><input type=\"hidden\" name=\"_wpcf7\" value=\"1485\" \/><input type=\"hidden\" name=\"_wpcf7_version\" value=\"6.1.5\" \/><input type=\"hidden\" name=\"_wpcf7_locale\" value=\"en_US\" \/><input type=\"hidden\" name=\"_wpcf7_unit_tag\" value=\"wpcf7-f1485-o1\" \/><input type=\"hidden\" name=\"_wpcf7_container_post\" value=\"0\" \/><input type=\"hidden\" name=\"_wpcf7_posted_data_hash\" value=\"\" \/>\n<\/fieldset>\n<div class=\"row form-header\">\n\t<h2>Make an appointment now\n\t<\/h2>\n\t<p>Diagnostic consultation and guidance for <strong>free<\/strong>.\n\t<\/p>\n\t<p>Ask us <strong>without obligation<\/strong>.\n\t<\/p>\n\t<p class=\"decorative\">&nbsp;\n\t<\/p>\n<\/div>\n<div class=\"form-panel\">\n\t<div class=\"row\">\n\t\t<p><span class=\"wpcf7-form-control-wrap\" data-name=\"cita-nombre\"><input size=\"40\" maxlength=\"400\" class=\"wpcf7-form-control wpcf7-text wpcf7-validates-as-required\" aria-required=\"true\" aria-invalid=\"false\" placeholder=\"Name (*)\" value=\"\" type=\"text\" name=\"cita-nombre\" \/><\/span>\n\t\t<\/p>\n\t<\/div>\n\t<div class=\"row\">\n\t\t<p><span class=\"wpcf7-form-control-wrap\" data-name=\"cita-email\"><input size=\"40\" maxlength=\"400\" class=\"wpcf7-form-control wpcf7-text wpcf7-validates-as-required\" aria-required=\"true\" aria-invalid=\"false\" placeholder=\"Email (*)\" value=\"\" type=\"text\" name=\"cita-email\" \/><\/span>\n\t\t<\/p>\n\t<\/div>\n\t<div class=\"row\">\n\t\t<p><span class=\"wpcf7-form-control-wrap\" data-name=\"cita-telefono\"><input size=\"40\" maxlength=\"400\" class=\"wpcf7-form-control wpcf7-text wpcf7-validates-as-required\" aria-required=\"true\" aria-invalid=\"false\" placeholder=\"Telephone (*)\" value=\"\" type=\"text\" name=\"cita-telefono\" \/><\/span>\n\t\t<\/p>\n\t<\/div>\n\t<div class=\"row\">\n\t\t<p><span class=\"wpcf7-form-control-wrap\" data-name=\"cita-lugar\"><select class=\"wpcf7-form-control wpcf7-select wpcf7-validates-as-required\" aria-required=\"true\" aria-invalid=\"false\" name=\"cita-lugar\"><option value=\"\">&#8212;Please choose an option&#8212;<\/option><option value=\"- Benidorm\">- Benidorm<\/option><option value=\"- Elche\">- Elche<\/option><option value=\"- Torrevieja\">- Torrevieja<\/option><option value=\"- Valencia Burjassot\">- Valencia Burjassot<\/option><option value=\"- Valencia Centro\">- Valencia Centro<\/option><option value=\"- Gandia\">- Gandia<\/option><option value=\"- Alcoy\">- Alcoy<\/option><\/select><\/span>\n\t\t<\/p>\n\t<\/div>\n\t<div class=\"row\">\n\t\t<p><span class=\"wpcf7-form-control-wrap\" data-name=\"cita-horario\"><select class=\"wpcf7-form-control wpcf7-select wpcf7-validates-as-required\" aria-required=\"true\" aria-invalid=\"false\" name=\"cita-horario\"><option value=\"\">&#8212;Please choose an option&#8212;<\/option><option value=\"- From 9:00 to 14:00\">- From 9:00 to 14:00<\/option><option value=\"- From 14:00 to 16:00\">- From 14:00 to 16:00<\/option><option value=\"- From 16:00 to 21:00\">- From 16:00 to 21:00<\/option><\/select><\/span>\n\t\t<\/p>\n\t<\/div>\n\t<div class=\"row\">\n\t\t<p><span class=\"wpcf7-form-control-wrap\" data-name=\"cita-comentarios\"><textarea cols=\"40\" rows=\"10\" maxlength=\"2000\" class=\"wpcf7-form-control wpcf7-textarea\" aria-invalid=\"false\" placeholder=\"Which treatment are you interested in?\" name=\"cita-comentarios\"><\/textarea><\/span>\n\t\t<\/p>\n\t<\/div>\n\t<div class=\"row\">\n\t\t<p><span class=\"wpcf7-form-control-wrap\" data-name=\"cita-publicidad\"><span class=\"wpcf7-form-control wpcf7-checkbox\"><span class=\"wpcf7-list-item first last\"><label><input type=\"checkbox\" name=\"cita-publicidad[]\" value=\"I want to receive offers and news\" \/><span class=\"wpcf7-list-item-label\">I want to receive offers and news<\/span><\/label><\/span><\/span><\/span><br \/>\n<span class=\"wpcf7-form-control-wrap\" data-name=\"cita-accept\"><span class=\"wpcf7-form-control wpcf7-acceptance\"><span class=\"wpcf7-list-item\"><input type=\"checkbox\" name=\"cita-accept\" value=\"1\" id=\"cita-accept\" aria-invalid=\"false\" \/><\/span><\/span><\/span><label for=\"cita-accept\">I have read and accept the <a href=\"https:\/\/www.ilahy.es\/aviso-legal\"  target=\"_blank\">legal terms<\/a> and the conditions about <a href=\"https:\/\/www.ilahy.es\/proteccion-datos\" target=\"_blank\">data protection<\/a><\/label>\n\t\t<\/p>\n\t<\/div>\n\t<div class=\"row\">\n\t\t<p><input class=\"wpcf7-form-control wpcf7-submit has-spinner\" type=\"submit\" value=\"Send Request\" \/>\n\t\t<\/p>\n\t\t<div class=\"legal_info\">\n\t\t\t<p><small style=\"font-size:10px; line-height:16px\"><\/small>\n\t\t\t<\/p>\n\t\t<\/div>\n\t<\/div>\n<\/div><div class=\"wpcf7-response-output\" aria-hidden=\"true\"><\/div>\n<\/form>\n<\/div>\n[\/et_pb_text][\/et_pb_column][\/et_pb_row][\/et_pb_section]<\/p>\n","protected":false},"excerpt":{"rendered":"<p><div class=\"et_pb_section et_pb_section_0 et_section_regular\" >\n\t\t\t\t\n\t\t\t\t\n\t\t\t\t\n\t\t\t\t\n\t\t\t\t\n\t\t\t\t\n\t\t\t\t\n\t\t\t\t\n\t\t\t\t\n\t\t\t<\/div><div class=\"et_pb_row et_pb_row_0 et_pb_row_empty\">\n\t\t\t\t\n\t\t\t\t\n\t\t\t\t\n\t\t\t\t\n\t\t\t\t\n\t\t\t<\/div> ilahy Col\u00f3n:\u00a0Aesthetic Medicine and Surgery in the centre of Valencia <div class=\"breadcrumbs\"><\/div> New ilahy facilities in the centre of Valencia, at 12 Isabel La Cat\u00f3lica street, within the IMED Col\u00f3n hospital. ilahy is the advanced aesthetic medicine and surgery clinic of IMED Hospitales. It is dedicated to offering comprehensive solutions for the wellbeing and aesthetics [&hellip;]<\/p>\n","protected":false},"author":1,"featured_media":0,"parent":1157,"menu_order":552,"comment_status":"closed","ping_status":"closed","template":"","meta":{"_et_pb_use_builder":"on","_et_pb_old_content":"<p>[et_pb_section][et_pb_row][et_pb_column type=\"4_4\"][et_pb_text admin_label=\"Text\" background_layout=\"light\" text_orientation=\"left\"]<\/p><h1>ilahy Col\u00f3n: Medicina y Cirug\u00eda Est\u00e9tica en el centro de Valencia<\/h1><p>[breadcrumbs][\/et_pb_text][et_pb_image admin_label=\"Image\" src=\"https:\/\/www.ilahy.es\/wp-content\/uploads\/2025\/01\/ilahy-colon.jpg\" alt=\"ilahy valencia col\u00f3n\" show_in_lightbox=\"off\" url_new_window=\"off\" animation=\"off\" \/][et_pb_text admin_label=\"Intro\" background_layout=\"light\" text_orientation=\"left\"]<\/p><p class=\"x_MsoNormal\">Nuevas instalaciones de ilahy en el centro de Valencia, en la calle Isabel La Cat\u00f3lica n\u00ba 12, dentro del hospital IMED Col\u00f3n.<\/p><p class=\"x_MsoNormal\">ilahy es la cl\u00ednica de medicina y cirug\u00eda est\u00e9tica avanzada de IMED Hospitales. Se dedica a ofrecer soluciones integrales para el bienestar y la est\u00e9tica de sus pacientes. Con una amplia gama de unidades especializadas, aborda cada necesidad est\u00e9tica con un enfoque m\u00e9dico y personalizado, garantizando siempre la salud y seguridad de los pacientes.<\/p><p class=\"x_MsoNormal\">La primera consulta es gratuita.<\/p><p>[\/et_pb_text][et_pb_text admin_label=\"datos contacto\" background_layout=\"light\" text_orientation=\"left\"]<\/p><div class=\"clinicabox clinicabox-center\"><div class=\"imgclinica\"><img class=\"alignleft size-full wp-image-527\" src=\"https:\/\/www.ilahy.es\/wp-content\/uploads\/2017\/02\/logo-imed_valencia.png\" alt=\"logo imed_valencia\" width=\"134\" height=\"auto\" \/><\/div><div class=\"txtclinica\"><p class=\"m-0\" style=\"text-align: left;\"><strong><a href=\"tel:689 982 501\">Tel. 689 982 501<\/a><\/strong><\/p><p class=\"m-0\" style=\"text-align: left;\"><strong><a title=\"Llamar a ilahy Col\u00f3n\" href=\"https:\/\/api.whatsapp.com\/send?phone=34689982501&text=Hola!&&\" target=\"_blank\"><i class=\"fa fa-whatsapp\"><\/i> 689 982 501<\/a><\/strong><\/p><p class=\"m-0\" style=\"text-align: left;\">Carrer d'Isabel la Cat\u00f2lica, 12, L'Eixample, 46004 Valencia<\/p><\/div><\/div><p>[\/et_pb_text][et_pb_text admin_label=\"bot\u00f3n\" background_layout=\"light\" text_orientation=\"left\"]<\/p><p style=\"text-align: center;\"><a class=\"ilahy_button\" href=\"#formulario\">Solicitar Cita Gratuita<\/a><\/p><p>[\/et_pb_text][\/et_pb_column][\/et_pb_row][\/et_pb_section][et_pb_section fullwidth=\"off\" specialty=\"off\"][et_pb_row][et_pb_column type=\"2_3\"][et_pb_text admin_label=\"llegar\" background_layout=\"light\" text_orientation=\"left\"]<\/p><h3>C\u00f3mo llegar a IMED Col\u00f3n<\/h3><p>[\/et_pb_text][et_pb_text admin_label=\"mapa\" background_layout=\"light\" text_orientation=\"left\"]<\/p><p><iframe style=\"border: 0;\" src=\"https:\/\/www.google.com\/maps\/embed?pb=!1m18!1m12!1m3!1d3080.0310248750257!2d-0.37298092452035403!3d39.46862781279849!2m3!1f0!2f0!3f0!3m2!1i1024!2i768!4f13.1!3m3!1m2!1s0xd60497899c00653%3A0xbe3eb831ec02210b!2sHospital%20IMED%20Col%C3%B3n!5e0!3m2!1ses!2ses!4v1736259951926!5m2!1ses!2ses\" width=\"100%\" height=\"500\" frameborder=\"0\" allowfullscreen=\"allowfullscreen\"><\/iframe><\/p><p>[\/et_pb_text][\/et_pb_column][et_pb_column type=\"1_3\"][et_pb_text admin_label=\"formulario\" background_layout=\"light\" text_orientation=\"left\" module_id=\"formulario\"][pidecita_form][\/et_pb_text][\/et_pb_column][\/et_pb_row][\/et_pb_section]<\/p>","_et_gb_content_width":"","footnotes":""},"class_list":["post-14626","page","type-page","status-publish","hentry"],"_links":{"self":[{"href":"https:\/\/www.ilahy.es\/en\/wp-json\/wp\/v2\/pages\/14626","targetHints":{"allow":["GET"]}}],"collection":[{"href":"https:\/\/www.ilahy.es\/en\/wp-json\/wp\/v2\/pages"}],"about":[{"href":"https:\/\/www.ilahy.es\/en\/wp-json\/wp\/v2\/types\/page"}],"author":[{"embeddable":true,"href":"https:\/\/www.ilahy.es\/en\/wp-json\/wp\/v2\/users\/1"}],"replies":[{"embeddable":true,"href":"https:\/\/www.ilahy.es\/en\/wp-json\/wp\/v2\/comments?post=14626"}],"version-history":[{"count":3,"href":"https:\/\/www.ilahy.es\/en\/wp-json\/wp\/v2\/pages\/14626\/revisions"}],"predecessor-version":[{"id":14730,"href":"https:\/\/www.ilahy.es\/en\/wp-json\/wp\/v2\/pages\/14626\/revisions\/14730"}],"up":[{"embeddable":true,"href":"https:\/\/www.ilahy.es\/en\/wp-json\/wp\/v2\/pages\/1157"}],"wp:attachment":[{"href":"https:\/\/www.ilahy.es\/en\/wp-json\/wp\/v2\/media?parent=14626"}],"curies":[{"name":"wp","href":"https:\/\/api.w.org\/{rel}","templated":true}]}}