{"id":1419,"date":"2014-10-16T14:24:44","date_gmt":"2014-10-16T14:24:44","guid":{"rendered":"https:\/\/www.ilahy.es\/?page_id=1419"},"modified":"2026-03-30T08:36:51","modified_gmt":"2026-03-30T08:36:51","slug":"gastric-balloon-price","status":"publish","type":"page","link":"https:\/\/www.ilahy.es\/en\/promotions\/gastric-balloon-price","title":{"rendered":"Gastric Balloon 12 months"},"content":{"rendered":"<p>[et_pb_section fb_built=&#8221;1&#8243; _builder_version=&#8221;4.16&#8243; global_colors_info=&#8221;{}&#8221;][et_pb_row column_structure=&#8221;2_3,1_3&#8243; _builder_version=&#8221;4.16&#8243; background_size=&#8221;initial&#8221; background_position=&#8221;top_left&#8221; background_repeat=&#8221;repeat&#8221; global_colors_info=&#8221;{}&#8221;][et_pb_column type=&#8221;2_3&#8243; _builder_version=&#8221;4.16&#8243; custom_padding=&#8221;|||&#8221; global_colors_info=&#8221;{}&#8221; custom_padding__hover=&#8221;|||&#8221;][et_pb_text admin_label=&#8221;Text&#8221; _builder_version=&#8221;4.27.4&#8243; background_size=&#8221;initial&#8221; background_position=&#8221;top_left&#8221; background_repeat=&#8221;repeat&#8221; hover_enabled=&#8221;0&#8243; global_colors_info=&#8221;{}&#8221; sticky_enabled=&#8221;0&#8243;]<\/p>\n<h1>Gastric Balloon\u00a012 months<\/h1>\n<p><div class=\"breadcrumbs\"><\/div><div class=\"promociones clearfix\"><div class=\"et_pb_blurb et_pb_bg_layout_light et_pb_text_align_center et_pb_blurb_position_top promocion promocionNewInd\"><div class=\"novedades\"><div class=\"imgnovedadesN  \"><img loading=\"lazy\" decoding=\"async\" width=\"700\" height=\"350\" src=\"https:\/\/www.ilahy.es\/wp-content\/promos\/novedades\/big.jpg\" class=\"attachment-full wp-post-image\" alt=\"12-month Gastric Balloon\"><\/div><div class=\"et_pb_main_blurb_box\"><h2>12-month Gastric Balloon<\/h2><h3>Lose weight from the moment it's placed<\/h3><p class=\"precioPro\">from <span>\u20ac85<\/span> per month<\/p><\/div><\/div><\/div><\/div><\/p>\n<p><em>* Financing for 60 months, with 18% opening costs. Promotion valid until 30\/04\/2026. Consult conditions in your clinic.<\/em><\/p>\n<p>[\/et_pb_text][et_pb_text admin_label=&#8221;Text&#8221; _builder_version=&#8221;4.16&#8243; background_size=&#8221;initial&#8221; background_position=&#8221;top_left&#8221; background_repeat=&#8221;repeat&#8221; global_colors_info=&#8221;{}&#8221;]<\/p>\n<p style=\"text-align: left;\">Have you tried all kinds of diets to lose weight and have not been successful? If this is your can then you may need to lose weight through an intragastric balloon. This is a small sphere of silicone which is introduced into the stomach, and is left in the stomach for\u00a012 months occupying volume.<\/p>\n<p style=\"text-align: left;\">This will produce a decrease in hunger and a feeling of satiety. It makes it manageable to lose weight and it is easier to follow a healthier diet and exercise.<\/p>\n<h2>Price of a gastric balloon<\/h2>\n<p style=\"text-align: left;\">The ILAHY obesity unit at IMED Hospitals, has a team of surgeons, endoscopists, psychologists, endocrinologists, nutritionists, anesthesiologists, aesthetic doctors and plastic surgeons to assist you throughout the process. <span class=\"price\">A full intragastric ball treatment has a price from \u20ac 89 at month.<\/span><\/p>\n<p>[\/et_pb_text][\/et_pb_column][et_pb_column type=&#8221;1_3&#8243; _builder_version=&#8221;4.16&#8243; custom_padding=&#8221;|||&#8221; global_colors_info=&#8221;{}&#8221; custom_padding__hover=&#8221;|||&#8221;][et_pb_sidebar area=&#8221;sidebar-1&#8243; admin_label=&#8221;Sidebar&#8221; _builder_version=&#8221;4.16&#8243; global_colors_info=&#8221;{}&#8221;][\/et_pb_sidebar][\/et_pb_column][\/et_pb_row][\/et_pb_section]<\/p>\n","protected":false},"excerpt":{"rendered":"<p>Gastric Balloon\u00a012 months <div class=\"breadcrumbs\"><\/div><div class=\"promociones clearfix\"><div class=\"et_pb_blurb et_pb_bg_layout_light et_pb_text_align_center et_pb_blurb_position_top promocion promocionNewInd\"><div class=\"novedades\"><div class=\"imgnovedadesN  \"><img loading=\"lazy\" decoding=\"async\" width=\"700\" height=\"350\" src=\"https:\/\/www.ilahy.es\/wp-content\/promos\/novedades\/big.jpg\" class=\"attachment-full wp-post-image\" alt=\"12-month Gastric Balloon\"><\/div><div class=\"et_pb_main_blurb_box\"><h2>12-month Gastric Balloon<\/h2><h3>Lose weight from the moment it's placed<\/h3><p class=\"precioPro\">from <span>\u20ac85<\/span> per month<\/p><\/div><\/div><\/div><\/div> * Financing for 60 months, with 18% opening costs. Promotion valid until 30\/04\/2026. Consult conditions in your clinic.Have you tried all kinds of diets to lose weight and have not been successful? If this is your can then you may need to lose weight through an intragastric balloon. This is [&hellip;]<\/p>\n","protected":false},"author":1,"featured_media":14920,"parent":1173,"menu_order":240,"comment_status":"closed","ping_status":"closed","template":"","meta":{"_et_pb_use_builder":"on","_et_pb_old_content":"<p>[et_pb_section][et_pb_row][et_pb_column type=\"2_3\"][et_pb_text admin_label=\"Text\" background_layout=\"light\" text_orientation=\"left\"]<\/p><h1>Pierde peso con el Bal\u00f3n Intrag\u00e1strico<\/h1><p>[breadcrumbs]<\/p><p>Pierde peso con la ayuda del <strong>bal\u00f3n intrag\u00e1strico<\/strong>. Una intervenci\u00f3n c\u00f3moda y\u00a0segura para\u00a0perder peso.<\/p><p><img class=\"alignnone wp-image-1242 size-full\" src=\"https:\/\/www.ilahy.es\/wp-content\/uploads\/2014\/08\/promocion-balon-intragastrico1.jpg\" alt=\"bal\u00f3n intrag\u00e1strico oferta\" width=\"700\" height=\"350\" \/><\/p><p>\u00bfHas probado todo tipo de dietas para adelgazar y no has tenido \u00e9xito? Es posible que necesites <strong>perder peso mediante un bal\u00f3n intrag\u00e1strico<\/strong>.<\/p><p>Se trata de una peque\u00f1a esfera de silicona que se introduce en el est\u00f3mago, y permanecer\u00e1 durante 6 meses ocupando un volumen en el est\u00f3mago. De esta forma se\u00a0produce una disminuci\u00f3n de la sensaci\u00f3n de hambre y la aparici\u00f3n de saciedad al comer. Logramos perder peso y es m\u00e1s sencillo seguir una dieta adecuada y cambiar h\u00e1bitos alimenticios.<\/p><h2>Precio de un bal\u00f3n intrag\u00e1strico<\/h2><p>ilahy, a trav\u00e9s de la unidad integral de la obesidad de IMED Hospitales, dispone de un equipo de\u00a0cirujanos, endoscopistas, psic\u00f3logos, endocrinos, nutricionistas, anestesistas, m\u00e9dicos est\u00e9ticos y cirujanos pl\u00e1sticos para asistirte durante todo el proceso.<\/p><p>Un completo <strong>tratamiento de bal\u00f3n intrag\u00e1strico<\/strong> a un <span class=\"price\">precio de 3.450\u20ac<\/span>.<\/p><p>Solicita ya el tratamiento a trav\u00e9s de nuestro formulario web especificando el c\u00f3digo de descuento VER_BIG2014\u00a0y conseguir\u00e1s esta magn\u00edfica oferta.<\/p><p>[\/et_pb_text][\/et_pb_column][et_pb_column type=\"1_3\"][et_pb_sidebar admin_label=\"Sidebar\" orientation=\"left\" area=\"sidebar-1\" background_layout=\"light\" \/][\/et_pb_column][\/et_pb_row][\/et_pb_section]<\/p>","_et_gb_content_width":"","footnotes":""},"class_list":["post-1419","page","type-page","status-publish","has-post-thumbnail","hentry"],"_links":{"self":[{"href":"https:\/\/www.ilahy.es\/en\/wp-json\/wp\/v2\/pages\/1419","targetHints":{"allow":["GET"]}}],"collection":[{"href":"https:\/\/www.ilahy.es\/en\/wp-json\/wp\/v2\/pages"}],"about":[{"href":"https:\/\/www.ilahy.es\/en\/wp-json\/wp\/v2\/types\/page"}],"author":[{"embeddable":true,"href":"https:\/\/www.ilahy.es\/en\/wp-json\/wp\/v2\/users\/1"}],"replies":[{"embeddable":true,"href":"https:\/\/www.ilahy.es\/en\/wp-json\/wp\/v2\/comments?post=1419"}],"version-history":[{"count":45,"href":"https:\/\/www.ilahy.es\/en\/wp-json\/wp\/v2\/pages\/1419\/revisions"}],"predecessor-version":[{"id":16542,"href":"https:\/\/www.ilahy.es\/en\/wp-json\/wp\/v2\/pages\/1419\/revisions\/16542"}],"up":[{"embeddable":true,"href":"https:\/\/www.ilahy.es\/en\/wp-json\/wp\/v2\/pages\/1173"}],"wp:featuredmedia":[{"embeddable":true,"href":"https:\/\/www.ilahy.es\/en\/wp-json\/wp\/v2\/media\/14920"}],"wp:attachment":[{"href":"https:\/\/www.ilahy.es\/en\/wp-json\/wp\/v2\/media?parent=1419"}],"curies":[{"name":"wp","href":"https:\/\/api.w.org\/{rel}","templated":true}]}}