{"id":1399,"date":"2014-10-16T13:46:21","date_gmt":"2014-10-16T13:46:21","guid":{"rendered":"https:\/\/www.ilahy.es\/?page_id=1399"},"modified":"2019-01-03T16:43:17","modified_gmt":"2019-01-03T16:43:17","slug":"hair-transplants","status":"publish","type":"page","link":"https:\/\/www.ilahy.es\/en\/treatments\/hair-treatments\/hair-transplants","title":{"rendered":"Hair Transplants FUSS and FUE"},"content":{"rendered":"<p>[et_pb_section][et_pb_row][et_pb_column type=&#8221;2_3&#8243;][et_pb_text admin_label=&#8221;Text&#8221; background_layout=&#8221;light&#8221; text_orientation=&#8221;left&#8221;]<\/p>\n<h1>Hair Transplants FUSS and FUE<\/h1>\n<div class=\"breadcrumbs\"><\/div>\n<p><img loading=\"lazy\" decoding=\"async\" class=\"alignnone size-full wp-image-7022\" src=\"https:\/\/www.ilahy.es\/wp-content\/uploads\/2018\/03\/UC-microinjertos-en1.jpg\" alt=\"hair treatment price\" width=\"700\" height=\"350\" srcset=\"https:\/\/www.ilahy.es\/wp-content\/uploads\/2018\/03\/UC-microinjertos-en1.jpg 700w, https:\/\/www.ilahy.es\/wp-content\/uploads\/2018\/03\/UC-microinjertos-en1-300x150.jpg 300w, https:\/\/www.ilahy.es\/wp-content\/uploads\/2018\/03\/UC-microinjertos-en1-600x300.jpg 600w\" sizes=\"(max-width: 700px) 100vw, 700px\" \/><\/p>\n<p><strong>Hair transplants<\/strong> can be performed on any part of the body where there is or has been hair. There are two types of techniques used for transplantation:<\/p>\n<h2>Technical FUSS or &#8216;strip&#8217;<\/h2>\n<p>This technique involves removing a strip of scalp tissue and then dissecting it, separating the follicular units to be implemented in the area to restore. Then the wound is closed by suture trichophytic aesthetics, allowing that the residual scar is an almost imperceptible fine line where, over time, the hair grows.<\/p>\n<h2>FUE<\/h2>\n<p>The follicular units are removed one by one by microincisions, less than 1mm, which are made using a specific instrument. It works on a superficial level and leaves no scar. \u00a0 Although both techniques are interesting, and it depends which is most appropriate for each patient, some of the advantages of the FUE technique over the classical &#8220;pulls&#8221; are:<\/p>\n<ul>\n<li>Minimally invasive nature.<\/li>\n<li>No scar, allowing the patient to have very short hair.<\/li>\n<li>Removing hair from other parts of the body, BHR (body hair transplant or transplant body hair).<\/li>\n<li>Simple and quick postop.<\/li>\n<\/ul>\n<p>&nbsp;<\/p>\n<p>[\/et_pb_text][\/et_pb_column][et_pb_column type=&#8221;1_3&#8243;][et_pb_sidebar admin_label=&#8221;Sidebar&#8221; orientation=&#8221;left&#8221; area=&#8221;sidebar-1&#8243; background_layout=&#8221;light&#8221; \/][\/et_pb_column][\/et_pb_row][\/et_pb_section]<\/p>\n","protected":false},"excerpt":{"rendered":"<p>Micrografting and Hair Transplantation<\/p>\n","protected":false},"author":1,"featured_media":4929,"parent":1397,"menu_order":474,"comment_status":"closed","ping_status":"closed","template":"","meta":{"_et_pb_use_builder":"on","_et_pb_old_content":"<p>[et_pb_section][et_pb_row][et_pb_column type=\"2_3\"][et_pb_text admin_label=\"Text\" background_layout=\"light\" text_orientation=\"left\"]<\/p><h1>Hair Transplants<\/h1><p>[breadcrumbs]<\/p><p><img class=\" wp-image-496 alignleft\" src=\"https:\/\/www.ilahy.es\/wp-content\/uploads\/2014\/08\/microinjerto-capilar1.jpg\" alt=\"Injertos capilares\" width=\"313\" height=\"235\" \/>El <strong>trasplante capilar<\/strong> se puede realizar sobre cualquier parte del cuerpo en la que haya o haya habido pelo. Existen dos tipos de t\u00e9cnicas que se emplean para realizar trasplantes:<\/p><h2>T\u00e9cnica FUSS o \u2018de la tira\u2019<\/h2><p>Consiste en <strong>extraer una tira de tejido del cuero cabelludo para luego diseccionarla<\/strong>, separando las unidades foliculares que se implantar\u00e1n en la zona a restaurar. Luego se procede al cierre de la herida, mediante una sutura est\u00e9tica tricof\u00edtica, lo que permitir\u00e1, que la cicatriz residual sea una fina linea casi imperceptible por donde, con el tiempo, crecer\u00e1 pelo.<\/p><h2>T\u00e9cnica FUE<\/h2><p>Las <strong>unidades foliculares se extraen una a una mediante microincisiones<\/strong>, de menos de 1mm, que se realizan con un instrumental especifico. Se trabaja a un nivel superficial y no deja cicatriz.<\/p><p>Aunque ambas t\u00e9cnicas son interesantes, y se ha de optar por las mas adecuada a cada paciente, algunas de las ventajas de la t\u00e9cnica FUE frente a la cl\u00e1sica \u201ctira\u201d son:<\/p><ul><li>Car\u00e1cter m\u00ednimamente invasivo.<\/li><li>Ausencia de cicatriz, lo que permite llevar el pelo muy corto.<\/li><li>Extracci\u00f3n de pelo de otras zonas del cuerpo, BHR (body hair transplant o trasplante de vello corporal).<\/li><li>Post-operatorio sencillo y r\u00e1pido<\/li><\/ul><p>[\/et_pb_text][\/et_pb_column][et_pb_column type=\"1_3\"][et_pb_sidebar admin_label=\"Sidebar\" orientation=\"left\" area=\"sidebar-1\" background_layout=\"light\" \/][\/et_pb_column][\/et_pb_row][\/et_pb_section]<\/p>","_et_gb_content_width":"","footnotes":""},"class_list":["post-1399","page","type-page","status-publish","has-post-thumbnail","hentry"],"_links":{"self":[{"href":"https:\/\/www.ilahy.es\/en\/wp-json\/wp\/v2\/pages\/1399","targetHints":{"allow":["GET"]}}],"collection":[{"href":"https:\/\/www.ilahy.es\/en\/wp-json\/wp\/v2\/pages"}],"about":[{"href":"https:\/\/www.ilahy.es\/en\/wp-json\/wp\/v2\/types\/page"}],"author":[{"embeddable":true,"href":"https:\/\/www.ilahy.es\/en\/wp-json\/wp\/v2\/users\/1"}],"replies":[{"embeddable":true,"href":"https:\/\/www.ilahy.es\/en\/wp-json\/wp\/v2\/comments?post=1399"}],"version-history":[{"count":9,"href":"https:\/\/www.ilahy.es\/en\/wp-json\/wp\/v2\/pages\/1399\/revisions"}],"predecessor-version":[{"id":7071,"href":"https:\/\/www.ilahy.es\/en\/wp-json\/wp\/v2\/pages\/1399\/revisions\/7071"}],"up":[{"embeddable":true,"href":"https:\/\/www.ilahy.es\/en\/wp-json\/wp\/v2\/pages\/1397"}],"wp:featuredmedia":[{"embeddable":true,"href":"https:\/\/www.ilahy.es\/en\/wp-json\/wp\/v2\/media\/4929"}],"wp:attachment":[{"href":"https:\/\/www.ilahy.es\/en\/wp-json\/wp\/v2\/media?parent=1399"}],"curies":[{"name":"wp","href":"https:\/\/api.w.org\/{rel}","templated":true}]}}