{"id":1394,"date":"2014-10-16T13:41:42","date_gmt":"2014-10-16T13:41:42","guid":{"rendered":"https:\/\/www.ilahy.es\/?page_id=1394"},"modified":"2019-10-04T14:15:36","modified_gmt":"2019-10-04T14:15:36","slug":"adjustable-gastric-balloon","status":"publish","type":"page","link":"https:\/\/www.ilahy.es\/en\/treatments\/obesity\/adjustable-gastric-balloon","title":{"rendered":"Adjustable Gastric Balloon"},"content":{"rendered":"<p>[et_pb_section][et_pb_row][et_pb_column type=&#8221;2_3&#8243;][et_pb_text admin_label=&#8221;Text&#8221; background_layout=&#8221;light&#8221; text_orientation=&#8221;left&#8221;]<\/p>\n<h1>Adjustable Gastric Balloon 12 months<\/h1>\n<p><div class=\"breadcrumbs\"><\/div> Among the <strong>treatments for overweight<\/strong> patients and obesity, the intragastric balloon has been shown as an effective non-surgical treatment for weight loss. However, experts have found that it loses its effect after 3-4 months of starting treatment and can only remain in the stomach for six months. <img loading=\"lazy\" decoding=\"async\" class=\"alignnone size-full wp-image-905\" src=\"https:\/\/www.ilahy.es\/wp-content\/uploads\/2014\/09\/balon-intragastrico.jpg.jpg\" alt=\"bal\u00f3n intrag\u00e1strico ajustable\" width=\"700\" height=\"220\" srcset=\"https:\/\/www.ilahy.es\/wp-content\/uploads\/2014\/09\/balon-intragastrico.jpg.jpg 700w, https:\/\/www.ilahy.es\/wp-content\/uploads\/2014\/09\/balon-intragastrico.jpg-300x94.jpg 300w\" sizes=\"(max-width: 700px) 100vw, 700px\" \/> With the <strong>Adjustable Ball<\/strong>\u00a0it is possible to lose twice as much weight than with former <strong>intragastric balloons<\/strong> as it solves these limitations:<\/p>\n<ol>\n<li><strong>Duration 1 year<\/strong>. Adjustable Ball has the necessary authorization to be usable for 12 months, twice as long as the traditional balls. Now it is possible to lose more weight, since it can be safely used for longer we than the classic intragastric balloon.<\/li>\n<li><strong>Adjustable<\/strong>. You can change the size and volume of the ball throughout treatment, adapting it to the specific needs of each patient. This prevents the feeling of fullness throughout the treatment and this way intolerances and rejections are reduced.<\/li>\n<li><strong>More weight loss<\/strong>. With the old ball 80% of the weight was dropped in the first 3 months of treatment, from there, the stomach starts recovering its appetite. The doctor can change the size and volume of the Adjustable ball to recover the feeling of gastric fullness and help the patient continue losing weight.<\/li>\n<li><strong>More tolerance and fewer rejections<\/strong>. If a patient feels significant discomfort after placement and feels it fits loosely, you may adjust its size and prevent premature removal of the ball.<\/li>\n<li><strong>Safer<\/strong>. Thanks to its unique system of spontaneous anchoring the BAS is safer. Although all of the liquid from the ball is lost, the surgical fastener system prevents the ball from moving through the duodenum. This means it always stays in the stomach in reach of the endoscope.<\/li>\n<\/ol>\n<p><img loading=\"lazy\" decoding=\"async\" class=\"alignnone size-full wp-image-6990\" src=\"https:\/\/www.ilahy.es\/wp-content\/uploads\/2017\/03\/xO-gastric-balloon-price.jpg\" alt=\"gastric balloon price\" width=\"700\" height=\"350\" \/>[\/et_pb_text][\/et_pb_column][et_pb_column type=&#8221;1_3&#8243;][et_pb_sidebar admin_label=&#8221;Sidebar&#8221; orientation=&#8221;left&#8221; area=&#8221;sidebar-1&#8243; background_layout=&#8221;light&#8221; \/][\/et_pb_column][\/et_pb_row][\/et_pb_section]<\/p>\n","protected":false},"excerpt":{"rendered":"<p>12 months ball to lose more weight<\/p>\n","protected":false},"author":1,"featured_media":906,"parent":1389,"menu_order":166,"comment_status":"closed","ping_status":"closed","template":"","meta":{"_et_pb_use_builder":"on","_et_pb_old_content":"<p>[et_pb_section][et_pb_row][et_pb_column type=\"2_3\"][et_pb_text admin_label=\"Text\" background_layout=\"light\" text_orientation=\"left\"]<\/p><h1>Adjustable Gastric Balloon 12 months<\/h1><p>[breadcrums]<\/p><p>Entre los tratamientos para sobrepeso y la obesidad, el bal\u00f3n intrag\u00e1strico se ha demostrado como un tratamiento no quir\u00fargico eficaz para perder peso. Sin embargo, los especialistas han detectado que pierde su efecto a los 3-4 meses de iniciar el tratamiento y solo pueden permanecer en el est\u00f3mago durante 6 meses.<\/p><p><img class=\"alignnone size-full wp-image-905\" src=\"https:\/\/www.ilahy.es\/wp-content\/uploads\/2014\/09\/balon-intragastrico.jpg.jpg\" alt=\"bal\u00f3n intrag\u00e1strico ajustable\" width=\"700\" height=\"220\" \/><\/p><p>Con el Bal\u00f3n Ajustable (BAS) es posible perder m\u00e1s del doble de peso que con los antiguos balones intrag\u00e1stricos, ya que resuelve esas limitaciones:<\/p><p>\u00a0<\/p><ol><li><strong>Duraci\u00f3n de 1 a\u00f1o<\/strong>. El Bal\u00f3n Ajustable tiene la autorizaci\u00f3n necesaria para poderse utilizar durante 12 meses, el doble de tiempo que el de los balones tradicionales. Ahora es posible perder m\u00e1s peso, ya que durante mucho m\u00e1s tiempo tenemos la sensaci\u00f3n de saciedad que genera el bal\u00f3n intrag\u00e1strico.<\/li><li><strong>Ajustable<\/strong>. Es posible modificar el tama\u00f1o y volumen del bal\u00f3n a lo largo del tratamiento, adapt\u00e1ndolo a las necesidades espec\u00edficas de cada paciente. As\u00ed se evita que la sensaci\u00f3n de saciedad perdure a lo largo del tratamiento y se reduzcan las intolerancias y rechazos.<\/li><li><strong>M\u00e1s perdida de peso<\/strong>. Con el antiguo bal\u00f3n se pierde el 80% del peso en los 3 primeros meses de tratamiento, a partir de aqu\u00ed, el estomago va recuperando la sensaci\u00f3n de apetito. Con el Bal\u00f3n Ajustable se puede modificar el volumen y tama\u00f1o del bal\u00f3n a criterio del m\u00e9dico para recuperar de nuevo la sensaci\u00f3n de plenitud g\u00e1strica p\u00e9rdida y continuar con la p\u00e9rdida de peso.<\/li><li><strong>M\u00e1s tolerancia y menos rechazos<\/strong>. Si un paciente siente molestias importantes tras su colocaci\u00f3n y no se adapta bien, es posible reajustar su tama\u00f1o y evitar la extracci\u00f3n prematura del bal\u00f3n.<\/li><li><strong>M\u00e1s seguro<\/strong>. Gracias a su sistema exclusivo de anclaje espont\u00e1neo el BAS es m\u00e1s seguro. Aunque se perdiera todo el l\u00edquido del bal\u00f3n, el sistema de fijaci\u00f3n no quir\u00fargica impide que el bal\u00f3n se mueva a trav\u00e9s del duodeno. Siempre quedar\u00eda alojado en el est\u00f3mago, al alcance del endoscopio.<\/li><\/ol><p>[\/et_pb_text][\/et_pb_column][et_pb_column type=\"1_3\"][et_pb_sidebar admin_label=\"Sidebar\" orientation=\"left\" area=\"sidebar-1\" background_layout=\"light\" \/][\/et_pb_column][\/et_pb_row][\/et_pb_section]<\/p><p>\u00a0<\/p>","_et_gb_content_width":"","footnotes":""},"class_list":["post-1394","page","type-page","status-publish","has-post-thumbnail","hentry"],"_links":{"self":[{"href":"https:\/\/www.ilahy.es\/en\/wp-json\/wp\/v2\/pages\/1394","targetHints":{"allow":["GET"]}}],"collection":[{"href":"https:\/\/www.ilahy.es\/en\/wp-json\/wp\/v2\/pages"}],"about":[{"href":"https:\/\/www.ilahy.es\/en\/wp-json\/wp\/v2\/types\/page"}],"author":[{"embeddable":true,"href":"https:\/\/www.ilahy.es\/en\/wp-json\/wp\/v2\/users\/1"}],"replies":[{"embeddable":true,"href":"https:\/\/www.ilahy.es\/en\/wp-json\/wp\/v2\/comments?post=1394"}],"version-history":[{"count":5,"href":"https:\/\/www.ilahy.es\/en\/wp-json\/wp\/v2\/pages\/1394\/revisions"}],"predecessor-version":[{"id":8208,"href":"https:\/\/www.ilahy.es\/en\/wp-json\/wp\/v2\/pages\/1394\/revisions\/8208"}],"up":[{"embeddable":true,"href":"https:\/\/www.ilahy.es\/en\/wp-json\/wp\/v2\/pages\/1389"}],"wp:featuredmedia":[{"embeddable":true,"href":"https:\/\/www.ilahy.es\/en\/wp-json\/wp\/v2\/media\/906"}],"wp:attachment":[{"href":"https:\/\/www.ilahy.es\/en\/wp-json\/wp\/v2\/media?parent=1394"}],"curies":[{"name":"wp","href":"https:\/\/api.w.org\/{rel}","templated":true}]}}