{"id":1391,"date":"2014-10-16T13:39:05","date_gmt":"2014-10-16T13:39:05","guid":{"rendered":"https:\/\/www.ilahy.es\/?page_id=1391"},"modified":"2019-10-07T13:26:43","modified_gmt":"2019-10-07T13:26:43","slug":"pose-thinning-without-incisions","status":"publish","type":"page","link":"https:\/\/www.ilahy.es\/en\/treatments\/obesity\/pose-thinning-without-incisions","title":{"rendered":"POSE thinning without incisions"},"content":{"rendered":"<p>[et_pb_section][et_pb_row][et_pb_column type=&#8221;2_3&#8243;][et_pb_text admin_label=&#8221;Text&#8221; background_layout=&#8221;light&#8221; text_orientation=&#8221;left&#8221;]<\/p>\n<h1>Stomach reduction without incisions: POSE<\/h1>\n<div class=\"breadcrumbs\"><\/div>\n<p><img loading=\"lazy\" decoding=\"async\" class=\"aligncenter size-full wp-image-7965\" src=\"https:\/\/www.ilahy.es\/wp-content\/uploads\/2015\/04\/O-POSE-method-price.jpg\" alt=\"POSE Method price 2019\" width=\"700\" height=\"350\" \/><\/p>\n<p><strong>Reducing stomach without incisions<\/strong>, POSE, is performed entirely by mouth with a simple endoscopy and involves making a series of folds in the gastric fundus to modify the size of the stomach to reduce its capacity, and in the antrum to slow its emptying. <\/p>\n<p>The goal is to generate a sense of constant satiety so that the patient feels satisfied by eating a small amount of food. If you suffer from <strong>obesity<\/strong> (grade I and II) or are <strong>overweight<\/strong>, and you have tried dieting but have always failed, or have even had an intragastric balloon but have regained the lost weight, you can regain your health, your self esteem and improve your quality of life &#8211; the POSE surgery is your best choice.<\/p>\n<h2>Why use the &#8220;POSE Method&#8221;?<\/h2>\n<ul>\n<li>Permanent Results<\/li>\n<li>No hospitalization<\/li>\n<li>No open surgery, all endoscopic<\/li>\n<li>After just 48h you can carry on with your usual activities<\/li>\n<\/ul>\n<p><iframe loading=\"lazy\" src=\"\/\/www.youtube.com\/embed\/zZwWgH2aMJQ\" width=\"640\" height=\"360\" frameborder=\"0\" allowfullscreen=\"allowfullscreen\"><\/iframe>[\/et_pb_text][\/et_pb_column][et_pb_column type=&#8221;1_3&#8243;][et_pb_sidebar admin_label=&#8221;Sidebar&#8221; orientation=&#8221;left&#8221; area=&#8221;sidebar-1&#8243; background_layout=&#8221;light&#8221; \/][\/et_pb_column][\/et_pb_row][\/et_pb_section]<\/p>\n","protected":false},"excerpt":{"rendered":"<p>Stomach reduction without incisions<\/p>\n","protected":false},"author":1,"featured_media":902,"parent":1389,"menu_order":176,"comment_status":"closed","ping_status":"closed","template":"","meta":{"_et_pb_use_builder":"on","_et_pb_old_content":"<p>[et_pb_section][et_pb_row][et_pb_column type=\"2_3\"][et_pb_text admin_label=\"Text\" background_layout=\"light\" text_orientation=\"left\"]<\/p><h1>Reducci\u00f3n de est\u00f3mago sin incisiones: POSE<\/h1><p>[breadcrumbs]<\/p><p><img class=\"alignright size-full wp-image-900\" src=\"https:\/\/www.ilahy.es\/wp-content\/uploads\/2014\/09\/metodo-pose.jpg\" alt=\"metodo pose\" width=\"220\" height=\"400\" \/>La <strong>reducci\u00f3n de est\u00f3mago sin incisiones<\/strong>, POSE, se realiza enteramente por v\u00eda oral mediante una simple <strong>endoscopia<\/strong> y consiste en realizar una serie de pliegues en el fundus g\u00e1strico para modificar el tama\u00f1o del est\u00f3mago y reducir su capacidad, as\u00ed como en el antro para enlentecer su vaciado. El objetivo es generar una sensaci\u00f3n de saciedad constante para que el paciente se sienta satisfecho ingiriendo una peque\u00f1a cantidad de alimentos.<\/p><p>Si padeces sobrepeso u obesidad (grado I y II), has intentado hacer dietas pero siempre has fracasado, incluso has realizado un tratamiento con bal\u00f3n intrag\u00e1strico pero has vuelto a recuperar el peso perdido y has decidido ganar salud, recuperar tu autoestima y mejorar tu calidad de vida, sin duda la <strong>cirug\u00eda POSE<\/strong> es tu opci\u00f3n.<\/p><h2>\u00bfPor qu\u00e9 utilizar el \"M\u00e9todo POSE\"?<\/h2><ul><li>Resultados permanentes<\/li><li>Sin ingreso hospitalario<\/li><li>Sin cirug\u00eda abierta, por v\u00eda endosc\u00f3pica<\/li><li>A las 48h. podr\u00e1s reincorporarte a tus actividades habituales<\/li><\/ul><p><iframe src=\"\/\/www.youtube.com\/embed\/whMvONW4YDA\" width=\"640\" height=\"360\" frameborder=\"0\" allowfullscreen=\"allowfullscreen\"><\/iframe><\/p><p>[\/et_pb_text][\/et_pb_column][et_pb_column type=\"1_3\"][et_pb_sidebar admin_label=\"Sidebar\" orientation=\"left\" area=\"sidebar-1\" background_layout=\"light\" \/][\/et_pb_column][\/et_pb_row][\/et_pb_section]<\/p><p>\u00a0<\/p>","_et_gb_content_width":"","footnotes":""},"class_list":["post-1391","page","type-page","status-publish","has-post-thumbnail","hentry"],"_links":{"self":[{"href":"https:\/\/www.ilahy.es\/en\/wp-json\/wp\/v2\/pages\/1391","targetHints":{"allow":["GET"]}}],"collection":[{"href":"https:\/\/www.ilahy.es\/en\/wp-json\/wp\/v2\/pages"}],"about":[{"href":"https:\/\/www.ilahy.es\/en\/wp-json\/wp\/v2\/types\/page"}],"author":[{"embeddable":true,"href":"https:\/\/www.ilahy.es\/en\/wp-json\/wp\/v2\/users\/1"}],"replies":[{"embeddable":true,"href":"https:\/\/www.ilahy.es\/en\/wp-json\/wp\/v2\/comments?post=1391"}],"version-history":[{"count":11,"href":"https:\/\/www.ilahy.es\/en\/wp-json\/wp\/v2\/pages\/1391\/revisions"}],"predecessor-version":[{"id":8213,"href":"https:\/\/www.ilahy.es\/en\/wp-json\/wp\/v2\/pages\/1391\/revisions\/8213"}],"up":[{"embeddable":true,"href":"https:\/\/www.ilahy.es\/en\/wp-json\/wp\/v2\/pages\/1389"}],"wp:featuredmedia":[{"embeddable":true,"href":"https:\/\/www.ilahy.es\/en\/wp-json\/wp\/v2\/media\/902"}],"wp:attachment":[{"href":"https:\/\/www.ilahy.es\/en\/wp-json\/wp\/v2\/media?parent=1391"}],"curies":[{"name":"wp","href":"https:\/\/api.w.org\/{rel}","templated":true}]}}