{"id":1389,"date":"2014-10-16T13:36:15","date_gmt":"2014-10-16T13:36:15","guid":{"rendered":"https:\/\/www.ilahy.es\/?page_id=1389"},"modified":"2026-01-28T11:41:53","modified_gmt":"2026-01-28T11:41:53","slug":"obesity","status":"publish","type":"page","link":"https:\/\/www.ilahy.es\/en\/treatments\/obesity","title":{"rendered":"Obesity Treatments"},"content":{"rendered":"<p>[et_pb_section fb_built=&#8221;1&#8243; module_class=&#8221;tratamientos_grupo&#8221; _builder_version=&#8221;4.16&#8243; background_color=&#8221;#ffffff&#8221; global_colors_info=&#8221;{}&#8221;][et_pb_row column_structure=&#8221;2_3,1_3&#8243; _builder_version=&#8221;4.16&#8243; background_size=&#8221;initial&#8221; background_position=&#8221;top_left&#8221; background_repeat=&#8221;repeat&#8221; global_colors_info=&#8221;{}&#8221;][et_pb_column type=&#8221;2_3&#8243; _builder_version=&#8221;4.16&#8243; custom_padding=&#8221;|||&#8221; global_colors_info=&#8221;{}&#8221; custom_padding__hover=&#8221;|||&#8221;][et_pb_text admin_label=&#8221;Text&#8221; _builder_version=&#8221;4.27.4&#8243; background_size=&#8221;initial&#8221; background_position=&#8221;top_left&#8221; background_repeat=&#8221;repeat&#8221; global_colors_info=&#8221;{}&#8221;]<\/p>\n<h1 style=\"text-align: center;\">NUTRITION AND OBESITY UNIT<\/h1>\n<p>At ilahy, we have created a unit that is completely patient-oriented, with a multidisciplinary medical team (doctors, psychologists, nutritionists, nurses and anaesthetists) available to help patients achieve their goals. You will also have the support of a leading group such as IMED Hospitals.<\/p>\n<h3><strong>Our Methodology<\/strong><\/h3>\n<p>We work with our patients on three fundamental pillars: an accurate diagnosis, the right choice of treatment and tailored follow-up. We accompany patients to help them change their habits and transform their lives, regain their health and lose weight permanently.<\/p>\n<h3><strong>Follow-up programme<\/strong><\/h3>\n<p>ilahy&#8217;s treatments to combat obesity are accompanied by rigorous follow-up, in which patients are guided with nutritional, psychological and medical guidelines and advanced aesthetic treatments. Follow-up is the key to success in obesity treatments.<\/p>\n<p>&nbsp;<\/p>\n<h3><strong>Treatments for obesity<\/strong><\/h3>\n<p>[\/et_pb_text][et_pb_text admin_label=&#8221;Text&#8221; _builder_version=&#8221;4.27.4&#8243; background_size=&#8221;initial&#8221; background_position=&#8221;top_left&#8221; background_repeat=&#8221;repeat&#8221; hover_enabled=&#8221;0&#8243; global_colors_info=&#8221;{}&#8221; sticky_enabled=&#8221;0&#8243;]<\/p>\n<h3><strong>Nutrition<\/strong><\/h3>\n<p>At Ilahy, <strong>personalized nutrition<\/strong> is the foundation of our comprehensive approach to obesity. Our specialists design plans tailored to your needs, lifestyle, and health goals, ensuring sustainable results. With continuous follow-up and professional support, we help you develop healthy habits that transform your well-being in the long term.<\/p>\n<div class=\"subpages subpagesObe et_pb_row\"><div class=\"et_pb_blurb et_pb_bg_layout_light et_pb_text_align_center et_pb_blurb_position_top et_obesUnid\"><div class=\"et_pb_blurb_content\"><div class=\"et_pb_main_blurb_image\"><a href=\"https:\/\/www.ilahy.es\/en\/treatments\/obesity\/personalised-nutrition\"><img loading=\"lazy\" decoding=\"async\" width=\"922\" height=\"467\" src=\"https:\/\/www.ilahy.es\/wp-content\/uploads\/2017\/05\/Nutrici\u00f3n.jpg\" class=\"attachment-full size-full wp-post-image\" alt=\"\" srcset=\"https:\/\/www.ilahy.es\/wp-content\/uploads\/2017\/05\/Nutrici\u00f3n.jpg 922w, https:\/\/www.ilahy.es\/wp-content\/uploads\/2017\/05\/Nutrici\u00f3n-300x151.jpg 300w\" sizes=\"(max-width: 922px) 100vw, 922px\" \/><\/a><\/div><h4><a href=\"https:\/\/www.ilahy.es\/en\/treatments\/obesity\/personalised-nutrition\">Personalised Nutrition<\/a><\/h4><p>Lose weight and gain health by learning how to eat.\n<\/p><\/div><\/div><\/div>\n<p>[\/et_pb_text][et_pb_text admin_label=&#8221;Text&#8221; _builder_version=&#8221;4.27.4&#8243; background_size=&#8221;initial&#8221; background_position=&#8221;top_left&#8221; background_repeat=&#8221;repeat&#8221; global_colors_info=&#8221;{}&#8221;]<\/p>\n<h3><strong>Endoscopic Treatments<\/strong><\/h3>\n<p>Ilahy\u2019s <strong>endoscopic treatments<\/strong> offer minimally invasive solutions for weight loss, combining effectiveness and safety. Our team uses innovative techniques to help reduce appetite and improve metabolism, always with personalized medical and nutritional follow-up. They are ideal for those seeking effective results without surgery.<\/p>\n<div class=\"subpages subpagesObe et_pb_row\"><div class=\"et_pb_blurb et_pb_bg_layout_light et_pb_text_align_center et_pb_blurb_position_top et_obesUnid\"><div class=\"et_pb_blurb_content\"><div class=\"et_pb_main_blurb_image\"><a href=\"https:\/\/www.ilahy.es\/en\/treatments\/obesity\/ingestible-gastric-balloon\"><img loading=\"lazy\" decoding=\"async\" width=\"922\" height=\"467\" src=\"https:\/\/www.ilahy.es\/wp-content\/uploads\/2026\/01\/ingestible-gastric-balloon-ilahy.jpg\" class=\"attachment-full size-full wp-post-image\" alt=\"Ingestible gastric balloon\" srcset=\"https:\/\/www.ilahy.es\/wp-content\/uploads\/2026\/01\/ingestible-gastric-balloon-ilahy.jpg 922w, https:\/\/www.ilahy.es\/wp-content\/uploads\/2026\/01\/ingestible-gastric-balloon-ilahy-480x243.jpg 480w\" sizes=\"(min-width: 0px) and (max-width: 480px) 480px, (min-width: 481px) 922px, 100vw\" \/><\/a><\/div><h4><a href=\"https:\/\/www.ilahy.es\/en\/treatments\/obesity\/ingestible-gastric-balloon\">Ingestible gastric balloon<\/a><\/h4><p>Weight management without anesthesia or sedation<\/p><\/div><\/div><div class=\"et_pb_blurb et_pb_bg_layout_light et_pb_text_align_center et_pb_blurb_position_top et_obesUnid\"><div class=\"et_pb_blurb_content\"><div class=\"et_pb_main_blurb_image\"><a href=\"https:\/\/www.ilahy.es\/en\/treatments\/obesity\/intragastric-balloon\"><img loading=\"lazy\" decoding=\"async\" width=\"300\" height=\"220\" src=\"https:\/\/www.ilahy.es\/wp-content\/uploads\/2014\/08\/cirugia-balon-intragastrico.jpg\" class=\"attachment-full size-full wp-post-image\" alt=\"bal\u00f3n intrag\u00e1strico\" srcset=\"https:\/\/www.ilahy.es\/wp-content\/uploads\/2014\/08\/cirugia-balon-intragastrico.jpg 300w, https:\/\/www.ilahy.es\/wp-content\/uploads\/2014\/08\/cirugia-balon-intragastrico-60x44.jpg 60w\" sizes=\"(max-width: 300px) 100vw, 300px\" \/><\/a><\/div><h4><a href=\"https:\/\/www.ilahy.es\/en\/treatments\/obesity\/intragastric-balloon\">Intragastric Balloon<\/a><\/h4><p>Treatment against obesity, without surgery<\/p><\/div><\/div><div class=\"et_pb_blurb et_pb_bg_layout_light et_pb_text_align_center et_pb_blurb_position_top et_obesUnid\"><div class=\"et_pb_blurb_content\"><div class=\"et_pb_main_blurb_image\"><a href=\"https:\/\/www.ilahy.es\/en\/treatments\/obesity\/adjustable-gastric-balloon\"><img loading=\"lazy\" decoding=\"async\" width=\"300\" height=\"220\" src=\"https:\/\/www.ilahy.es\/wp-content\/uploads\/2014\/09\/balon-intragastrico-12-meses.jpg\" class=\"attachment-full size-full wp-post-image\" alt=\"\" srcset=\"https:\/\/www.ilahy.es\/wp-content\/uploads\/2014\/09\/balon-intragastrico-12-meses.jpg 300w, https:\/\/www.ilahy.es\/wp-content\/uploads\/2014\/09\/balon-intragastrico-12-meses-60x44.jpg 60w\" sizes=\"(max-width: 300px) 100vw, 300px\" \/><\/a><\/div><h4><a href=\"https:\/\/www.ilahy.es\/en\/treatments\/obesity\/adjustable-gastric-balloon\">Adjustable Gastric Balloon<\/a><\/h4><p>12 months ball to lose more weight<\/p><\/div><\/div><div class=\"et_pb_blurb et_pb_bg_layout_light et_pb_text_align_center et_pb_blurb_position_top et_obesUnid\"><div class=\"et_pb_blurb_content\"><div class=\"et_pb_main_blurb_image\"><a href=\"https:\/\/www.ilahy.es\/en\/treatments\/obesity\/pose-thinning-without-incisions\"><img loading=\"lazy\" decoding=\"async\" width=\"300\" height=\"220\" src=\"https:\/\/www.ilahy.es\/wp-content\/uploads\/2014\/09\/reduccion-estomago-sin-incisiones.jpg\" class=\"attachment-full size-full wp-post-image\" alt=\"reduccion estomago sin incisiones\" srcset=\"https:\/\/www.ilahy.es\/wp-content\/uploads\/2014\/09\/reduccion-estomago-sin-incisiones.jpg 300w, https:\/\/www.ilahy.es\/wp-content\/uploads\/2014\/09\/reduccion-estomago-sin-incisiones-60x44.jpg 60w\" sizes=\"(max-width: 300px) 100vw, 300px\" \/><\/a><\/div><h4><a href=\"https:\/\/www.ilahy.es\/en\/treatments\/obesity\/pose-thinning-without-incisions\">POSE thinning without incisions<\/a><\/h4><p>Stomach reduction without incisions<\/p><\/div><\/div><\/div>\n<p>[\/et_pb_text][et_pb_text admin_label=&#8221;Text&#8221; _builder_version=&#8221;4.27.4&#8243; background_size=&#8221;initial&#8221; background_position=&#8221;top_left&#8221; background_repeat=&#8221;repeat&#8221; global_colors_info=&#8221;{}&#8221;]<\/p>\n<h3><strong>Bariatric Surgery<\/strong><\/h3>\n<p>At Ilahy, bariatric surgeries are performed with advanced technology and a multidisciplinary team, ensuring safety and long-lasting results. From laparoscopic procedures to robotic surgery, each intervention is adapted to your needs, complemented by nutritional and psychological support to ensure a comprehensive and sustainable change in your health.<\/p>\n<p><div class=\"subpages subpagesObe et_pb_row\"><div class=\"et_pb_blurb et_pb_bg_layout_light et_pb_text_align_center et_pb_blurb_position_top et_obesUnid\"><div class=\"et_pb_blurb_content\"><div class=\"et_pb_main_blurb_image\"><a href=\"https:\/\/www.ilahy.es\/en\/treatments\/obesity\/gastric-bypass\"><img loading=\"lazy\" decoding=\"async\" width=\"922\" height=\"467\" src=\"https:\/\/www.ilahy.es\/wp-content\/uploads\/2026\/01\/gastric-bypass.jpg\" class=\"attachment-full size-full wp-post-image\" alt=\"Gastric Bypass\" srcset=\"https:\/\/www.ilahy.es\/wp-content\/uploads\/2026\/01\/gastric-bypass.jpg 922w, https:\/\/www.ilahy.es\/wp-content\/uploads\/2026\/01\/gastric-bypass-480x243.jpg 480w\" sizes=\"(min-width: 0px) and (max-width: 480px) 480px, (min-width: 481px) 922px, 100vw\" \/><\/a><\/div><h4><a href=\"https:\/\/www.ilahy.es\/en\/treatments\/obesity\/gastric-bypass\">Gastric Bypass<\/a><\/h4><p>One of the most comprehensive and proven techniques in bariatric surgery<\/p><\/div><\/div><div class=\"et_pb_blurb et_pb_bg_layout_light et_pb_text_align_center et_pb_blurb_position_top et_obesUnid\"><div class=\"et_pb_blurb_content\"><div class=\"et_pb_main_blurb_image\"><a href=\"https:\/\/www.ilahy.es\/en\/treatments\/obesity\/gastric-sleeve\"><img loading=\"lazy\" decoding=\"async\" width=\"1258\" height=\"832\" src=\"https:\/\/www.ilahy.es\/wp-content\/uploads\/2019\/09\/doreen_746805604-768x512.jpg\" class=\"attachment-full size-full wp-post-image\" alt=\"Manga g\u00e1strica\" srcset=\"https:\/\/www.ilahy.es\/wp-content\/uploads\/2019\/09\/doreen_746805604-768x512.jpg 1258w, https:\/\/www.ilahy.es\/wp-content\/uploads\/2019\/09\/doreen_746805604-768x512-300x198.jpg 300w, https:\/\/www.ilahy.es\/wp-content\/uploads\/2019\/09\/doreen_746805604-768x512-1024x677.jpg 1024w, https:\/\/www.ilahy.es\/wp-content\/uploads\/2019\/09\/doreen_746805604-768x512-1080x714.jpg 1080w, https:\/\/www.ilahy.es\/wp-content\/uploads\/2019\/09\/doreen_746805604-768x512-600x396.jpg 600w\" sizes=\"(max-width: 1258px) 100vw, 1258px\" \/><\/a><\/div><h4><a href=\"https:\/\/www.ilahy.es\/en\/treatments\/obesity\/gastric-sleeve\">Gastric Sleeve<\/a><\/h4><p><\/p><\/div><\/div><\/div>[\/et_pb_text][\/et_pb_column][et_pb_column type=&#8221;1_3&#8243; _builder_version=&#8221;4.16&#8243; custom_padding=&#8221;|||&#8221; global_colors_info=&#8221;{}&#8221; custom_padding__hover=&#8221;|||&#8221;][et_pb_sidebar area=&#8221;sidebar-1&#8243; admin_label=&#8221;Sidebar&#8221; _builder_version=&#8221;4.16&#8243; global_colors_info=&#8221;{}&#8221;][\/et_pb_sidebar][\/et_pb_column][\/et_pb_row][\/et_pb_section]<\/p>\n","protected":false},"excerpt":{"rendered":"<p>NUTRITION AND OBESITY UNIT At ilahy, we have created a unit that is completely patient-oriented, with a multidisciplinary medical team (doctors, psychologists, nutritionists, nurses and anaesthetists) available to help patients achieve their goals. You will also have the support of a leading group such as IMED Hospitals. Our Methodology We work with our patients on [&hellip;]<\/p>\n","protected":false},"author":1,"featured_media":12566,"parent":1135,"menu_order":189,"comment_status":"closed","ping_status":"closed","template":"","meta":{"_et_pb_use_builder":"on","_et_pb_old_content":"<p>[et_pb_section fullwidth=\"off\" specialty=\"off\" background_color=\"#ffffff\" inner_shadow=\"off\" parallax=\"off\" parallax_method=\"css\" module_class=\"tratamientos_grupo\"][et_pb_row][et_pb_column type=\"2_3\"][et_pb_text admin_label=\"Text\" background_layout=\"light\" text_orientation=\"left\"]<\/p><h1>Unit of comprehensive treatment of obesity<\/h1><p>[breadcrumbs]<\/p><p>IMED Hospitales ha creado una completa unidad para el abordaje multidisciplinar e integral de la obesidad. Un equipo compuesto por cirujanos, endoscopistas, psic\u00f3logos, endocrinos, nutricionistas, anestesistas, m\u00e9dicos est\u00e9ticos y cirujanos pl\u00e1sticos te asesorar\u00e1n y ayudar\u00e1n a resolver tus problemas de sobrepeso.<\/p><p><strong>La Unidad de tratamiento integral de la obesidad<\/strong> te ofrece:<\/p><ul><li>Abordaje multidisplinar de la obesidad.<\/li><li>Equipo de cirujanos y endoscopistas de primer nivel.<\/li><li>Estudio previo y seguimiento posterior personalizado de cada caso.<\/li><li>Distintas opciones quir\u00fargicas y endosc\u00f3picas, valorables dependiendo del caso.<\/li><li>Completo soporte de los profesionales sanitarios de IMED Hospitales.<\/li><\/ul><h2>Cirug\u00eda bari\u00e1trica y endoscopia<\/h2><p>IMED cuenta con los mejores especialistas en cirujanos y endocopistas, que aplican las \u00faltimas t\u00e9cnicas para el tratamiento de la obesidad:<\/p><ul><li><strong>Cirug\u00eda bari\u00e1trica<\/strong>: Bypass g\u00e1strico y gastrectom\u00eda tubular.<\/li><li><strong>Cirug\u00eda endosc\u00f3pica:<\/strong>\u00a0Bal\u00f3n intrag\u00e1strico y m\u00e9todo POSE.<\/li><\/ul><p>[subpages]<\/p><p>[\/et_pb_text][\/et_pb_column][et_pb_column type=\"1_3\"][et_pb_sidebar admin_label=\"Sidebar\" orientation=\"left\" area=\"sidebar-1\" background_layout=\"light\" \/][\/et_pb_column][\/et_pb_row][\/et_pb_section]<\/p>","_et_gb_content_width":"","footnotes":""},"class_list":["post-1389","page","type-page","status-publish","has-post-thumbnail","hentry"],"_links":{"self":[{"href":"https:\/\/www.ilahy.es\/en\/wp-json\/wp\/v2\/pages\/1389","targetHints":{"allow":["GET"]}}],"collection":[{"href":"https:\/\/www.ilahy.es\/en\/wp-json\/wp\/v2\/pages"}],"about":[{"href":"https:\/\/www.ilahy.es\/en\/wp-json\/wp\/v2\/types\/page"}],"author":[{"embeddable":true,"href":"https:\/\/www.ilahy.es\/en\/wp-json\/wp\/v2\/users\/1"}],"replies":[{"embeddable":true,"href":"https:\/\/www.ilahy.es\/en\/wp-json\/wp\/v2\/comments?post=1389"}],"version-history":[{"count":6,"href":"https:\/\/www.ilahy.es\/en\/wp-json\/wp\/v2\/pages\/1389\/revisions"}],"predecessor-version":[{"id":16247,"href":"https:\/\/www.ilahy.es\/en\/wp-json\/wp\/v2\/pages\/1389\/revisions\/16247"}],"up":[{"embeddable":true,"href":"https:\/\/www.ilahy.es\/en\/wp-json\/wp\/v2\/pages\/1135"}],"wp:featuredmedia":[{"embeddable":true,"href":"https:\/\/www.ilahy.es\/en\/wp-json\/wp\/v2\/media\/12566"}],"wp:attachment":[{"href":"https:\/\/www.ilahy.es\/en\/wp-json\/wp\/v2\/media?parent=1389"}],"curies":[{"name":"wp","href":"https:\/\/api.w.org\/{rel}","templated":true}]}}