{"id":1385,"date":"2014-10-16T13:26:20","date_gmt":"2014-10-16T13:26:20","guid":{"rendered":"https:\/\/www.ilahy.es\/?page_id=1385"},"modified":"2015-01-26T14:40:36","modified_gmt":"2015-01-26T14:40:36","slug":"facial-filler","status":"publish","type":"page","link":"https:\/\/www.ilahy.es\/en\/treatments\/facial-aesthetic-medicine\/facial-filler","title":{"rendered":"Facial filler"},"content":{"rendered":"<p>[et_pb_section][et_pb_row][et_pb_column type=&#8221;2_3&#8243;][et_pb_text admin_label=&#8221;Text&#8221; background_layout=&#8221;light&#8221; text_orientation=&#8221;left&#8221;]<\/p>\n<h1>Facial filler<\/h1>\n<div class=\"breadcrumbs\"><\/div>\n<p><img loading=\"lazy\" decoding=\"async\" class=\"alignright size-full wp-image-792\" src=\"https:\/\/www.ilahy.es\/wp-content\/uploads\/2014\/08\/relleno-facial.jpg\" alt=\"facial fillers\" width=\"335\" height=\"220\" srcset=\"https:\/\/www.ilahy.es\/wp-content\/uploads\/2014\/08\/relleno-facial.jpg 335w, https:\/\/www.ilahy.es\/wp-content\/uploads\/2014\/08\/relleno-facial-300x197.jpg 300w\" sizes=\"(max-width: 335px) 100vw, 335px\" \/><\/p>\n<p>Today, many people dare to improve their physical appearance and all thanks to new aesthetic treatments that do not require going under the knife or the dreaded anesthesia.<\/p>\n<p><strong>Facial filler<\/strong>s can achieve amazing results, increase the volume of our face, our cheekbones, a fuller lips and even smooth the skin.<\/p>\n<p>The treatment involves the application of hyaluronic acid in the dermis.<br \/>\nHyaluronic acid is a natural constituent of the skin and also the main responsible for its elasticity, thus retaining large amounts of water that contributes to tissue volume.<\/p>\n<p>&nbsp;<\/p>\n<p>[\/et_pb_text][\/et_pb_column][et_pb_column type=&#8221;1_3&#8243;][et_pb_sidebar admin_label=&#8221;Sidebar&#8221; orientation=&#8221;left&#8221; area=&#8221;sidebar-1&#8243; background_layout=&#8221;light&#8221; \/][\/et_pb_column][\/et_pb_row][\/et_pb_section]<\/p>\n","protected":false},"excerpt":{"rendered":"<p>It eliminates fine lines. Increase of lips, cheekbones<\/p>\n","protected":false},"author":1,"featured_media":792,"parent":1366,"menu_order":521,"comment_status":"closed","ping_status":"closed","template":"","meta":{"_et_pb_use_builder":"on","_et_pb_old_content":"<p>[et_pb_section][et_pb_row][et_pb_column type=\"2_3\"][et_pb_text admin_label=\"Text\" background_layout=\"light\" text_orientation=\"left\"]<\/p><h1>Facial filler<\/h1><p>[breadcrumbs]<\/p><p><img class=\"alignright size-full wp-image-792\" src=\"https:\/\/www.ilahy.es\/wp-content\/uploads\/2014\/08\/relleno-facial.jpg\" alt=\"relleno facial\" width=\"335\" height=\"220\" \/>Hoy en d\u00eda, son muchas las personas que se animan a mejorar su aspecto f\u00edsico y todo gracias a los nuevos tratamientos est\u00e9ticos que no requieren pasar por el quir\u00f3fano ni por la temida anestesia.<\/p><p>Los <strong>rellenos faciales<\/strong> pueden conseguir unos resultados sorprendentes, <strong>aumentar el volumen de nuestro rostro, de nuestros p\u00f3mulos, unos labios m\u00e1s carnosos e incluso alisar la piel<\/strong>.<\/p><p>El tratamiento consiste en la aplicaci\u00f3n de \u00e1cido hialur\u00f3nico en la dermis.<\/p><p>El \u00e1cido hialur\u00f3nico es un componente natural de la piel y adem\u00e1s, el principal responsable de su elasticidad, pues retiene gran cantidad de agua que aporta volumen a los tejidos.<\/p><p>[\/et_pb_text][\/et_pb_column][et_pb_column type=\"1_3\"][et_pb_sidebar admin_label=\"Sidebar\" orientation=\"left\" area=\"sidebar-1\" background_layout=\"light\" \/][\/et_pb_column][\/et_pb_row][\/et_pb_section]<\/p><p>\u00a0<\/p>","_et_gb_content_width":"","footnotes":""},"class_list":["post-1385","page","type-page","status-publish","has-post-thumbnail","hentry"],"_links":{"self":[{"href":"https:\/\/www.ilahy.es\/en\/wp-json\/wp\/v2\/pages\/1385","targetHints":{"allow":["GET"]}}],"collection":[{"href":"https:\/\/www.ilahy.es\/en\/wp-json\/wp\/v2\/pages"}],"about":[{"href":"https:\/\/www.ilahy.es\/en\/wp-json\/wp\/v2\/types\/page"}],"author":[{"embeddable":true,"href":"https:\/\/www.ilahy.es\/en\/wp-json\/wp\/v2\/users\/1"}],"replies":[{"embeddable":true,"href":"https:\/\/www.ilahy.es\/en\/wp-json\/wp\/v2\/comments?post=1385"}],"version-history":[{"count":2,"href":"https:\/\/www.ilahy.es\/en\/wp-json\/wp\/v2\/pages\/1385\/revisions"}],"predecessor-version":[{"id":1707,"href":"https:\/\/www.ilahy.es\/en\/wp-json\/wp\/v2\/pages\/1385\/revisions\/1707"}],"up":[{"embeddable":true,"href":"https:\/\/www.ilahy.es\/en\/wp-json\/wp\/v2\/pages\/1366"}],"wp:featuredmedia":[{"embeddable":true,"href":"https:\/\/www.ilahy.es\/en\/wp-json\/wp\/v2\/media\/792"}],"wp:attachment":[{"href":"https:\/\/www.ilahy.es\/en\/wp-json\/wp\/v2\/media?parent=1385"}],"curies":[{"name":"wp","href":"https:\/\/api.w.org\/{rel}","templated":true}]}}