{"id":1383,"date":"2014-10-16T13:24:59","date_gmt":"2014-10-16T13:24:59","guid":{"rendered":"https:\/\/www.ilahy.es\/?page_id=1383"},"modified":"2015-01-26T14:49:17","modified_gmt":"2015-01-26T14:49:17","slug":"facial-radio-frequency","status":"publish","type":"page","link":"https:\/\/www.ilahy.es\/en\/treatments\/facial-aesthetic-medicine\/facial-radio-frequency","title":{"rendered":"Facial Radio frequency"},"content":{"rendered":"<p>[et_pb_section][et_pb_row][et_pb_column type=&#8221;2_3&#8243;][et_pb_text admin_label=&#8221;Text&#8221; background_layout=&#8221;light&#8221; text_orientation=&#8221;left&#8221;]<\/p>\n<h1>Facial Radio frequency to\u00a0rejuvenate the face<\/h1>\n<div class=\"breadcrumbs\"><\/div>\n<p><img loading=\"lazy\" decoding=\"async\" class=\"alignleft size-full wp-image-789\" src=\"https:\/\/www.ilahy.es\/wp-content\/uploads\/2014\/08\/rejuvencecer-rostro.jpg\" alt=\"rejuvenate face radiofrecuency rf\" width=\"330\" height=\"220\" srcset=\"https:\/\/www.ilahy.es\/wp-content\/uploads\/2014\/08\/rejuvencecer-rostro.jpg 330w, https:\/\/www.ilahy.es\/wp-content\/uploads\/2014\/08\/rejuvencecer-rostro-300x200.jpg 300w\" sizes=\"(max-width: 330px) 100vw, 330px\" \/><\/p>\n<p>Among the new treatments to <strong>achieve facial rejuvenation<\/strong>, one of the least invasive surgeries and aesthetic medicines, is the <strong>rejuvenation treatment with radio frequency<\/strong> which is very important when choosing a treatment to reduce wrinkles and expression lines and give freshness and youth to the dermis.<\/p>\n<p>Modern methods including the use of radio frequency combined to raise the temperature of connective tissue by a sophisticated electronic system that triggers the regeneration and production of new collagen producing facial rejuvenation and improvement of wrinkles that then tend to disappear.<\/p>\n<p>[\/et_pb_text][\/et_pb_column][et_pb_column type=&#8221;1_3&#8243;][et_pb_sidebar admin_label=&#8221;Sidebar&#8221; orientation=&#8221;left&#8221; area=&#8221;sidebar-1&#8243; background_layout=&#8221;light&#8221; \/][\/et_pb_column][\/et_pb_row][\/et_pb_section]<\/p>\n","protected":false},"excerpt":{"rendered":"<p>Rejuvenating your face<\/p>\n","protected":false},"author":1,"featured_media":788,"parent":1366,"menu_order":530,"comment_status":"closed","ping_status":"closed","template":"","meta":{"_et_pb_use_builder":"on","_et_pb_old_content":"<p>[et_pb_section][et_pb_row][et_pb_column type=\"2_3\"][et_pb_text admin_label=\"Text\" background_layout=\"light\" text_orientation=\"left\"]<\/p><h1>Radiofrecuencia facial para rejuvenecer el rostro<\/h1><p>[breadcrumbs]<\/p><p><img class=\"alignleft size-full wp-image-789\" src=\"https:\/\/www.ilahy.es\/wp-content\/uploads\/2014\/08\/rejuvencecer-rostro.jpg\" alt=\"rejuvencecer rostro con radiofrecuencia\" width=\"330\" height=\"220\" \/>Entre los nuevos tratamientos para lograr el <strong>rejuvenecimiento facial<\/strong>, uno de los menos invasivos en las cl\u00ednicas de cirug\u00eda y medicina est\u00e9tica, es el tratamiento de <strong>rejuvenecimiento con radiofrecuencia<\/strong>, una opci\u00f3n muy importante a la hora de elegir un tratamiento para lograr atenuar las arrugas, las l\u00edneas de expresi\u00f3n y otorgar lozan\u00eda y juventud a la dermis.<\/p><p>Los modernos procedimientos que incluyen la utilizaci\u00f3n de la radiofrecuencia se combinan para elevar la temperatura del tejido conjuntivo mediante un sofisticado sistema electr\u00f3nico que provoca la regeneraci\u00f3n y producci\u00f3n de nuevo col\u00e1geno consiguiendo el rejuvenecimiento facial y <strong>mejora de las arrugas<\/strong> que tienden a desaparecer disimul\u00e1ndose.<\/p><p>[\/et_pb_text][\/et_pb_column][et_pb_column type=\"1_3\"][et_pb_sidebar admin_label=\"Sidebar\" orientation=\"left\" area=\"sidebar-1\" background_layout=\"light\" \/][\/et_pb_column][\/et_pb_row][\/et_pb_section]<\/p><p>\u00a0<\/p>","_et_gb_content_width":"","footnotes":""},"class_list":["post-1383","page","type-page","status-publish","has-post-thumbnail","hentry"],"_links":{"self":[{"href":"https:\/\/www.ilahy.es\/en\/wp-json\/wp\/v2\/pages\/1383","targetHints":{"allow":["GET"]}}],"collection":[{"href":"https:\/\/www.ilahy.es\/en\/wp-json\/wp\/v2\/pages"}],"about":[{"href":"https:\/\/www.ilahy.es\/en\/wp-json\/wp\/v2\/types\/page"}],"author":[{"embeddable":true,"href":"https:\/\/www.ilahy.es\/en\/wp-json\/wp\/v2\/users\/1"}],"replies":[{"embeddable":true,"href":"https:\/\/www.ilahy.es\/en\/wp-json\/wp\/v2\/comments?post=1383"}],"version-history":[{"count":2,"href":"https:\/\/www.ilahy.es\/en\/wp-json\/wp\/v2\/pages\/1383\/revisions"}],"predecessor-version":[{"id":1709,"href":"https:\/\/www.ilahy.es\/en\/wp-json\/wp\/v2\/pages\/1383\/revisions\/1709"}],"up":[{"embeddable":true,"href":"https:\/\/www.ilahy.es\/en\/wp-json\/wp\/v2\/pages\/1366"}],"wp:featuredmedia":[{"embeddable":true,"href":"https:\/\/www.ilahy.es\/en\/wp-json\/wp\/v2\/media\/788"}],"wp:attachment":[{"href":"https:\/\/www.ilahy.es\/en\/wp-json\/wp\/v2\/media?parent=1383"}],"curies":[{"name":"wp","href":"https:\/\/api.w.org\/{rel}","templated":true}]}}