{"id":1381,"date":"2014-10-16T13:23:17","date_gmt":"2014-10-16T13:23:17","guid":{"rendered":"https:\/\/www.ilahy.es\/?page_id=1381"},"modified":"2015-01-26T14:37:24","modified_gmt":"2015-01-26T14:37:24","slug":"peeling","status":"publish","type":"page","link":"https:\/\/www.ilahy.es\/en\/treatments\/facial-aesthetic-medicine\/peeling","title":{"rendered":"Peeling"},"content":{"rendered":"<p>[et_pb_section][et_pb_row][et_pb_column type=&#8221;2_3&#8243;][et_pb_text admin_label=&#8221;Text&#8221; background_layout=&#8221;light&#8221; text_orientation=&#8221;left&#8221;]<\/p>\n<h1>Peeling<\/h1>\n<div class=\"breadcrumbs\"><\/div>\n<p><img loading=\"lazy\" decoding=\"async\" class=\"alignleft size-full wp-image-785\" src=\"https:\/\/www.ilahy.es\/wp-content\/uploads\/2014\/08\/peeling-facial.jpg\" alt=\"peeling facial\" width=\"320\" height=\"427\" srcset=\"https:\/\/www.ilahy.es\/wp-content\/uploads\/2014\/08\/peeling-facial.jpg 320w, https:\/\/www.ilahy.es\/wp-content\/uploads\/2014\/08\/peeling-facial-224x300.jpg 224w\" sizes=\"(max-width: 320px) 100vw, 320px\" \/><\/p>\n<p>The <strong>peeling<\/strong> is a<strong> facial rejuvenation treatment<\/strong> that directly addresses the epidermis layer of the skin. It cleans the skin deeply, bringing density and elasticity. The peeling is also indicated for treating scars, acne vulgaris, acne aftermath and to remove blemishes. It is a simple and successful treatment.<\/p>\n<p>[\/et_pb_text][\/et_pb_column][et_pb_column type=&#8221;1_3&#8243;][et_pb_sidebar admin_label=&#8221;Sidebar&#8221; orientation=&#8221;left&#8221; area=&#8221;sidebar-1&#8243; background_layout=&#8221;light&#8221; \/][\/et_pb_column][\/et_pb_row][\/et_pb_section]<\/p>\n","protected":false},"excerpt":{"rendered":"<p>Returns the freshness to your skin<\/p>\n","protected":false},"author":1,"featured_media":786,"parent":1366,"menu_order":527,"comment_status":"closed","ping_status":"closed","template":"","meta":{"_et_pb_use_builder":"on","_et_pb_old_content":"<p>[et_pb_section][et_pb_row][et_pb_column type=\"2_3\"][et_pb_text admin_label=\"Text\" background_layout=\"light\" text_orientation=\"left\"]<\/p><h1>Peeling<\/h1><p>[breadcrumbs]<\/p><p><img class=\"alignleft size-full wp-image-785\" src=\"https:\/\/www.ilahy.es\/wp-content\/uploads\/2014\/08\/peeling-facial.jpg\" alt=\"peeling facial\" width=\"320\" height=\"427\" \/>El <strong>peeling<\/strong> es un<strong> tratamiento de rejuvenecimiento facial<\/strong> que trata directamente la epidermis, capa superficial de la piel.<\/p><p>Limpia la piel en profundidad, aport\u00e1ndole densidad y elasticidad.<\/p><p>El peeling tambi\u00e9n est\u00e1 indicado para tratar cicatrices, acn\u00e9 juvenil, sus secuelas y para eliminar manchas.<\/p><p>Es un tratamiento sencillo y con buenos resultados.<\/p><p>[\/et_pb_text][\/et_pb_column][et_pb_column type=\"1_3\"][et_pb_sidebar admin_label=\"Sidebar\" orientation=\"left\" area=\"sidebar-1\" background_layout=\"light\" \/][\/et_pb_column][\/et_pb_row][\/et_pb_section]<\/p><p>\u00a0<\/p>","_et_gb_content_width":"","footnotes":""},"class_list":["post-1381","page","type-page","status-publish","has-post-thumbnail","hentry"],"_links":{"self":[{"href":"https:\/\/www.ilahy.es\/en\/wp-json\/wp\/v2\/pages\/1381","targetHints":{"allow":["GET"]}}],"collection":[{"href":"https:\/\/www.ilahy.es\/en\/wp-json\/wp\/v2\/pages"}],"about":[{"href":"https:\/\/www.ilahy.es\/en\/wp-json\/wp\/v2\/types\/page"}],"author":[{"embeddable":true,"href":"https:\/\/www.ilahy.es\/en\/wp-json\/wp\/v2\/users\/1"}],"replies":[{"embeddable":true,"href":"https:\/\/www.ilahy.es\/en\/wp-json\/wp\/v2\/comments?post=1381"}],"version-history":[{"count":2,"href":"https:\/\/www.ilahy.es\/en\/wp-json\/wp\/v2\/pages\/1381\/revisions"}],"predecessor-version":[{"id":1705,"href":"https:\/\/www.ilahy.es\/en\/wp-json\/wp\/v2\/pages\/1381\/revisions\/1705"}],"up":[{"embeddable":true,"href":"https:\/\/www.ilahy.es\/en\/wp-json\/wp\/v2\/pages\/1366"}],"wp:featuredmedia":[{"embeddable":true,"href":"https:\/\/www.ilahy.es\/en\/wp-json\/wp\/v2\/media\/786"}],"wp:attachment":[{"href":"https:\/\/www.ilahy.es\/en\/wp-json\/wp\/v2\/media?parent=1381"}],"curies":[{"name":"wp","href":"https:\/\/api.w.org\/{rel}","templated":true}]}}