{"id":1379,"date":"2014-10-16T13:21:55","date_gmt":"2014-10-16T13:21:55","guid":{"rendered":"https:\/\/www.ilahy.es\/?page_id=1379"},"modified":"2015-01-26T14:39:03","modified_gmt":"2015-01-26T14:39:03","slug":"silicon-mesotherapy","status":"publish","type":"page","link":"https:\/\/www.ilahy.es\/en\/treatments\/facial-aesthetic-medicine\/silicon-mesotherapy","title":{"rendered":"Silicon Mesotherapy"},"content":{"rendered":"<p>[et_pb_section][et_pb_row][et_pb_column type=&#8221;2_3&#8243;][et_pb_text admin_label=&#8221;Text&#8221; background_layout=&#8221;light&#8221; text_orientation=&#8221;left&#8221;]<\/p>\n<h1>Silicon Mesotherapy<\/h1>\n<div class=\"breadcrumbs\"><\/div>\n<p><img loading=\"lazy\" decoding=\"async\" class=\"alignleft size-full wp-image-782\" src=\"https:\/\/www.ilahy.es\/wp-content\/uploads\/2014\/08\/regulacion-metabolismo.jpg\" alt=\"mesoterapia regulacion metabolismo\" width=\"320\" height=\"480\" srcset=\"https:\/\/www.ilahy.es\/wp-content\/uploads\/2014\/08\/regulacion-metabolismo.jpg 320w, https:\/\/www.ilahy.es\/wp-content\/uploads\/2014\/08\/regulacion-metabolismo-200x300.jpg 200w\" sizes=\"(max-width: 320px) 100vw, 320px\" \/><\/p>\n<p>Silicon is an element that is present in our body (skin, bones, muscles), which is crucial for the presence and regeneration of hyaluronic acid and collagen fibers in our skin.<\/p>\n<p>Over the years it is reduced and that is why the skin loses its elasticity and smoothness.<\/p>\n<p>To regenerate the altered tissues and to regulate and stimulate the cells and metabolism of <strong>silicon\u00a0mesotherapy<\/strong>, Organic Silicon is applied and fast and very effective firming effects are achieved in any area of the body.<\/p>\n<p>[\/et_pb_text][\/et_pb_column][et_pb_column type=&#8221;1_3&#8243;][et_pb_sidebar admin_label=&#8221;Sidebar&#8221; orientation=&#8221;left&#8221; area=&#8221;sidebar-1&#8243; background_layout=&#8221;light&#8221; \/][\/et_pb_column][\/et_pb_row][\/et_pb_section]<\/p>\n","protected":false},"excerpt":{"rendered":"<p>Regulate and stimulate the cells and metabolism<\/p>\n","protected":false},"author":1,"featured_media":781,"parent":1366,"menu_order":104,"comment_status":"closed","ping_status":"closed","template":"","meta":{"_et_pb_use_builder":"on","_et_pb_old_content":"<p>[et_pb_section][et_pb_row][et_pb_column type=\"2_3\"][et_pb_text admin_label=\"Text\" background_layout=\"light\" text_orientation=\"left\"]<\/p><h1>Silicon Mesotherapy<\/h1><p>[breadcrumbs]<\/p><p><img class=\"alignleft size-full wp-image-782\" src=\"https:\/\/www.ilahy.es\/wp-content\/uploads\/2014\/08\/regulacion-metabolismo.jpg\" alt=\"mesoterapia regulacion metabolismo\" width=\"320\" height=\"480\" \/>El <strong>silicio<\/strong> es un elemento que se encuentra presente en nuestro organismo (en la piel, los huesos, los m\u00fasculos) y que es <strong>crucial para la presencia y regeneraci\u00f3n de \u00e1cido hialur\u00f3nico y fibras col\u00e1genas en nuestra piel<\/strong>.<\/p><p>Con los a\u00f1os se va reduciendo y por este motivo la piel pierde su elasticidad y tersura.<\/p><p>Para regenerar los tejidos alterados, regular y estimular las c\u00e9lulas y el metabolismo se aplica la mesoterapia de sicilio (Silicio Org\u00e1nico) y se consiguen unos efectos reafirmantes r\u00e1pidos y muy eficaces en cualquier zona del cuerpo.<\/p><p>[\/et_pb_text][\/et_pb_column][et_pb_column type=\"1_3\"][et_pb_sidebar admin_label=\"Sidebar\" orientation=\"left\" area=\"sidebar-1\" background_layout=\"light\" \/][\/et_pb_column][\/et_pb_row][\/et_pb_section]<\/p><p>\u00a0<\/p>","_et_gb_content_width":"","footnotes":""},"class_list":["post-1379","page","type-page","status-publish","has-post-thumbnail","hentry"],"_links":{"self":[{"href":"https:\/\/www.ilahy.es\/en\/wp-json\/wp\/v2\/pages\/1379","targetHints":{"allow":["GET"]}}],"collection":[{"href":"https:\/\/www.ilahy.es\/en\/wp-json\/wp\/v2\/pages"}],"about":[{"href":"https:\/\/www.ilahy.es\/en\/wp-json\/wp\/v2\/types\/page"}],"author":[{"embeddable":true,"href":"https:\/\/www.ilahy.es\/en\/wp-json\/wp\/v2\/users\/1"}],"replies":[{"embeddable":true,"href":"https:\/\/www.ilahy.es\/en\/wp-json\/wp\/v2\/comments?post=1379"}],"version-history":[{"count":2,"href":"https:\/\/www.ilahy.es\/en\/wp-json\/wp\/v2\/pages\/1379\/revisions"}],"predecessor-version":[{"id":1706,"href":"https:\/\/www.ilahy.es\/en\/wp-json\/wp\/v2\/pages\/1379\/revisions\/1706"}],"up":[{"embeddable":true,"href":"https:\/\/www.ilahy.es\/en\/wp-json\/wp\/v2\/pages\/1366"}],"wp:featuredmedia":[{"embeddable":true,"href":"https:\/\/www.ilahy.es\/en\/wp-json\/wp\/v2\/media\/781"}],"wp:attachment":[{"href":"https:\/\/www.ilahy.es\/en\/wp-json\/wp\/v2\/media?parent=1379"}],"curies":[{"name":"wp","href":"https:\/\/api.w.org\/{rel}","templated":true}]}}