{"id":1377,"date":"2014-10-16T13:15:02","date_gmt":"2014-10-16T13:15:02","guid":{"rendered":"https:\/\/www.ilahy.es\/?page_id=1377"},"modified":"2015-01-26T14:35:45","modified_gmt":"2015-01-26T14:35:45","slug":"facial-mesotherapy","status":"publish","type":"page","link":"https:\/\/www.ilahy.es\/en\/treatments\/facial-aesthetic-medicine\/facial-mesotherapy","title":{"rendered":"Facial Mesotherapy"},"content":{"rendered":"<p>[et_pb_section][et_pb_row][et_pb_column type=&#8221;2_3&#8243;][et_pb_text admin_label=&#8221;Text&#8221; background_layout=&#8221;light&#8221; text_orientation=&#8221;left&#8221;]<\/p>\n<h1>Facial Mesotherapy<\/h1>\n<p><div class=\"breadcrumbs\"><\/div> <img loading=\"lazy\" decoding=\"async\" class=\"alignright size-full wp-image-777\" src=\"https:\/\/www.ilahy.es\/wp-content\/uploads\/2014\/08\/rejuvenecer-piel.jpg\" alt=\"mesoterapia rejuvenecer piel\" width=\"320\" height=\"480\" srcset=\"https:\/\/www.ilahy.es\/wp-content\/uploads\/2014\/08\/rejuvenecer-piel.jpg 320w, https:\/\/www.ilahy.es\/wp-content\/uploads\/2014\/08\/rejuvenecer-piel-200x300.jpg 200w\" sizes=\"(max-width: 320px) 100vw, 320px\" \/> It is a <strong>treatment aimed to rejuvenate and restore the skin<\/strong> providing tone, elasticity and firmness with natural results. It involves the application of hyaluronic acid and vitamins in the dermis, achieving a deep, lasting brightness and hydration in the face.[\/et_pb_text][\/et_pb_column][et_pb_column type=&#8221;1_3&#8243;][et_pb_sidebar admin_label=&#8221;Sidebar&#8221; orientation=&#8221;left&#8221; area=&#8221;sidebar-1&#8243; background_layout=&#8221;light&#8221; \/][\/et_pb_column][\/et_pb_row][\/et_pb_section]<\/p>\n","protected":false},"excerpt":{"rendered":"<p>A younger face with superhidratacion and luminosity<\/p>\n","protected":false},"author":1,"featured_media":778,"parent":1366,"menu_order":525,"comment_status":"closed","ping_status":"closed","template":"","meta":{"_et_pb_use_builder":"on","_et_pb_old_content":"<p>[et_pb_section][et_pb_row][et_pb_column type=\"2_3\"][et_pb_text admin_label=\"Text\" background_layout=\"light\" text_orientation=\"left\"]<\/p><h1>Mesoterapia facial<\/h1><p>[breadcrumbs]<\/p><p><img class=\"alignright size-full wp-image-777\" src=\"https:\/\/www.ilahy.es\/wp-content\/uploads\/2014\/08\/rejuvenecer-piel.jpg\" alt=\"mesoterapia rejuvenecer piel\" width=\"320\" height=\"480\" \/>Es un <strong>tratamiento indicado para rejuvenecer y restaurar la piel<\/strong> aportando tonicidad, elasticidad y firmeza con resultados naturales.<\/p><p>Consiste en la aplicaci\u00f3n de \u00e1cido hialur\u00f3nico y vitaminas en la dermis, logrando una hidrataci\u00f3n profunda , duradera y luminosidad en el rostro.<\/p><p>[\/et_pb_text][\/et_pb_column][et_pb_column type=\"1_3\"][et_pb_sidebar admin_label=\"Sidebar\" orientation=\"left\" area=\"sidebar-1\" background_layout=\"light\" \/][\/et_pb_column][\/et_pb_row][\/et_pb_section]<\/p><p>\u00a0<\/p>","_et_gb_content_width":"","footnotes":""},"class_list":["post-1377","page","type-page","status-publish","has-post-thumbnail","hentry"],"_links":{"self":[{"href":"https:\/\/www.ilahy.es\/en\/wp-json\/wp\/v2\/pages\/1377","targetHints":{"allow":["GET"]}}],"collection":[{"href":"https:\/\/www.ilahy.es\/en\/wp-json\/wp\/v2\/pages"}],"about":[{"href":"https:\/\/www.ilahy.es\/en\/wp-json\/wp\/v2\/types\/page"}],"author":[{"embeddable":true,"href":"https:\/\/www.ilahy.es\/en\/wp-json\/wp\/v2\/users\/1"}],"replies":[{"embeddable":true,"href":"https:\/\/www.ilahy.es\/en\/wp-json\/wp\/v2\/comments?post=1377"}],"version-history":[{"count":2,"href":"https:\/\/www.ilahy.es\/en\/wp-json\/wp\/v2\/pages\/1377\/revisions"}],"predecessor-version":[{"id":1704,"href":"https:\/\/www.ilahy.es\/en\/wp-json\/wp\/v2\/pages\/1377\/revisions\/1704"}],"up":[{"embeddable":true,"href":"https:\/\/www.ilahy.es\/en\/wp-json\/wp\/v2\/pages\/1366"}],"wp:featuredmedia":[{"embeddable":true,"href":"https:\/\/www.ilahy.es\/en\/wp-json\/wp\/v2\/media\/778"}],"wp:attachment":[{"href":"https:\/\/www.ilahy.es\/en\/wp-json\/wp\/v2\/media?parent=1377"}],"curies":[{"name":"wp","href":"https:\/\/api.w.org\/{rel}","templated":true}]}}