{"id":1373,"date":"2014-10-16T13:11:50","date_gmt":"2014-10-16T13:11:50","guid":{"rendered":"https:\/\/www.ilahy.es\/?page_id=1373"},"modified":"2015-01-26T14:31:15","modified_gmt":"2015-01-26T14:31:15","slug":"removing-skin-stains","status":"publish","type":"page","link":"https:\/\/www.ilahy.es\/en\/treatments\/facial-aesthetic-medicine\/removing-skin-stains","title":{"rendered":"Removing skin blemishes"},"content":{"rendered":"<p>[et_pb_section][et_pb_row][et_pb_column type=&#8221;2_3&#8243;][et_pb_text admin_label=&#8221;Text&#8221; background_layout=&#8221;light&#8221; text_orientation=&#8221;left&#8221;]<\/p>\n<h1>Removing skin blemishes<\/h1>\n<div class=\"breadcrumbs\"><\/div>\n<p><img loading=\"lazy\" decoding=\"async\" class=\"alignleft size-full wp-image-769\" src=\"https:\/\/www.ilahy.es\/wp-content\/uploads\/2014\/08\/eliminar-manchas-piel.jpg\" alt=\"Removing skin blemishes\" width=\"300\" height=\"220\" srcset=\"https:\/\/www.ilahy.es\/wp-content\/uploads\/2014\/08\/eliminar-manchas-piel.jpg 300w, https:\/\/www.ilahy.es\/wp-content\/uploads\/2014\/08\/eliminar-manchas-piel-60x44.jpg 60w\" sizes=\"(max-width: 300px) 100vw, 300px\" \/><\/p>\n<p>The most effective treatment to permanently <strong>eliminate blemishes<\/strong> and <strong>retrieve a uniform skin tone is the CO2 laser<\/strong>.<\/p>\n<p>The CO2 laser has been the method of choice for performing ablative facial resurfacing to improve wrinkles, enlarged pores, hyper pigmentation and acne scars.<\/p>\n<p>The main advantage of facial ablative resurfacing is its effectiveness. A single procedure provides a significant reduction in wrinkles, solar lentigines, keratoses, surface irregularities and skin elasticity.<\/p>\n<p>It can make a person look from 5-10 years younger.<\/p>\n<p>[\/et_pb_text][\/et_pb_column][et_pb_column type=&#8221;1_3&#8243;][et_pb_sidebar admin_label=&#8221;Sidebar&#8221; orientation=&#8221;left&#8221; area=&#8221;sidebar-1&#8243; background_layout=&#8221;light&#8221; \/][\/et_pb_column][\/et_pb_row][\/et_pb_section]<\/p>\n","protected":false},"excerpt":{"rendered":"<p>Get a uniform skin tone<\/p>\n","protected":false},"author":1,"featured_media":769,"parent":1366,"menu_order":528,"comment_status":"closed","ping_status":"closed","template":"","meta":{"_et_pb_use_builder":"on","_et_pb_old_content":"<p>[et_pb_section][et_pb_row][et_pb_column type=\"2_3\"][et_pb_text admin_label=\"Text\" background_layout=\"light\" text_orientation=\"left\"]<\/p><h1>Eliminaci\u00f3n de las manchas de la piel<\/h1><p>[breadcrumbs]<\/p><p><img class=\"alignleft size-full wp-image-769\" src=\"https:\/\/www.ilahy.es\/wp-content\/uploads\/2014\/08\/eliminar-manchas-piel.jpg\" alt=\"eliminar manchas de la piel\" width=\"300\" height=\"220\" \/>El tratamiento m\u00e1s efectivo para <strong>acabar definitivamente con las manchas<\/strong> y recuperar un tono de piel homog\u00e9neo es el l\u00e1ser CO2.<\/p><p>El <strong>l\u00e1ser CO2<\/strong> ha sido el procedimiento por excelencia para realizar el resurfacing facial ablativo, para mejorar arrugas, poros dilatados, hiper pigmentaciones y cicatrices de acn\u00e9 o de otros or\u00edgenes.<\/p><p>La principal ventaja del resurfacing facial ablativo es su eficacia. Con un s\u00f3lo procedimiento se nota una reducci\u00f3n significativa de arrugas, l\u00e9ntigos solares, queratosis, irregularidades de la superficie y elasticidad de la piel.<\/p><p>A una persona se le puede percibir de <strong>5 a 10 a\u00f1os m\u00e1s joven<\/strong>.<\/p><p>[\/et_pb_text][\/et_pb_column][et_pb_column type=\"1_3\"][et_pb_sidebar admin_label=\"Sidebar\" orientation=\"left\" area=\"sidebar-1\" background_layout=\"light\" \/][\/et_pb_column][\/et_pb_row][\/et_pb_section]<\/p>","_et_gb_content_width":"","footnotes":""},"class_list":["post-1373","page","type-page","status-publish","has-post-thumbnail","hentry"],"_links":{"self":[{"href":"https:\/\/www.ilahy.es\/en\/wp-json\/wp\/v2\/pages\/1373","targetHints":{"allow":["GET"]}}],"collection":[{"href":"https:\/\/www.ilahy.es\/en\/wp-json\/wp\/v2\/pages"}],"about":[{"href":"https:\/\/www.ilahy.es\/en\/wp-json\/wp\/v2\/types\/page"}],"author":[{"embeddable":true,"href":"https:\/\/www.ilahy.es\/en\/wp-json\/wp\/v2\/users\/1"}],"replies":[{"embeddable":true,"href":"https:\/\/www.ilahy.es\/en\/wp-json\/wp\/v2\/comments?post=1373"}],"version-history":[{"count":3,"href":"https:\/\/www.ilahy.es\/en\/wp-json\/wp\/v2\/pages\/1373\/revisions"}],"predecessor-version":[{"id":1702,"href":"https:\/\/www.ilahy.es\/en\/wp-json\/wp\/v2\/pages\/1373\/revisions\/1702"}],"up":[{"embeddable":true,"href":"https:\/\/www.ilahy.es\/en\/wp-json\/wp\/v2\/pages\/1366"}],"wp:featuredmedia":[{"embeddable":true,"href":"https:\/\/www.ilahy.es\/en\/wp-json\/wp\/v2\/media\/769"}],"wp:attachment":[{"href":"https:\/\/www.ilahy.es\/en\/wp-json\/wp\/v2\/media?parent=1373"}],"curies":[{"name":"wp","href":"https:\/\/api.w.org\/{rel}","templated":true}]}}