{"id":1366,"date":"2014-10-16T13:05:59","date_gmt":"2014-10-16T13:05:59","guid":{"rendered":"https:\/\/www.ilahy.es\/?page_id=1366"},"modified":"2023-05-03T14:51:31","modified_gmt":"2023-05-03T14:51:31","slug":"facial-aesthetic-medicine","status":"publish","type":"page","link":"https:\/\/www.ilahy.es\/en\/treatments\/facial-aesthetic-medicine","title":{"rendered":"Aesthetic Facial Medicine"},"content":{"rendered":"<p>[et_pb_section background_color=&#8221;#ffffff&#8221; inner_shadow=&#8221;off&#8221; parallax=&#8221;off&#8221; parallax_method=&#8221;css&#8221; module_class=&#8221;tratamientos_grupo&#8221;][et_pb_row][et_pb_column type=&#8221;2_3&#8243;][et_pb_text admin_label=&#8221;Text&#8221; background_layout=&#8221;light&#8221; text_orientation=&#8221;left&#8221;]<\/p>\n<h1>Aesthetic Facial Medicine<\/h1>\n<div class=\"breadcrumbs\"><\/div>\n<p>Would you like to <strong>rejuvenate the appearance of your face without going under the knife<\/strong>? In ILAHY, within the hospital environment of IMED Hospitals, we offer you different facial aesthetic medicine treatments to treat skin blemishes, apply facial fillers or rejuvenate your face with facial mesotherapy.<\/p>\n<p>Remember that the first consultation with ILAHY is free and without obligation.<\/p>\n<div class=\"subpages\"><div class=\"et_pb_blurb et_pb_bg_layout_light et_pb_text_align_center et_pb_blurb_position_top\"><div class=\"et_pb_blurb_content\"><div class=\"et_pb_main_blurb_image\"><a href=\"https:\/\/www.ilahy.es\/en\/treatments\/facial-aesthetic-medicine\/5762-2\"><img loading=\"lazy\" decoding=\"async\" width=\"300\" height=\"220\" src=\"https:\/\/www.ilahy.es\/wp-content\/uploads\/2018\/01\/Sin-t\u00edtulo-1.jpg\" class=\"attachment-full size-full wp-post-image\" alt=\"\" srcset=\"https:\/\/www.ilahy.es\/wp-content\/uploads\/2018\/01\/Sin-t\u00edtulo-1.jpg 300w, https:\/\/www.ilahy.es\/wp-content\/uploads\/2018\/01\/Sin-t\u00edtulo-1-60x44.jpg 60w\" sizes=\"(max-width: 300px) 100vw, 300px\" \/><\/a><\/div><h4><a href=\"https:\/\/www.ilahy.es\/en\/treatments\/facial-aesthetic-medicine\/5762-2\">Get rid of bags Treatment<\/a><\/h4><p>Eliminate bags and rejuvenate your face<\/p><\/div><\/div><div class=\"et_pb_blurb et_pb_bg_layout_light et_pb_text_align_center et_pb_blurb_position_top\"><div class=\"et_pb_blurb_content\"><div class=\"et_pb_main_blurb_image\"><a href=\"https:\/\/www.ilahy.es\/en\/treatments\/facial-aesthetic-medicine\/silicon-mesotherapy\"><img loading=\"lazy\" decoding=\"async\" width=\"300\" height=\"220\" src=\"https:\/\/www.ilahy.es\/wp-content\/uploads\/2014\/08\/mesoterapia-metabolismo.jpg\" class=\"attachment-full size-full wp-post-image\" alt=\"mesoterapia metabolismo\" srcset=\"https:\/\/www.ilahy.es\/wp-content\/uploads\/2014\/08\/mesoterapia-metabolismo.jpg 300w, https:\/\/www.ilahy.es\/wp-content\/uploads\/2014\/08\/mesoterapia-metabolismo-60x44.jpg 60w\" sizes=\"(max-width: 300px) 100vw, 300px\" \/><\/a><\/div><h4><a href=\"https:\/\/www.ilahy.es\/en\/treatments\/facial-aesthetic-medicine\/silicon-mesotherapy\">Silicon Mesotherapy<\/a><\/h4><p>Regulate and stimulate the cells and metabolism<\/p><\/div><\/div><div class=\"et_pb_blurb et_pb_bg_layout_light et_pb_text_align_center et_pb_blurb_position_top\"><div class=\"et_pb_blurb_content\"><div class=\"et_pb_main_blurb_image\"><a href=\"https:\/\/www.ilahy.es\/en\/treatments\/facial-aesthetic-medicine\/facial-filler\"><img loading=\"lazy\" decoding=\"async\" width=\"335\" height=\"220\" src=\"https:\/\/www.ilahy.es\/wp-content\/uploads\/2014\/08\/relleno-facial.jpg\" class=\"attachment-full size-full wp-post-image\" alt=\"relleno facial\" srcset=\"https:\/\/www.ilahy.es\/wp-content\/uploads\/2014\/08\/relleno-facial.jpg 335w, https:\/\/www.ilahy.es\/wp-content\/uploads\/2014\/08\/relleno-facial-300x197.jpg 300w\" sizes=\"(max-width: 335px) 100vw, 335px\" \/><\/a><\/div><h4><a href=\"https:\/\/www.ilahy.es\/en\/treatments\/facial-aesthetic-medicine\/facial-filler\">Facial filler<\/a><\/h4><p>It eliminates fine lines. Increase of lips, cheekbones<\/p><\/div><\/div><div class=\"et_pb_blurb et_pb_bg_layout_light et_pb_text_align_center et_pb_blurb_position_top\"><div class=\"et_pb_blurb_content\"><div class=\"et_pb_main_blurb_image\"><a href=\"https:\/\/www.ilahy.es\/en\/treatments\/facial-aesthetic-medicine\/earfold\"><img loading=\"lazy\" decoding=\"async\" width=\"300\" height=\"220\" src=\"https:\/\/www.ilahy.es\/wp-content\/uploads\/2017\/01\/earfold-orejas-soplillo.jpg\" class=\"attachment-full size-full wp-post-image\" alt=\"earfold orejas de soplillo\" srcset=\"https:\/\/www.ilahy.es\/wp-content\/uploads\/2017\/01\/earfold-orejas-soplillo.jpg 300w, https:\/\/www.ilahy.es\/wp-content\/uploads\/2017\/01\/earfold-orejas-soplillo-60x44.jpg 60w\" sizes=\"(max-width: 300px) 100vw, 300px\" \/><\/a><\/div><h4><a href=\"https:\/\/www.ilahy.es\/en\/treatments\/facial-aesthetic-medicine\/earfold\">earFold\u2122<\/a><\/h4><p>Correct prominent ears<\/p><\/div><\/div><div class=\"et_pb_blurb et_pb_bg_layout_light et_pb_text_align_center et_pb_blurb_position_top\"><div class=\"et_pb_blurb_content\"><div class=\"et_pb_main_blurb_image\"><a href=\"https:\/\/www.ilahy.es\/en\/treatments\/facial-aesthetic-medicine\/co2re-laser-facial-rejuvenation\"><img loading=\"lazy\" decoding=\"async\" width=\"300\" height=\"220\" src=\"https:\/\/www.ilahy.es\/wp-content\/uploads\/2014\/10\/tratamiento-laser-rejuvenecedor.jpg\" class=\"attachment-full size-full wp-post-image\" alt=\"tratamiento l\u00e1ser rejuvenecedor\" srcset=\"https:\/\/www.ilahy.es\/wp-content\/uploads\/2014\/10\/tratamiento-laser-rejuvenecedor.jpg 300w, https:\/\/www.ilahy.es\/wp-content\/uploads\/2014\/10\/tratamiento-laser-rejuvenecedor-60x44.jpg 60w\" sizes=\"(max-width: 300px) 100vw, 300px\" \/><\/a><\/div><h4><a href=\"https:\/\/www.ilahy.es\/en\/treatments\/facial-aesthetic-medicine\/co2re-laser-facial-rejuvenation\">Co2RE Laser Facial Rejuvenation<\/a><\/h4><p>Removes stains and blemishes<\/p><\/div><\/div><div class=\"et_pb_blurb et_pb_bg_layout_light et_pb_text_align_center et_pb_blurb_position_top\"><div class=\"et_pb_blurb_content\"><div class=\"et_pb_main_blurb_image\"><a href=\"https:\/\/www.ilahy.es\/en\/treatments\/facial-aesthetic-medicine\/facial-mesotherapy\"><img loading=\"lazy\" decoding=\"async\" width=\"300\" height=\"220\" src=\"https:\/\/www.ilahy.es\/wp-content\/uploads\/2014\/08\/mesoterapia-rejuvenecer-piel.jpg\" class=\"attachment-full size-full wp-post-image\" alt=\"mesoterapia piel\" \/><\/a><\/div><h4><a href=\"https:\/\/www.ilahy.es\/en\/treatments\/facial-aesthetic-medicine\/facial-mesotherapy\">Facial Mesotherapy<\/a><\/h4><p>A younger face with superhidratacion and luminosity<\/p><\/div><\/div><div class=\"et_pb_blurb et_pb_bg_layout_light et_pb_text_align_center et_pb_blurb_position_top\"><div class=\"et_pb_blurb_content\"><div class=\"et_pb_main_blurb_image\"><a href=\"https:\/\/www.ilahy.es\/en\/treatments\/facial-aesthetic-medicine\/peeling\"><img loading=\"lazy\" decoding=\"async\" width=\"300\" height=\"220\" src=\"https:\/\/www.ilahy.es\/wp-content\/uploads\/2014\/08\/peeling.jpg\" class=\"attachment-full size-full wp-post-image\" alt=\"\" srcset=\"https:\/\/www.ilahy.es\/wp-content\/uploads\/2014\/08\/peeling.jpg 300w, https:\/\/www.ilahy.es\/wp-content\/uploads\/2014\/08\/peeling-60x44.jpg 60w\" sizes=\"(max-width: 300px) 100vw, 300px\" \/><\/a><\/div><h4><a href=\"https:\/\/www.ilahy.es\/en\/treatments\/facial-aesthetic-medicine\/peeling\">Peeling<\/a><\/h4><p>Returns the freshness to your skin<\/p><\/div><\/div><div class=\"et_pb_blurb et_pb_bg_layout_light et_pb_text_align_center et_pb_blurb_position_top\"><div class=\"et_pb_blurb_content\"><div class=\"et_pb_main_blurb_image\"><a href=\"https:\/\/www.ilahy.es\/en\/treatments\/facial-aesthetic-medicine\/removing-skin-stains\"><img loading=\"lazy\" decoding=\"async\" width=\"300\" height=\"220\" src=\"https:\/\/www.ilahy.es\/wp-content\/uploads\/2014\/08\/eliminar-manchas-piel.jpg\" class=\"attachment-full size-full wp-post-image\" alt=\"eliminar manchas de la piel\" srcset=\"https:\/\/www.ilahy.es\/wp-content\/uploads\/2014\/08\/eliminar-manchas-piel.jpg 300w, https:\/\/www.ilahy.es\/wp-content\/uploads\/2014\/08\/eliminar-manchas-piel-60x44.jpg 60w\" sizes=\"(max-width: 300px) 100vw, 300px\" \/><\/a><\/div><h4><a href=\"https:\/\/www.ilahy.es\/en\/treatments\/facial-aesthetic-medicine\/removing-skin-stains\">Removing skin blemishes<\/a><\/h4><p>Get a uniform skin tone<\/p><\/div><\/div><div class=\"et_pb_blurb et_pb_bg_layout_light et_pb_text_align_center et_pb_blurb_position_top\"><div class=\"et_pb_blurb_content\"><div class=\"et_pb_main_blurb_image\"><a href=\"https:\/\/www.ilahy.es\/en\/treatments\/facial-aesthetic-medicine\/facial-radio-frequency\"><img loading=\"lazy\" decoding=\"async\" width=\"300\" height=\"220\" src=\"https:\/\/www.ilahy.es\/wp-content\/uploads\/2014\/08\/radiofeecuencia-facial.jpg\" class=\"attachment-full size-full wp-post-image\" alt=\"radiofeecuencia facial\" srcset=\"https:\/\/www.ilahy.es\/wp-content\/uploads\/2014\/08\/radiofeecuencia-facial.jpg 300w, https:\/\/www.ilahy.es\/wp-content\/uploads\/2014\/08\/radiofeecuencia-facial-60x44.jpg 60w\" sizes=\"(max-width: 300px) 100vw, 300px\" \/><\/a><\/div><h4><a href=\"https:\/\/www.ilahy.es\/en\/treatments\/facial-aesthetic-medicine\/facial-radio-frequency\">Facial Radio frequency<\/a><\/h4><p>Rejuvenating your face<\/p><\/div><\/div><\/div>\n<p>[\/et_pb_text][\/et_pb_column][et_pb_column type=&#8221;1_3&#8243;][et_pb_sidebar admin_label=&#8221;Sidebar&#8221; orientation=&#8221;left&#8221; area=&#8221;sidebar-1&#8243; background_layout=&#8221;light&#8221; \/][\/et_pb_column][\/et_pb_row][\/et_pb_section]<\/p>\n","protected":false},"excerpt":{"rendered":"<p><div class=\"et_pb_row et_pb_row_0 et_pb_row_empty\">\n\t\t\t\t\n\t\t\t\t\n\t\t\t\t\n\t\t\t\t\n\t\t\t\t\n\t\t\t<\/div> Aesthetic Facial Medicine <div class=\"breadcrumbs\"><\/div> Would you like to rejuvenate the appearance of your face without going under the knife? In ILAHY, within the hospital environment of IMED Hospitals, we offer you different facial aesthetic medicine treatments to treat skin blemishes, apply facial fillers or rejuvenate your face with facial mesotherapy. Remember that the first [&hellip;]<\/p>\n","protected":false},"author":1,"featured_media":12573,"parent":1135,"menu_order":75,"comment_status":"closed","ping_status":"closed","template":"","meta":{"_et_pb_use_builder":"on","_et_pb_old_content":"<p>[et_pb_section background_color=\"#ffffff\" inner_shadow=\"off\" parallax=\"off\" parallax_method=\"css\" module_class=\"tratamientos_grupo\"][et_pb_row][et_pb_column type=\"2_3\"][et_pb_text admin_label=\"Text\" background_layout=\"light\" text_orientation=\"left\"]<\/p><h1>Facial Aesthetic Medicine<\/h1><p>[breadcrumbs]<\/p><p>\u00bfTe gustar\u00eda rejuvenecer\u00a0el\u00a0aspecto de tu rostro sin pasar por el quir\u00f3fano? En ilahy, dentro del entorno hospitalario de IMED Hospitales, ponemos a tu disposici\u00f3n diferentes<strong> tratamientos de medicina est\u00e9tica facial\u00a0<\/strong>para tratar manchas de la piel, aplicar rellenos faciales o rejuvenecer el rostro con mesoterapia facial.<\/p><p>Recuerda que la primera consulta con tu asesor de imagen es gratuita y sin compromiso.<\/p><p>[subpages]<\/p><p>[\/et_pb_text][\/et_pb_column][et_pb_column type=\"1_3\"][et_pb_sidebar admin_label=\"Sidebar\" orientation=\"left\" area=\"sidebar-1\" background_layout=\"light\" \/][\/et_pb_column][\/et_pb_row][\/et_pb_section]<\/p>","_et_gb_content_width":"","footnotes":""},"class_list":["post-1366","page","type-page","status-publish","has-post-thumbnail","hentry"],"_links":{"self":[{"href":"https:\/\/www.ilahy.es\/en\/wp-json\/wp\/v2\/pages\/1366","targetHints":{"allow":["GET"]}}],"collection":[{"href":"https:\/\/www.ilahy.es\/en\/wp-json\/wp\/v2\/pages"}],"about":[{"href":"https:\/\/www.ilahy.es\/en\/wp-json\/wp\/v2\/types\/page"}],"author":[{"embeddable":true,"href":"https:\/\/www.ilahy.es\/en\/wp-json\/wp\/v2\/users\/1"}],"replies":[{"embeddable":true,"href":"https:\/\/www.ilahy.es\/en\/wp-json\/wp\/v2\/comments?post=1366"}],"version-history":[{"count":2,"href":"https:\/\/www.ilahy.es\/en\/wp-json\/wp\/v2\/pages\/1366\/revisions"}],"predecessor-version":[{"id":1698,"href":"https:\/\/www.ilahy.es\/en\/wp-json\/wp\/v2\/pages\/1366\/revisions\/1698"}],"up":[{"embeddable":true,"href":"https:\/\/www.ilahy.es\/en\/wp-json\/wp\/v2\/pages\/1135"}],"wp:featuredmedia":[{"embeddable":true,"href":"https:\/\/www.ilahy.es\/en\/wp-json\/wp\/v2\/media\/12573"}],"wp:attachment":[{"href":"https:\/\/www.ilahy.es\/en\/wp-json\/wp\/v2\/media?parent=1366"}],"curies":[{"name":"wp","href":"https:\/\/api.w.org\/{rel}","templated":true}]}}