{"id":1364,"date":"2014-10-16T13:04:53","date_gmt":"2014-10-16T13:04:53","guid":{"rendered":"https:\/\/www.ilahy.es\/?page_id=1364"},"modified":"2019-10-07T13:31:22","modified_gmt":"2019-10-07T13:31:22","slug":"intragastric-balloon","status":"publish","type":"page","link":"https:\/\/www.ilahy.es\/en\/treatments\/obesity\/intragastric-balloon","title":{"rendered":"Intragastric Balloon"},"content":{"rendered":"<p>[et_pb_section fullwidth=&#8221;off&#8221; specialty=&#8221;off&#8221;][et_pb_row][et_pb_column type=&#8221;2_3&#8243;][et_pb_text admin_label=&#8221;Text&#8221; background_layout=&#8221;light&#8221; text_orientation=&#8221;left&#8221;]<\/p>\n<h1>Intragastric Balloon<\/h1>\n<div class=\"breadcrumbs\"><\/div>\n<p><img loading=\"lazy\" decoding=\"async\" class=\"aligncenter size-full wp-image-8038\" src=\"https:\/\/www.ilahy.es\/wp-content\/uploads\/2017\/03\/xO-gastric-balloon-price.jpg\" alt=\"gastric balloon price 2019\" width=\"700\" height=\"350\" srcset=\"https:\/\/www.ilahy.es\/wp-content\/uploads\/2017\/03\/xO-gastric-balloon-price.jpg 700w, https:\/\/www.ilahy.es\/wp-content\/uploads\/2017\/03\/xO-gastric-balloon-price-300x150.jpg 300w, https:\/\/www.ilahy.es\/wp-content\/uploads\/2017\/03\/xO-gastric-balloon-price-600x300.jpg 600w\" sizes=\"(max-width: 700px) 100vw, 700px\" \/> <\/p>\n<p>The <strong>intragastric balloon is a treatment for obesity without surgery.<\/strong> This procedure is carried out in 20 minutes. The process involves placing, through the esophagus (endoscopy) a ball in the stomach, which will fill saline. The saline solution is added to a colored compound (methylene blue). <\/p>\n<p>The intragastric balloon remains lodged in the stomach for six months in which the patient carries out an absolutely normal life. The difference is that when you sit down to eat, you won&#8217;t feel as hungry or have much of an appetite and so a lower food intake will take place. Here lies the success of the intragastric balloon as being satiated food intake is reduced and, by reducing what you eat, the extra kilos and the harm to the patients health are both reduced too.[\/et_pb_text][\/et_pb_column][et_pb_column type=&#8221;1_3&#8243;][et_pb_sidebar admin_label=&#8221;Sidebar&#8221; orientation=&#8221;left&#8221; area=&#8221;sidebar-1&#8243; background_layout=&#8221;light&#8221; \/][\/et_pb_column][\/et_pb_row][\/et_pb_section]<\/p>\n","protected":false},"excerpt":{"rendered":"<p>Treatment against obesity, without surgery<\/p>\n","protected":false},"author":1,"featured_media":323,"parent":1389,"menu_order":163,"comment_status":"closed","ping_status":"closed","template":"","meta":{"_et_pb_use_builder":"on","_et_pb_old_content":"<p>[et_pb_section fullwidth=\"off\" specialty=\"off\"][et_pb_row][et_pb_column type=\"2_3\"][et_pb_text admin_label=\"Text\" background_layout=\"light\" text_orientation=\"left\"]<\/p><h1>Bal\u00f3n Intrag\u00e1strico<\/h1><p>[breadcrumbs]<\/p><p><img class=\"wp-image-457 alignright\" src=\"https:\/\/www.ilahy.es\/wp-content\/uploads\/2014\/08\/balon-intragastrico.jpg\" alt=\"Bal\u00f3n intragastrico BIG\" width=\"363\" height=\"242\" \/>El <strong>bal\u00f3n intrag\u00e1strico<\/strong> es un <strong>tratamiento contra la obesidad<\/strong>, sin cirug\u00eda. S\u00f3lo se precisan 20 minutos para colocarlo. El proceso consiste en la colocaci\u00f3n, a trav\u00e9s del es\u00f3fago ( por endoscopia), de un <strong>bal\u00f3n en el est\u00f3mago<\/strong>, que se rellenar\u00e1 de suero salino. El suero salino est\u00e1 adicionado con un compuesto coloreado ( azul de metileno).<\/p><p>El bal\u00f3n intrag\u00e1strico permanece alojado en el est\u00f3mago durante 6 meses en los que el paciente realiza una vida absolutamente normal. La diferencia es que cuando se sienta a comer, no tendr\u00e1 la sensaci\u00f3n de apetito y con poca ingesta de alimentos se encontrar\u00e1 saciado. Aqu\u00ed radica el \u00e9xito del bal\u00f3n intrag\u00e1strico, ya que al estar saciado se reduce la ingesta de alimentos y, al reducir lo que se come, se pierden los kilos que sobran y perjudican la salud del paciente.<\/p><p>\u00a0<\/p><p>[\/et_pb_text][\/et_pb_column][et_pb_column type=\"1_3\"][et_pb_sidebar admin_label=\"Sidebar\" orientation=\"left\" area=\"sidebar-1\" background_layout=\"light\" \/][\/et_pb_column][\/et_pb_row][\/et_pb_section]<\/p><p>\u00a0<\/p>","_et_gb_content_width":"","footnotes":""},"class_list":["post-1364","page","type-page","status-publish","has-post-thumbnail","hentry"],"_links":{"self":[{"href":"https:\/\/www.ilahy.es\/en\/wp-json\/wp\/v2\/pages\/1364","targetHints":{"allow":["GET"]}}],"collection":[{"href":"https:\/\/www.ilahy.es\/en\/wp-json\/wp\/v2\/pages"}],"about":[{"href":"https:\/\/www.ilahy.es\/en\/wp-json\/wp\/v2\/types\/page"}],"author":[{"embeddable":true,"href":"https:\/\/www.ilahy.es\/en\/wp-json\/wp\/v2\/users\/1"}],"replies":[{"embeddable":true,"href":"https:\/\/www.ilahy.es\/en\/wp-json\/wp\/v2\/comments?post=1364"}],"version-history":[{"count":11,"href":"https:\/\/www.ilahy.es\/en\/wp-json\/wp\/v2\/pages\/1364\/revisions"}],"predecessor-version":[{"id":8217,"href":"https:\/\/www.ilahy.es\/en\/wp-json\/wp\/v2\/pages\/1364\/revisions\/8217"}],"up":[{"embeddable":true,"href":"https:\/\/www.ilahy.es\/en\/wp-json\/wp\/v2\/pages\/1389"}],"wp:featuredmedia":[{"embeddable":true,"href":"https:\/\/www.ilahy.es\/en\/wp-json\/wp\/v2\/media\/323"}],"wp:attachment":[{"href":"https:\/\/www.ilahy.es\/en\/wp-json\/wp\/v2\/media?parent=1364"}],"curies":[{"name":"wp","href":"https:\/\/api.w.org\/{rel}","templated":true}]}}