{"id":1360,"date":"2014-10-16T13:02:03","date_gmt":"2014-10-16T13:02:03","guid":{"rendered":"https:\/\/www.ilahy.es\/?page_id=1360"},"modified":"2015-01-26T12:15:26","modified_gmt":"2015-01-26T12:15:26","slug":"intimate-surgery","status":"publish","type":"page","link":"https:\/\/www.ilahy.es\/en\/treatments\/body-surgery\/intimate-surgery","title":{"rendered":"Intimate Surgery"},"content":{"rendered":"<p>[et_pb_section fullwidth=&#8221;off&#8221; specialty=&#8221;off&#8221;][et_pb_row][et_pb_column type=&#8221;2_3&#8243;][et_pb_text admin_label=&#8221;Text&#8221; background_layout=&#8221;light&#8221; text_orientation=&#8221;left&#8221;]<\/p>\n<h1>Intimate Surgery<\/h1>\n<div class=\"breadcrumbs\"><\/div>\n<p><img loading=\"lazy\" decoding=\"async\" class=\"alignright  wp-image-452\" src=\"https:\/\/www.ilahy.es\/wp-content\/uploads\/2014\/08\/cirugia-intima1.jpg\" alt=\"Cirug\u00eda \u00edntima\" width=\"358\" height=\"361\" srcset=\"https:\/\/www.ilahy.es\/wp-content\/uploads\/2014\/08\/cirugia-intima1.jpg 520w, https:\/\/www.ilahy.es\/wp-content\/uploads\/2014\/08\/cirugia-intima1-150x150.jpg 150w, https:\/\/www.ilahy.es\/wp-content\/uploads\/2014\/08\/cirugia-intima1-297x300.jpg 297w, https:\/\/www.ilahy.es\/wp-content\/uploads\/2014\/08\/cirugia-intima1-45x45.jpg 45w\" sizes=\"(max-width: 358px) 100vw, 358px\" \/><\/p>\n<p>The <strong>intimate surgery<\/strong> is becoming increasingly popular for women. It not only seeks to improve the external appearance and facial and \/ or body rejuvenation, now also the intimate areas and not just for aesthetic reasons, but also to solve health problems.<\/p>\n<p>It is an outpatient surgical <strong>repair of female genital organs<\/strong> demanded by women of all ages with problems in the intimate area of birth, sports injury, motherhood, excess fat &#8230;<\/p>\n<p>This type of intervention helps solve various problems that mean our patients can resume a normal life without suffering discomfort in wearing tight clothes, discomfort when having sex or even when playing certain sports.<\/p>\n<p>[\/et_pb_text][\/et_pb_column][et_pb_column type=&#8221;1_3&#8243;][et_pb_sidebar admin_label=&#8221;Sidebar&#8221; orientation=&#8221;left&#8221; area=&#8221;sidebar-1&#8243; background_layout=&#8221;light&#8221; \/][\/et_pb_column][\/et_pb_row][\/et_pb_section]<\/p>\n","protected":false},"excerpt":{"rendered":"<p>Ambulatory Surgery of the genitals<\/p>\n","protected":false},"author":1,"featured_media":319,"parent":1350,"menu_order":503,"comment_status":"closed","ping_status":"closed","template":"","meta":{"_et_pb_use_builder":"on","_et_pb_old_content":"<p>[et_pb_section fullwidth=\"off\" specialty=\"off\"][et_pb_row][et_pb_column type=\"2_3\"][et_pb_text admin_label=\"Text\" background_layout=\"light\" text_orientation=\"left\"]<\/p><h1>Cirug\u00eda \u00edntima<\/h1><p>[breadcrumbs]<\/p><p><img class=\"alignright  wp-image-452\" src=\"https:\/\/www.ilahy.es\/wp-content\/uploads\/2014\/08\/cirugia-intima1.jpg\" alt=\"Cirug\u00eda \u00edntima\" width=\"358\" height=\"361\" \/>La <strong>cirug\u00eda est\u00e9tica \u00edntima<\/strong> empieza a ser cada vez m\u00e1s demandada por las mujeres. Ya no s\u00f3lo se busca mejorar el aspecto f\u00edsico externo y el rejuvenecimiento facial y\/o corporal, ahora tambi\u00e9n el de las zonas \u00edntimas y no solo por motivos est\u00e9ticos, si no tambi\u00e9n para resolver problemas de salud.<\/p><p>Se trata de una cirug\u00eda ambulatoria <strong>reparadora de los \u00f3rganos genitales femeninos<\/strong> demandada por mujeres de todas las edades con problemas en la zona \u00edntima de nacimiento, por lesiones deportivas, por la maternidad, exceso de grasa\u2026<\/p><p>Este tipo de intervenciones ayuda a solucionar diversos problemas que hacen que nuestras pacientes puedan volver a llevar una vida normal sin sufrir molestias al vestir prendas ajustadas, molestias a la hora de mantener relaciones sexuales o incluso practicar ciertos deportes.<\/p><p>[\/et_pb_text][\/et_pb_column][et_pb_column type=\"1_3\"][et_pb_sidebar admin_label=\"Sidebar\" orientation=\"left\" area=\"sidebar-1\" background_layout=\"light\" \/][\/et_pb_column][\/et_pb_row][\/et_pb_section]<\/p><p>\u00a0<\/p>","_et_gb_content_width":"","footnotes":""},"class_list":["post-1360","page","type-page","status-publish","has-post-thumbnail","hentry"],"_links":{"self":[{"href":"https:\/\/www.ilahy.es\/en\/wp-json\/wp\/v2\/pages\/1360","targetHints":{"allow":["GET"]}}],"collection":[{"href":"https:\/\/www.ilahy.es\/en\/wp-json\/wp\/v2\/pages"}],"about":[{"href":"https:\/\/www.ilahy.es\/en\/wp-json\/wp\/v2\/types\/page"}],"author":[{"embeddable":true,"href":"https:\/\/www.ilahy.es\/en\/wp-json\/wp\/v2\/users\/1"}],"replies":[{"embeddable":true,"href":"https:\/\/www.ilahy.es\/en\/wp-json\/wp\/v2\/comments?post=1360"}],"version-history":[{"count":2,"href":"https:\/\/www.ilahy.es\/en\/wp-json\/wp\/v2\/pages\/1360\/revisions"}],"predecessor-version":[{"id":1678,"href":"https:\/\/www.ilahy.es\/en\/wp-json\/wp\/v2\/pages\/1360\/revisions\/1678"}],"up":[{"embeddable":true,"href":"https:\/\/www.ilahy.es\/en\/wp-json\/wp\/v2\/pages\/1350"}],"wp:featuredmedia":[{"embeddable":true,"href":"https:\/\/www.ilahy.es\/en\/wp-json\/wp\/v2\/media\/319"}],"wp:attachment":[{"href":"https:\/\/www.ilahy.es\/en\/wp-json\/wp\/v2\/media?parent=1360"}],"curies":[{"name":"wp","href":"https:\/\/api.w.org\/{rel}","templated":true}]}}