{"id":1358,"date":"2014-10-16T13:00:51","date_gmt":"2014-10-16T13:00:51","guid":{"rendered":"https:\/\/www.ilahy.es\/?page_id=1358"},"modified":"2015-01-26T12:13:50","modified_gmt":"2015-01-26T12:13:50","slug":"arms-and-thighs-lifting","status":"publish","type":"page","link":"https:\/\/www.ilahy.es\/en\/treatments\/body-surgery\/arms-and-thighs-lifting","title":{"rendered":"Arms and Thighs Lifting"},"content":{"rendered":"<p>[et_pb_section fullwidth=&#8221;off&#8221; specialty=&#8221;off&#8221;][et_pb_row][et_pb_column type=&#8221;2_3&#8243;][et_pb_text admin_label=&#8221;Text&#8221; background_layout=&#8221;light&#8221; text_orientation=&#8221;left&#8221;]<\/p>\n<h1>Arms and Thighs Lifting<\/h1>\n<div class=\"breadcrumbs\"><\/div>\n<p><strong>Excess skin on arms and thighs<\/strong> is very common and usually occurs as a result of weight loss or part of aging. Its unsightly appearance and poor results with diet and exercise, generate insecurity in the person, which translates into not wanting to show these affected parts, avoiding the use of clothing with short sleeves, shorts and swimsuits.<\/p>\n<p>After surgery, the patients arms and legs will be firmer and have a more youthful appearance.<\/p>\n<p><img loading=\"lazy\" decoding=\"async\" class=\"alignnone size-full wp-image-450\" src=\"https:\/\/www.ilahy.es\/wp-content\/uploads\/2014\/08\/lifting-brazos-muslos.jpg\" alt=\"Lifting brazos y muslos\" width=\"700\" height=\"558\" srcset=\"https:\/\/www.ilahy.es\/wp-content\/uploads\/2014\/08\/lifting-brazos-muslos.jpg 700w, https:\/\/www.ilahy.es\/wp-content\/uploads\/2014\/08\/lifting-brazos-muslos-300x239.jpg 300w\" sizes=\"(max-width: 700px) 100vw, 700px\" \/><\/p>\n<p>&nbsp;<\/p>\n<p>[\/et_pb_text][\/et_pb_column][et_pb_column type=&#8221;1_3&#8243;][et_pb_sidebar admin_label=&#8221;Sidebar&#8221; orientation=&#8221;left&#8221; area=&#8221;sidebar-1&#8243; background_layout=&#8221;light&#8221; \/][\/et_pb_column][\/et_pb_row][\/et_pb_section]<\/p>\n","protected":false},"excerpt":{"rendered":"<p>Removes the excess skin on the arms and thighs<\/p>\n","protected":false},"author":1,"featured_media":316,"parent":1350,"menu_order":501,"comment_status":"closed","ping_status":"closed","template":"","meta":{"_et_pb_use_builder":"on","_et_pb_old_content":"<p>[et_pb_section fullwidth=\"off\" specialty=\"off\"][et_pb_row][et_pb_column type=\"2_3\"][et_pb_text admin_label=\"Text\" background_layout=\"light\" text_orientation=\"left\"]<\/p><h1>Lifting de brazos y muslos<\/h1><p>[breadcrumbs]<\/p><p>El <strong>exceso de piel en brazos y muslos<\/strong> es algo muy com\u00fan y se suele producir como resultado de la p\u00e9rdida de peso o parte del envejecimiento. Su apariencia antiest\u00e9tica y sus escasos resultados a base de dieta y ejercicio, generan inseguridad en la persona, que se traduce en no querer mostrar estas partes afectadas, evitando el uso de ropa de manga corta, pantalones cortos y ba\u00f1adores.<\/p><p>Tras la cirug\u00eda, sus brazos y piernas estar\u00e1n m\u00e1s firmes y con un aspecto m\u00e1s juvenil.<\/p><p><img class=\"alignnone size-full wp-image-450\" src=\"https:\/\/www.ilahy.es\/wp-content\/uploads\/2014\/08\/lifting-brazos-muslos.jpg\" alt=\"Lifting brazos y muslos\" width=\"700\" height=\"558\" \/><\/p><p>[\/et_pb_text][\/et_pb_column][et_pb_column type=\"1_3\"][et_pb_sidebar admin_label=\"Sidebar\" orientation=\"left\" area=\"sidebar-1\" background_layout=\"light\" \/][\/et_pb_column][\/et_pb_row][\/et_pb_section]<\/p><p>\u00a0<\/p>","_et_gb_content_width":"","footnotes":""},"class_list":["post-1358","page","type-page","status-publish","has-post-thumbnail","hentry"],"_links":{"self":[{"href":"https:\/\/www.ilahy.es\/en\/wp-json\/wp\/v2\/pages\/1358","targetHints":{"allow":["GET"]}}],"collection":[{"href":"https:\/\/www.ilahy.es\/en\/wp-json\/wp\/v2\/pages"}],"about":[{"href":"https:\/\/www.ilahy.es\/en\/wp-json\/wp\/v2\/types\/page"}],"author":[{"embeddable":true,"href":"https:\/\/www.ilahy.es\/en\/wp-json\/wp\/v2\/users\/1"}],"replies":[{"embeddable":true,"href":"https:\/\/www.ilahy.es\/en\/wp-json\/wp\/v2\/comments?post=1358"}],"version-history":[{"count":2,"href":"https:\/\/www.ilahy.es\/en\/wp-json\/wp\/v2\/pages\/1358\/revisions"}],"predecessor-version":[{"id":1677,"href":"https:\/\/www.ilahy.es\/en\/wp-json\/wp\/v2\/pages\/1358\/revisions\/1677"}],"up":[{"embeddable":true,"href":"https:\/\/www.ilahy.es\/en\/wp-json\/wp\/v2\/pages\/1350"}],"wp:featuredmedia":[{"embeddable":true,"href":"https:\/\/www.ilahy.es\/en\/wp-json\/wp\/v2\/media\/316"}],"wp:attachment":[{"href":"https:\/\/www.ilahy.es\/en\/wp-json\/wp\/v2\/media?parent=1358"}],"curies":[{"name":"wp","href":"https:\/\/api.w.org\/{rel}","templated":true}]}}