{"id":1356,"date":"2014-10-16T12:58:15","date_gmt":"2014-10-16T12:58:15","guid":{"rendered":"https:\/\/www.ilahy.es\/?page_id=1356"},"modified":"2015-01-26T12:12:14","modified_gmt":"2015-01-26T12:12:14","slug":"buttocks","status":"publish","type":"page","link":"https:\/\/www.ilahy.es\/en\/treatments\/body-surgery\/buttocks","title":{"rendered":"Buttocks"},"content":{"rendered":"<p>[et_pb_section fullwidth=&#8221;off&#8221; specialty=&#8221;off&#8221;][et_pb_row][et_pb_column type=&#8221;2_3&#8243;][et_pb_text admin_label=&#8221;Text&#8221; background_layout=&#8221;light&#8221; text_orientation=&#8221;left&#8221;]<\/p>\n<h1>Buttocks<\/h1>\n<div class=\"breadcrumbs\"><\/div>\n<p><img loading=\"lazy\" decoding=\"async\" class=\"alignleft size-full wp-image-443\" src=\"https:\/\/www.ilahy.es\/wp-content\/uploads\/2014\/08\/gluteos1.jpg\" alt=\"Operaci\u00f3n de gl\u00fateos\" width=\"350\" height=\"754\" srcset=\"https:\/\/www.ilahy.es\/wp-content\/uploads\/2014\/08\/gluteos1.jpg 350w, https:\/\/www.ilahy.es\/wp-content\/uploads\/2014\/08\/gluteos1-139x300.jpg 139w\" sizes=\"(max-width: 350px) 100vw, 350px\" \/><\/p>\n<p><strong>Gluteoplasty<\/strong> is surgery demanded by both men and women of all ages as it improves the size and shape of the buttocks using a prosthetic cohesive silicone gel with very good results and high patient satisfaction.<\/p>\n<p>A Gluteoplasty is indicated to:<\/p>\n<ul>\n<li>Improve body contour of a woman \/ man.<\/li>\n<li>Fix a loss in volume of the buttocks.<\/li>\n<li>Match the size of the buttocks.<\/li>\n<li>As a reconstructive technique in certain situations.<\/li>\n<\/ul>\n<p>[\/et_pb_text][\/et_pb_column][et_pb_column type=&#8221;1_3&#8243;][et_pb_sidebar admin_label=&#8221;Sidebar&#8221; orientation=&#8221;left&#8221; area=&#8221;sidebar-1&#8243; background_layout=&#8221;light&#8221; \/][\/et_pb_column][\/et_pb_row][\/et_pb_section]<\/p>\n","protected":false},"excerpt":{"rendered":"<p>Surgery requested by both men and women<\/p>\n","protected":false},"author":1,"featured_media":314,"parent":1350,"menu_order":500,"comment_status":"closed","ping_status":"closed","template":"","meta":{"_et_pb_use_builder":"on","_et_pb_old_content":"<p>[et_pb_section fullwidth=\"off\" specialty=\"off\"][et_pb_row][et_pb_column type=\"2_3\"][et_pb_text admin_label=\"Text\" background_layout=\"light\" text_orientation=\"left\"]<\/p><h1>Gl\u00fateos<\/h1><p>[breadcrumbs]<\/p><p><img class=\"alignleft size-full wp-image-443\" src=\"https:\/\/www.ilahy.es\/wp-content\/uploads\/2014\/08\/gluteos1.jpg\" alt=\"Operaci\u00f3n de gl\u00fateos\" width=\"350\" height=\"754\" \/>La <strong>gluteoplastia<\/strong> es una cirug\u00eda demandada tanto por hombres como por mujeres de todas las edades y que <strong>mejora el tama\u00f1o y la forma de los gl\u00fateos<\/strong> mediante una pr\u00f3tesis de gel cohesivo de silicona, con muy buenos resultados y un alto grado de satisfacci\u00f3n de los pacientes. La gluteoplastia est\u00e1 indicada para:<\/p><ul><li>Mejorar el contorno corporal de la mujer\/ hombre.<\/li><li>Corregir una p\u00e9rdida en el volumen de gl\u00fateos.<\/li><li>Igualar el tama\u00f1o de los gl\u00fateos.<\/li><li>Como t\u00e9cnica reconstructiva en determinadas situaciones.<\/li><\/ul><p>\u00a0<\/p><p>[\/et_pb_text][\/et_pb_column][et_pb_column type=\"1_3\"][et_pb_sidebar admin_label=\"Sidebar\" orientation=\"left\" area=\"sidebar-1\" background_layout=\"light\" \/][\/et_pb_column][\/et_pb_row][\/et_pb_section]<\/p><p>\u00a0<\/p>","_et_gb_content_width":"","footnotes":""},"class_list":["post-1356","page","type-page","status-publish","has-post-thumbnail","hentry"],"_links":{"self":[{"href":"https:\/\/www.ilahy.es\/en\/wp-json\/wp\/v2\/pages\/1356","targetHints":{"allow":["GET"]}}],"collection":[{"href":"https:\/\/www.ilahy.es\/en\/wp-json\/wp\/v2\/pages"}],"about":[{"href":"https:\/\/www.ilahy.es\/en\/wp-json\/wp\/v2\/types\/page"}],"author":[{"embeddable":true,"href":"https:\/\/www.ilahy.es\/en\/wp-json\/wp\/v2\/users\/1"}],"replies":[{"embeddable":true,"href":"https:\/\/www.ilahy.es\/en\/wp-json\/wp\/v2\/comments?post=1356"}],"version-history":[{"count":2,"href":"https:\/\/www.ilahy.es\/en\/wp-json\/wp\/v2\/pages\/1356\/revisions"}],"predecessor-version":[{"id":1676,"href":"https:\/\/www.ilahy.es\/en\/wp-json\/wp\/v2\/pages\/1356\/revisions\/1676"}],"up":[{"embeddable":true,"href":"https:\/\/www.ilahy.es\/en\/wp-json\/wp\/v2\/pages\/1350"}],"wp:featuredmedia":[{"embeddable":true,"href":"https:\/\/www.ilahy.es\/en\/wp-json\/wp\/v2\/media\/314"}],"wp:attachment":[{"href":"https:\/\/www.ilahy.es\/en\/wp-json\/wp\/v2\/media?parent=1356"}],"curies":[{"name":"wp","href":"https:\/\/api.w.org\/{rel}","templated":true}]}}