{"id":1354,"date":"2014-10-16T12:56:52","date_gmt":"2014-10-16T12:56:52","guid":{"rendered":"https:\/\/www.ilahy.es\/?page_id=1354"},"modified":"2019-01-03T16:58:07","modified_gmt":"2019-01-03T16:58:07","slug":"liposuction","status":"publish","type":"page","link":"https:\/\/www.ilahy.es\/en\/treatments\/body-surgery\/liposuction","title":{"rendered":"Liposuction"},"content":{"rendered":"<p>[et_pb_section fullwidth=&#8221;off&#8221; specialty=&#8221;off&#8221;][et_pb_row][et_pb_column type=&#8221;2_3&#8243;][et_pb_text admin_label=&#8221;Text&#8221; background_layout=&#8221;light&#8221; text_orientation=&#8221;left&#8221;]<\/p>\n<h1>Liposuction<\/h1>\n<div class=\"breadcrumbs\"><\/div>\n<p><strong>Liposuction<\/strong> is a surgical procedure that improves the body contour by <strong>removing excess fat deposits<\/strong> that are located between the skin and muscle. Liposuction involves the use of a small stainless steel tube, called a cannula. The cannula is connected to a powerful suction pump to absorb fat through small incisions that the surgeon will perform on the skin.<\/p>\n<p>[\/et_pb_text][\/et_pb_column][et_pb_column type=&#8221;1_3&#8243;][et_pb_sidebar admin_label=&#8221;Sidebar&#8221; orientation=&#8221;left&#8221; area=&#8221;sidebar-1&#8243; background_layout=&#8221;light&#8221; \/][\/et_pb_column][\/et_pb_row][\/et_pb_section]<\/p>\n","protected":false},"excerpt":{"rendered":"<p>Removes excess fat<\/p>\n","protected":false},"author":1,"featured_media":312,"parent":1350,"menu_order":498,"comment_status":"closed","ping_status":"closed","template":"","meta":{"_et_pb_use_builder":"on","_et_pb_old_content":"<p>[et_pb_section fullwidth=\"off\" specialty=\"off\"][et_pb_row][et_pb_column type=\"2_3\"][et_pb_text admin_label=\"Text\" background_layout=\"light\" text_orientation=\"left\"]<\/p><h1>Liposucci\u00f3n<\/h1><p>[breadcrumbs]<\/p><p><img class=\"alignright  wp-image-447\" src=\"https:\/\/www.ilahy.es\/wp-content\/uploads\/2014\/08\/liposuccion.jpg\" alt=\"Liposucci\u00f3n\" width=\"349\" height=\"326\" \/>La <strong>liposucci\u00f3n<\/strong> es un procedimiento quir\u00fargico que mejora el contorno del cuerpo <strong>eliminando el exceso de grasa<\/strong> de los dep\u00f3sitos que se encuentran entre la piel y el m\u00fasculo.<\/p><p>La liposucci\u00f3n consiste en la utilizaci\u00f3n de un peque\u00f1o tubo de acero inoxidable, llamado c\u00e1nula. La c\u00e1nula est\u00e1 conectada a una potente bomba de succi\u00f3n que absorber\u00e1 la grasa a trav\u00e9s de peque\u00f1as incisiones que el cirujano realizar\u00e1 en la piel.<\/p><p>[\/et_pb_text][\/et_pb_column][et_pb_column type=\"1_3\"][et_pb_sidebar admin_label=\"Sidebar\" orientation=\"left\" area=\"sidebar-1\" background_layout=\"light\" \/][\/et_pb_column][\/et_pb_row][\/et_pb_section]<\/p><p>\u00a0<\/p>","_et_gb_content_width":"","footnotes":""},"class_list":["post-1354","page","type-page","status-publish","has-post-thumbnail","hentry"],"_links":{"self":[{"href":"https:\/\/www.ilahy.es\/en\/wp-json\/wp\/v2\/pages\/1354","targetHints":{"allow":["GET"]}}],"collection":[{"href":"https:\/\/www.ilahy.es\/en\/wp-json\/wp\/v2\/pages"}],"about":[{"href":"https:\/\/www.ilahy.es\/en\/wp-json\/wp\/v2\/types\/page"}],"author":[{"embeddable":true,"href":"https:\/\/www.ilahy.es\/en\/wp-json\/wp\/v2\/users\/1"}],"replies":[{"embeddable":true,"href":"https:\/\/www.ilahy.es\/en\/wp-json\/wp\/v2\/comments?post=1354"}],"version-history":[{"count":7,"href":"https:\/\/www.ilahy.es\/en\/wp-json\/wp\/v2\/pages\/1354\/revisions"}],"predecessor-version":[{"id":7076,"href":"https:\/\/www.ilahy.es\/en\/wp-json\/wp\/v2\/pages\/1354\/revisions\/7076"}],"up":[{"embeddable":true,"href":"https:\/\/www.ilahy.es\/en\/wp-json\/wp\/v2\/pages\/1350"}],"wp:featuredmedia":[{"embeddable":true,"href":"https:\/\/www.ilahy.es\/en\/wp-json\/wp\/v2\/media\/312"}],"wp:attachment":[{"href":"https:\/\/www.ilahy.es\/en\/wp-json\/wp\/v2\/media?parent=1354"}],"curies":[{"name":"wp","href":"https:\/\/api.w.org\/{rel}","templated":true}]}}