{"id":1345,"date":"2014-10-16T11:34:02","date_gmt":"2014-10-16T11:34:02","guid":{"rendered":"https:\/\/www.ilahy.es\/?page_id=1345"},"modified":"2015-01-28T08:17:24","modified_gmt":"2015-01-28T08:17:24","slug":"radiofrequency-firm-skin","status":"publish","type":"page","link":"https:\/\/www.ilahy.es\/en\/treatments\/advanced-aesthetic-unit\/radiofrequency-firm-skin","title":{"rendered":"Radiofrequency"},"content":{"rendered":"<p>[et_pb_section fullwidth=&#8221;off&#8221; specialty=&#8221;off&#8221;][et_pb_row][et_pb_column type=&#8221;2_3&#8243;][et_pb_text admin_label=&#8221;Text&#8221; background_layout=&#8221;light&#8221; text_orientation=&#8221;left&#8221;]<\/p>\n<h1>&#8220;Radiofrequency&#8221;\u00a0A firm skin from the first session<\/h1>\n<div class=\"breadcrumbs\"><\/div>\n<p><strong>Radiofrecuency<\/strong> is a technique with which the <strong>skin texture is corrected<\/strong>, the volume and acidity, stimulates fibroblasts through intradermal heat, achieving regeneration of collagen and tissue and improving skin elasticity.<\/p>\n<p>Radiofrecuency\u00a0produces a deep heating affects the skin and subcutaneous fatty tissue. Such heating favors lymphatic drainage, which will reduce the liquids and toxins that are embedded adipocyte tissue affected by cellulite.<\/p>\n<p><img loading=\"lazy\" decoding=\"async\" class=\"alignnone size-full wp-image-755\" src=\"https:\/\/www.ilahy.es\/wp-content\/uploads\/2014\/08\/piel-firme.jpg\" alt=\"firm skin\" width=\"700\" height=\"400\" srcset=\"https:\/\/www.ilahy.es\/wp-content\/uploads\/2014\/08\/piel-firme.jpg 700w, https:\/\/www.ilahy.es\/wp-content\/uploads\/2014\/08\/piel-firme-300x171.jpg 300w\" sizes=\"(max-width: 700px) 100vw, 700px\" \/><\/p>\n<p>&nbsp;<\/p>\n<p>[\/et_pb_text][\/et_pb_column][et_pb_column type=&#8221;1_3&#8243;][et_pb_sidebar admin_label=&#8221;Sidebar&#8221; orientation=&#8221;left&#8221; area=&#8221;sidebar-1&#8243; background_layout=&#8221;light&#8221; \/][\/et_pb_column][\/et_pb_row][\/et_pb_section]<\/p>\n","protected":false},"excerpt":{"rendered":"<p>A firm skin from the first session<\/p>\n","protected":false},"author":1,"featured_media":756,"parent":15022,"menu_order":72,"comment_status":"closed","ping_status":"closed","template":"","meta":{"_et_pb_use_builder":"on","_et_pb_old_content":"<p>[et_pb_section fullwidth=\"off\" specialty=\"off\"][et_pb_row][et_pb_column type=\"2_3\"][et_pb_text admin_label=\"Text\" background_layout=\"light\" text_orientation=\"left\"]<\/p><h1>\"Radiofrecuencia\" Una piel firme desde la primera sesi\u00f3n<\/h1><p>[breadcrumbs]<\/p><p>La <strong>radiofrecuencia<\/strong> es una t\u00e9cnica con la que se <strong>corrige la textura de la piel, la acidez y el volumen<\/strong>, estimula los fibroblastos a trav\u00e9s de calor intrad\u00e9rmico, consiguiendo la regeneraci\u00f3n de col\u00e1geno y mejorando los tejidos y la elasticidad de la piel.<\/p><p>La radiofrecuencia produce un calentamiento profundo que afecta a la piel y tejido graso subcut\u00e1neo. Dicho calentamiento va a favorecer el drenaje linf\u00e1tico, lo cu\u00e1l permitir\u00e1 disminuir los l\u00edquidos y toxinas en el que se encuentran embebidos los adipocitos del tejido afectado por la <strong>celulitis<\/strong>.<\/p><p><img class=\"alignnone size-full wp-image-755\" src=\"https:\/\/www.ilahy.es\/wp-content\/uploads\/2014\/08\/piel-firme.jpg\" alt=\"tratamiento piel firme\" width=\"700\" height=\"400\" \/><\/p><p>[\/et_pb_text][\/et_pb_column][et_pb_column type=\"1_3\"][et_pb_sidebar admin_label=\"Sidebar\" orientation=\"left\" area=\"sidebar-1\" background_layout=\"light\" \/][\/et_pb_column][\/et_pb_row][\/et_pb_section]<\/p><p>\u00a0<\/p>","_et_gb_content_width":"","footnotes":""},"class_list":["post-1345","page","type-page","status-publish","has-post-thumbnail","hentry"],"_links":{"self":[{"href":"https:\/\/www.ilahy.es\/en\/wp-json\/wp\/v2\/pages\/1345","targetHints":{"allow":["GET"]}}],"collection":[{"href":"https:\/\/www.ilahy.es\/en\/wp-json\/wp\/v2\/pages"}],"about":[{"href":"https:\/\/www.ilahy.es\/en\/wp-json\/wp\/v2\/types\/page"}],"author":[{"embeddable":true,"href":"https:\/\/www.ilahy.es\/en\/wp-json\/wp\/v2\/users\/1"}],"replies":[{"embeddable":true,"href":"https:\/\/www.ilahy.es\/en\/wp-json\/wp\/v2\/comments?post=1345"}],"version-history":[{"count":2,"href":"https:\/\/www.ilahy.es\/en\/wp-json\/wp\/v2\/pages\/1345\/revisions"}],"predecessor-version":[{"id":1723,"href":"https:\/\/www.ilahy.es\/en\/wp-json\/wp\/v2\/pages\/1345\/revisions\/1723"}],"up":[{"embeddable":true,"href":"https:\/\/www.ilahy.es\/en\/wp-json\/wp\/v2\/pages\/15022"}],"wp:featuredmedia":[{"embeddable":true,"href":"https:\/\/www.ilahy.es\/en\/wp-json\/wp\/v2\/media\/756"}],"wp:attachment":[{"href":"https:\/\/www.ilahy.es\/en\/wp-json\/wp\/v2\/media?parent=1345"}],"curies":[{"name":"wp","href":"https:\/\/api.w.org\/{rel}","templated":true}]}}