{"id":1343,"date":"2014-10-16T11:23:46","date_gmt":"2014-10-16T11:23:46","guid":{"rendered":"https:\/\/www.ilahy.es\/?page_id=1343"},"modified":"2015-01-28T08:22:17","modified_gmt":"2015-01-28T08:22:17","slug":"pressotherapy-eliminate-toxins","status":"publish","type":"page","link":"https:\/\/www.ilahy.es\/en\/treatments\/advanced-aesthetic-unit\/pressotherapy-eliminate-toxins","title":{"rendered":"Pressotherapy"},"content":{"rendered":"<p>[et_pb_section fullwidth=&#8221;off&#8221; specialty=&#8221;off&#8221;][et_pb_row][et_pb_column type=&#8221;2_3&#8243;][et_pb_text admin_label=&#8221;Text&#8221; background_layout=&#8221;light&#8221; text_orientation=&#8221;left&#8221;]<\/p>\n<h1>&#8221; Pressotherapy&#8221;\u00a0Goodbye to toxins from your body<\/h1>\n<p><div class=\"breadcrumbs\"><\/div> <img loading=\"lazy\" decoding=\"async\" class=\"alignright size-full wp-image-747\" src=\"https:\/\/www.ilahy.es\/wp-content\/uploads\/2014\/08\/eliminar-toxinas.jpg\" alt=\"remove toxins from body\" width=\"320\" height=\"523\" srcset=\"https:\/\/www.ilahy.es\/wp-content\/uploads\/2014\/08\/eliminar-toxinas.jpg 320w, https:\/\/www.ilahy.es\/wp-content\/uploads\/2014\/08\/eliminar-toxinas-183x300.jpg 183w\" sizes=\"(max-width: 320px) 100vw, 320px\" \/> Pressure therapy is a medical and aesthetic treatment using air pressure for lymphatic drainage. Among the benefits of acupressure, correction of abnormalities in the circulatory system and the elimination of cellulite, reduce and prevent future formations.[\/et_pb_text][\/et_pb_column][et_pb_column type=&#8221;1_3&#8243;][et_pb_sidebar admin_label=&#8221;Sidebar&#8221; orientation=&#8221;left&#8221; area=&#8221;sidebar-1&#8243; background_layout=&#8221;light&#8221; \/][\/et_pb_column][\/et_pb_row][\/et_pb_section]<\/p>\n","protected":false},"excerpt":{"rendered":"<p>Goodbye to toxins from your body<\/p>\n","protected":false},"author":1,"featured_media":749,"parent":15022,"menu_order":74,"comment_status":"closed","ping_status":"closed","template":"","meta":{"_et_pb_use_builder":"on","_et_pb_old_content":"<p>[et_pb_section fullwidth=\"off\" specialty=\"off\"][et_pb_row][et_pb_column type=\"2_3\"][et_pb_text admin_label=\"Text\" background_layout=\"light\" text_orientation=\"left\"]<\/p><h1>\"Presoterapia\" Adi\u00f3s a las toxinas de tu cuerpo<\/h1><p>[breadcrumbs]<\/p><p><img class=\"alignright size-full wp-image-747\" src=\"https:\/\/www.ilahy.es\/wp-content\/uploads\/2014\/08\/eliminar-toxinas.jpg\" alt=\"eliminar toxinas cuerpo\" width=\"320\" height=\"523\" \/>La <strong>presoterapia<\/strong> es un tratamiento m\u00e9dico y est\u00e9tico que utiliza la presi\u00f3n de aire para realizar un drenaje linf\u00e1tico.<\/p><p>Entre los beneficios de la presoterapia, se destacan el<strong> tratamiento de edemas, la correcci\u00f3n de alteraciones en el sistema circulatorio y la eliminaci\u00f3n de celulitis<\/strong>, reducirla y prevenir futuras formaciones.<\/p><p>[\/et_pb_text][\/et_pb_column][et_pb_column type=\"1_3\"][et_pb_sidebar admin_label=\"Sidebar\" orientation=\"left\" area=\"sidebar-1\" background_layout=\"light\" \/][\/et_pb_column][\/et_pb_row][\/et_pb_section]<\/p>","_et_gb_content_width":"","footnotes":""},"class_list":["post-1343","page","type-page","status-publish","has-post-thumbnail","hentry"],"_links":{"self":[{"href":"https:\/\/www.ilahy.es\/en\/wp-json\/wp\/v2\/pages\/1343","targetHints":{"allow":["GET"]}}],"collection":[{"href":"https:\/\/www.ilahy.es\/en\/wp-json\/wp\/v2\/pages"}],"about":[{"href":"https:\/\/www.ilahy.es\/en\/wp-json\/wp\/v2\/types\/page"}],"author":[{"embeddable":true,"href":"https:\/\/www.ilahy.es\/en\/wp-json\/wp\/v2\/users\/1"}],"replies":[{"embeddable":true,"href":"https:\/\/www.ilahy.es\/en\/wp-json\/wp\/v2\/comments?post=1343"}],"version-history":[{"count":2,"href":"https:\/\/www.ilahy.es\/en\/wp-json\/wp\/v2\/pages\/1343\/revisions"}],"predecessor-version":[{"id":1726,"href":"https:\/\/www.ilahy.es\/en\/wp-json\/wp\/v2\/pages\/1343\/revisions\/1726"}],"up":[{"embeddable":true,"href":"https:\/\/www.ilahy.es\/en\/wp-json\/wp\/v2\/pages\/15022"}],"wp:featuredmedia":[{"embeddable":true,"href":"https:\/\/www.ilahy.es\/en\/wp-json\/wp\/v2\/media\/749"}],"wp:attachment":[{"href":"https:\/\/www.ilahy.es\/en\/wp-json\/wp\/v2\/media?parent=1343"}],"curies":[{"name":"wp","href":"https:\/\/api.w.org\/{rel}","templated":true}]}}