{"id":1341,"date":"2014-10-16T11:21:51","date_gmt":"2014-10-16T11:21:51","guid":{"rendered":"https:\/\/www.ilahy.es\/?page_id=1341"},"modified":"2015-01-28T08:14:20","modified_gmt":"2015-01-28T08:14:20","slug":"body-mesotherapy","status":"publish","type":"page","link":"https:\/\/www.ilahy.es\/en\/treatments\/body-aesthetic-medicine\/body-mesotherapy","title":{"rendered":"Body Mesotherapy"},"content":{"rendered":"<p>[et_pb_section fullwidth=&#8221;off&#8221; specialty=&#8221;off&#8221;][et_pb_row][et_pb_column type=&#8221;2_3&#8243;][et_pb_text admin_label=&#8221;Text&#8221; background_layout=&#8221;light&#8221; text_orientation=&#8221;left&#8221;]<\/p>\n<h1>&#8220;Body Mesotherapy&#8221;\u00a0Eliminates localized fat<\/h1>\n<div class=\"breadcrumbs\"><\/div>\n<p><img loading=\"lazy\" decoding=\"async\" class=\"alignleft  wp-image-744\" src=\"https:\/\/www.ilahy.es\/wp-content\/uploads\/2014\/08\/eliminar-grasa-localizada.jpg\" alt=\"tratamiento eliminar grasa localizada\" width=\"269\" height=\"404\" srcset=\"https:\/\/www.ilahy.es\/wp-content\/uploads\/2014\/08\/eliminar-grasa-localizada.jpg 400w, https:\/\/www.ilahy.es\/wp-content\/uploads\/2014\/08\/eliminar-grasa-localizada-200x300.jpg 200w\" sizes=\"(max-width: 269px) 100vw, 269px\" \/><\/p>\n<p><strong>Mesotherapy<\/strong> is a technique aimed at shaping the figure of a localized, well established and verified and proven results.<\/p>\n<p>Involves administration of homeopathic substances, personalized cocktail, composed of natural extracts.<\/p>\n<p>Applied by intradermal injections in the affected area, with the function of dissolving the grease, resulting volume reduction.<\/p>\n<p>Also, get activate blood and lymphatic circulation, helping to eliminate fluids and toxins.<br \/>\nIt can be applied anywhere on the body except chest.<\/p>\n<p>[\/et_pb_text][\/et_pb_column][et_pb_column type=&#8221;1_3&#8243;][et_pb_sidebar admin_label=&#8221;Sidebar&#8221; orientation=&#8221;left&#8221; area=&#8221;sidebar-1&#8243; background_layout=&#8221;light&#8221; \/][\/et_pb_column][\/et_pb_row][\/et_pb_section]<\/p>\n","protected":false},"excerpt":{"rendered":"<p>Eliminates localized fat<\/p>\n","protected":false},"author":1,"featured_media":743,"parent":1335,"menu_order":70,"comment_status":"closed","ping_status":"closed","template":"","meta":{"_et_pb_use_builder":"on","_et_pb_old_content":"<p>[et_pb_section fullwidth=\"off\" specialty=\"off\"][et_pb_row][et_pb_column type=\"2_3\"][et_pb_text admin_label=\"Text\" background_layout=\"light\" text_orientation=\"left\"]<\/p><h1>\"Body Mesotherapy\" Elimina la grasa localizada<\/h1><p>[breadcrumbs]<\/p><p><img class=\"alignleft  wp-image-744\" src=\"https:\/\/www.ilahy.es\/wp-content\/uploads\/2014\/08\/eliminar-grasa-localizada.jpg\" alt=\"tratamiento eliminar grasa localizada\" width=\"269\" height=\"404\" \/>La <strong>mesoterapia<\/strong> es una t\u00e9cnica enfocada a<strong> moldear la figura de forma localizada<\/strong>, muy consolidada y con resultados contrastados y demostrados.<\/p><p>Consiste en la administraci\u00f3n de sustancias homeop\u00e1ticas, un c\u00f3cktail personalizado, compuesto por extractos naturales.<\/p><p>Se aplica mediante inyecciones intrad\u00e9rmicas en la zona afectada, con la funci\u00f3n de <strong>disolver la grasa acumulada<\/strong>, provocando reducci\u00f3n del volumen.<\/p><p>Adem\u00e1s, se consigue activar la circulaci\u00f3n sangu\u00ednea y linf\u00e1tica, ayudando a la eliminaci\u00f3n de l\u00edquidos y toxinas.<\/p><p>Se puede aplicar en cualquier zona del cuerpo menos en el pecho.<\/p><p>[\/et_pb_text][\/et_pb_column][et_pb_column type=\"1_3\"][et_pb_sidebar admin_label=\"Sidebar\" orientation=\"left\" area=\"sidebar-1\" background_layout=\"light\" \/][\/et_pb_column][\/et_pb_row][\/et_pb_section]<\/p>","_et_gb_content_width":"","footnotes":""},"class_list":["post-1341","page","type-page","status-publish","has-post-thumbnail","hentry"],"_links":{"self":[{"href":"https:\/\/www.ilahy.es\/en\/wp-json\/wp\/v2\/pages\/1341","targetHints":{"allow":["GET"]}}],"collection":[{"href":"https:\/\/www.ilahy.es\/en\/wp-json\/wp\/v2\/pages"}],"about":[{"href":"https:\/\/www.ilahy.es\/en\/wp-json\/wp\/v2\/types\/page"}],"author":[{"embeddable":true,"href":"https:\/\/www.ilahy.es\/en\/wp-json\/wp\/v2\/users\/1"}],"replies":[{"embeddable":true,"href":"https:\/\/www.ilahy.es\/en\/wp-json\/wp\/v2\/comments?post=1341"}],"version-history":[{"count":2,"href":"https:\/\/www.ilahy.es\/en\/wp-json\/wp\/v2\/pages\/1341\/revisions"}],"predecessor-version":[{"id":1721,"href":"https:\/\/www.ilahy.es\/en\/wp-json\/wp\/v2\/pages\/1341\/revisions\/1721"}],"up":[{"embeddable":true,"href":"https:\/\/www.ilahy.es\/en\/wp-json\/wp\/v2\/pages\/1335"}],"wp:featuredmedia":[{"embeddable":true,"href":"https:\/\/www.ilahy.es\/en\/wp-json\/wp\/v2\/media\/743"}],"wp:attachment":[{"href":"https:\/\/www.ilahy.es\/en\/wp-json\/wp\/v2\/media?parent=1341"}],"curies":[{"name":"wp","href":"https:\/\/api.w.org\/{rel}","templated":true}]}}