{"id":1335,"date":"2014-10-16T11:17:11","date_gmt":"2014-10-16T11:17:11","guid":{"rendered":"https:\/\/www.ilahy.es\/?page_id=1335"},"modified":"2023-05-03T14:47:37","modified_gmt":"2023-05-03T14:47:37","slug":"body-aesthetic-medicine","status":"publish","type":"page","link":"https:\/\/www.ilahy.es\/en\/treatments\/body-aesthetic-medicine","title":{"rendered":"Body Aesthetic Medicine"},"content":{"rendered":"<p>[et_pb_section background_color=&#8221;#ffffff&#8221; inner_shadow=&#8221;off&#8221; parallax=&#8221;off&#8221; parallax_method=&#8221;css&#8221; module_class=&#8221;tratamientos_grupo&#8221;][et_pb_row][et_pb_column type=&#8221;2_3&#8243;][et_pb_text admin_label=&#8221;Text&#8221; background_layout=&#8221;light&#8221; text_orientation=&#8221;left&#8221;]<\/p>\n<h1>Body Aesthetic Medicine<\/h1>\n<div class=\"breadcrumbs\"><\/div>\n<p>Would you like to improve your appearance without going under the knife? In ilahy, within the hospital environment IMED Hospitals, we offer you different <strong>body aesthetic medicine treatments<\/strong> to treat cellulite, eliminate localized fat or eliminate varicose veins.<\/p>\n<p>Remember that the<strong> first consultation with your Grooming is free<\/strong> and without obligation.<\/p>\n<div class=\"subpages\"><div class=\"et_pb_blurb et_pb_bg_layout_light et_pb_text_align_center et_pb_blurb_position_top\"><div class=\"et_pb_blurb_content\"><div class=\"et_pb_main_blurb_image\"><a href=\"https:\/\/www.ilahy.es\/en\/treatments\/body-aesthetic-medicine\/body-mesotherapy\"><img loading=\"lazy\" decoding=\"async\" width=\"300\" height=\"220\" src=\"https:\/\/www.ilahy.es\/wp-content\/uploads\/2014\/08\/mesoterapia.jpg\" class=\"attachment-full size-full wp-post-image\" alt=\"mesoterapia elimina grasa\" srcset=\"https:\/\/www.ilahy.es\/wp-content\/uploads\/2014\/08\/mesoterapia.jpg 300w, https:\/\/www.ilahy.es\/wp-content\/uploads\/2014\/08\/mesoterapia-60x44.jpg 60w\" sizes=\"(max-width: 300px) 100vw, 300px\" \/><\/a><\/div><h4><a href=\"https:\/\/www.ilahy.es\/en\/treatments\/body-aesthetic-medicine\/body-mesotherapy\">Body Mesotherapy<\/a><\/h4><p>Eliminates localized fat<\/p><\/div><\/div><div class=\"et_pb_blurb et_pb_bg_layout_light et_pb_text_align_center et_pb_blurb_position_top\"><div class=\"et_pb_blurb_content\"><div class=\"et_pb_main_blurb_image\"><a href=\"https:\/\/www.ilahy.es\/en\/treatments\/body-aesthetic-medicine\/varicose-veins\"><img loading=\"lazy\" decoding=\"async\" width=\"300\" height=\"220\" src=\"https:\/\/www.ilahy.es\/wp-content\/uploads\/2014\/08\/varices.jpg\" class=\"attachment-full size-full wp-post-image\" alt=\"tratamientos antivarices\" srcset=\"https:\/\/www.ilahy.es\/wp-content\/uploads\/2014\/08\/varices.jpg 300w, https:\/\/www.ilahy.es\/wp-content\/uploads\/2014\/08\/varices-60x44.jpg 60w\" sizes=\"(max-width: 300px) 100vw, 300px\" \/><\/a><\/div><h4><a href=\"https:\/\/www.ilahy.es\/en\/treatments\/body-aesthetic-medicine\/varicose-veins\">Varicose Veins<\/a><\/h4><p>Sclerosis or surgery treatment techniques<\/p><\/div><\/div><\/div>\n<p>&nbsp;<\/p>\n<p>[\/et_pb_text][\/et_pb_column][et_pb_column type=&#8221;1_3&#8243;][et_pb_sidebar admin_label=&#8221;Sidebar&#8221; orientation=&#8221;left&#8221; area=&#8221;sidebar-1&#8243; background_layout=&#8221;light&#8221; \/][\/et_pb_column][\/et_pb_row][\/et_pb_section]<\/p>\n","protected":false},"excerpt":{"rendered":"<p><div class=\"et_pb_row et_pb_row_0 et_pb_row_empty\">\n\t\t\t\t\n\t\t\t\t\n\t\t\t\t\n\t\t\t\t\n\t\t\t\t\n\t\t\t<\/div> Body Aesthetic Medicine <div class=\"breadcrumbs\"><\/div> Would you like to improve your appearance without going under the knife? In ilahy, within the hospital environment IMED Hospitals, we offer you different body aesthetic medicine treatments to treat cellulite, eliminate localized fat or eliminate varicose veins. Remember that the first consultation with your Grooming is free and without [&hellip;]<\/p>\n","protected":false},"author":1,"featured_media":12564,"parent":1135,"menu_order":55,"comment_status":"closed","ping_status":"closed","template":"","meta":{"_et_pb_use_builder":"on","_et_pb_old_content":"<p>[et_pb_section background_color=\"#ffffff\" inner_shadow=\"off\" parallax=\"off\" parallax_method=\"css\" module_class=\"tratamientos_grupo\"][et_pb_row][et_pb_column type=\"2_3\"][et_pb_text admin_label=\"Text\" background_layout=\"light\" text_orientation=\"left\"]<\/p><h1>Medicina Est\u00e9tica Corporal<\/h1><p>[breadcrumbs]<\/p><p>\u00bfTe gustar\u00eda mejorar tu aspecto sin pasar por el quir\u00f3fano? En ilahy, dentro del entorno hospitalario de IMED Hospitales, ponemos a tu disposici\u00f3n diferentes tratamientos de <strong>medicina est\u00e9tica corporal<\/strong> para tratar la celulitis, eliminar la grasa localizada o eliminar las varices.<\/p><p>Recuerda que la primera consulta con\u00a0tu asesor de imagen es gratuita y sin compromiso.<\/p><p>[subpages]<\/p><p>[\/et_pb_text][\/et_pb_column][et_pb_column type=\"1_3\"][et_pb_sidebar admin_label=\"Sidebar\" orientation=\"left\" area=\"sidebar-1\" background_layout=\"light\" \/][\/et_pb_column][\/et_pb_row][\/et_pb_section]<\/p>","_et_gb_content_width":"","footnotes":""},"class_list":["post-1335","page","type-page","status-publish","has-post-thumbnail","hentry"],"_links":{"self":[{"href":"https:\/\/www.ilahy.es\/en\/wp-json\/wp\/v2\/pages\/1335","targetHints":{"allow":["GET"]}}],"collection":[{"href":"https:\/\/www.ilahy.es\/en\/wp-json\/wp\/v2\/pages"}],"about":[{"href":"https:\/\/www.ilahy.es\/en\/wp-json\/wp\/v2\/types\/page"}],"author":[{"embeddable":true,"href":"https:\/\/www.ilahy.es\/en\/wp-json\/wp\/v2\/users\/1"}],"replies":[{"embeddable":true,"href":"https:\/\/www.ilahy.es\/en\/wp-json\/wp\/v2\/comments?post=1335"}],"version-history":[{"count":2,"href":"https:\/\/www.ilahy.es\/en\/wp-json\/wp\/v2\/pages\/1335\/revisions"}],"predecessor-version":[{"id":1719,"href":"https:\/\/www.ilahy.es\/en\/wp-json\/wp\/v2\/pages\/1335\/revisions\/1719"}],"up":[{"embeddable":true,"href":"https:\/\/www.ilahy.es\/en\/wp-json\/wp\/v2\/pages\/1135"}],"wp:featuredmedia":[{"embeddable":true,"href":"https:\/\/www.ilahy.es\/en\/wp-json\/wp\/v2\/media\/12564"}],"wp:attachment":[{"href":"https:\/\/www.ilahy.es\/en\/wp-json\/wp\/v2\/media?parent=1335"}],"curies":[{"name":"wp","href":"https:\/\/api.w.org\/{rel}","templated":true}]}}