{"id":1333,"date":"2014-10-16T11:15:43","date_gmt":"2014-10-16T11:15:43","guid":{"rendered":"https:\/\/www.ilahy.es\/?page_id=1333"},"modified":"2015-01-26T12:41:02","modified_gmt":"2015-01-26T12:41:02","slug":"otoplasty","status":"publish","type":"page","link":"https:\/\/www.ilahy.es\/en\/treatments\/facial-surgery\/otoplasty","title":{"rendered":"Otoplasty"},"content":{"rendered":"<p>[et_pb_section fullwidth=&#8221;off&#8221; specialty=&#8221;off&#8221;][et_pb_row][et_pb_column type=&#8221;2_3&#8243;][et_pb_text admin_label=&#8221;Text&#8221; background_layout=&#8221;light&#8221; text_orientation=&#8221;left&#8221;]<\/p>\n<h1>Otoplasty<\/h1>\n<div class=\"breadcrumbs\"><\/div>\n<p><img loading=\"lazy\" decoding=\"async\" class=\"alignleft  wp-image-506\" src=\"https:\/\/www.ilahy.es\/wp-content\/uploads\/2014\/08\/cirugia-orejas.jpg\" alt=\"Otoplasty\" width=\"308\" height=\"462\" srcset=\"https:\/\/www.ilahy.es\/wp-content\/uploads\/2014\/08\/cirugia-orejas.jpg 700w, https:\/\/www.ilahy.es\/wp-content\/uploads\/2014\/08\/cirugia-orejas-200x300.jpg 200w, https:\/\/www.ilahy.es\/wp-content\/uploads\/2014\/08\/cirugia-orejas-682x1024.jpg 682w\" sizes=\"(max-width: 308px) 100vw, 308px\" \/><\/p>\n<p><strong>Otoplasty<\/strong> is a facial surgery which <strong>corrects ears<\/strong> that attract attention, due to their size or shape. It is one of the most common and most demanded surgeries.<\/p>\n<p>The plastic surgeon can make the ears accompany the facial harmony and contribute to enhance their beauty. It is a simple operation that responds to aesthetic problems.<\/p>\n<p>[\/et_pb_text][\/et_pb_column][et_pb_column type=&#8221;1_3&#8243;][et_pb_sidebar admin_label=&#8221;Sidebar&#8221; orientation=&#8221;left&#8221; area=&#8221;sidebar-1&#8243; background_layout=&#8221;light&#8221; \/][\/et_pb_column][\/et_pb_row][\/et_pb_section]<\/p>\n","protected":false},"excerpt":{"rendered":"<p>Facial surgery that corrects the ears<\/p>\n","protected":false},"author":1,"featured_media":504,"parent":1318,"menu_order":207,"comment_status":"closed","ping_status":"closed","template":"","meta":{"_et_pb_use_builder":"on","_et_pb_old_content":"<p>[et_pb_section fullwidth=\"off\" specialty=\"off\"][et_pb_row][et_pb_column type=\"2_3\"][et_pb_text admin_label=\"Text\" background_layout=\"light\" text_orientation=\"left\"]<\/p><h1>Otoplastia<\/h1><p>[breadcrumbs]<\/p><p><img class=\"alignleft  wp-image-506\" src=\"https:\/\/www.ilahy.es\/wp-content\/uploads\/2014\/08\/cirugia-orejas.jpg\" alt=\"Cirug\u00eda orejas\" width=\"308\" height=\"462\" \/>La <strong>otoplastia<\/strong> es una <strong>cirug\u00eda facial que corrige las orejas<\/strong> que llaman la atenci\u00f3n, bien por su tama\u00f1o o por su forma. Es una de las cirug\u00edas m\u00e1s comunes y m\u00e1s demandadas.<\/p><p>El cirujano pl\u00e1stico puede hacer que las orejas acompa\u00f1en la armon\u00eda facial y contribuyan a aumentar su belleza. Es una operaci\u00f3n sencilla que responde a problemas est\u00e9ticos.<\/p><p>[\/et_pb_text][\/et_pb_column][et_pb_column type=\"1_3\"][et_pb_sidebar admin_label=\"Sidebar\" orientation=\"left\" area=\"sidebar-1\" background_layout=\"light\" \/][\/et_pb_column][\/et_pb_row][\/et_pb_section]<\/p><p>\u00a0<\/p>","_et_gb_content_width":"","footnotes":""},"class_list":["post-1333","page","type-page","status-publish","has-post-thumbnail","hentry"],"_links":{"self":[{"href":"https:\/\/www.ilahy.es\/en\/wp-json\/wp\/v2\/pages\/1333","targetHints":{"allow":["GET"]}}],"collection":[{"href":"https:\/\/www.ilahy.es\/en\/wp-json\/wp\/v2\/pages"}],"about":[{"href":"https:\/\/www.ilahy.es\/en\/wp-json\/wp\/v2\/types\/page"}],"author":[{"embeddable":true,"href":"https:\/\/www.ilahy.es\/en\/wp-json\/wp\/v2\/users\/1"}],"replies":[{"embeddable":true,"href":"https:\/\/www.ilahy.es\/en\/wp-json\/wp\/v2\/comments?post=1333"}],"version-history":[{"count":2,"href":"https:\/\/www.ilahy.es\/en\/wp-json\/wp\/v2\/pages\/1333\/revisions"}],"predecessor-version":[{"id":1689,"href":"https:\/\/www.ilahy.es\/en\/wp-json\/wp\/v2\/pages\/1333\/revisions\/1689"}],"up":[{"embeddable":true,"href":"https:\/\/www.ilahy.es\/en\/wp-json\/wp\/v2\/pages\/1318"}],"wp:featuredmedia":[{"embeddable":true,"href":"https:\/\/www.ilahy.es\/en\/wp-json\/wp\/v2\/media\/504"}],"wp:attachment":[{"href":"https:\/\/www.ilahy.es\/en\/wp-json\/wp\/v2\/media?parent=1333"}],"curies":[{"name":"wp","href":"https:\/\/api.w.org\/{rel}","templated":true}]}}