{"id":1328,"date":"2014-10-16T11:11:56","date_gmt":"2014-10-16T11:11:56","guid":{"rendered":"https:\/\/www.ilahy.es\/?page_id=1328"},"modified":"2015-01-26T12:42:19","modified_gmt":"2015-01-26T12:42:19","slug":"chin-surgery","status":"publish","type":"page","link":"https:\/\/www.ilahy.es\/en\/treatments\/facial-surgery\/chin-surgery","title":{"rendered":"Chin surgery"},"content":{"rendered":"<p>[et_pb_section fullwidth=&#8221;off&#8221; specialty=&#8221;off&#8221;][et_pb_row][et_pb_column type=&#8221;2_3&#8243;][et_pb_text admin_label=&#8221;Text&#8221; background_layout=&#8221;light&#8221; text_orientation=&#8221;left&#8221;]<\/p>\n<h1>Chin surgery<\/h1>\n<div class=\"breadcrumbs\"><\/div>\n<p><img loading=\"lazy\" decoding=\"async\" class=\" wp-image-492 alignleft\" src=\"https:\/\/www.ilahy.es\/wp-content\/uploads\/2014\/08\/cirugia-menton1.jpg\" alt=\"Operaci\u00f3n del ment\u00f3n\" width=\"319\" height=\"213\" srcset=\"https:\/\/www.ilahy.es\/wp-content\/uploads\/2014\/08\/cirugia-menton1.jpg 700w, https:\/\/www.ilahy.es\/wp-content\/uploads\/2014\/08\/cirugia-menton1-300x200.jpg 300w\" sizes=\"(max-width: 319px) 100vw, 319px\" \/><\/p>\n<p><strong>Chin surgery or cosmetic chin surgery<\/strong> is an intervention in high demand by both men or women of any age who wish for a more proportioned face by aesthetic improvement.<\/p>\n<p>[\/et_pb_text][\/et_pb_column][et_pb_column type=&#8221;1_3&#8243;][et_pb_sidebar admin_label=&#8221;Sidebar&#8221; orientation=&#8221;left&#8221; area=&#8221;sidebar-1&#8243; background_layout=&#8221;light&#8221; \/][\/et_pb_column][\/et_pb_row][\/et_pb_section]<\/p>\n","protected":false},"excerpt":{"rendered":"<p>Aesthetic Chin surgery<\/p>\n","protected":false},"author":1,"featured_media":488,"parent":1318,"menu_order":210,"comment_status":"closed","ping_status":"closed","template":"","meta":{"_et_pb_use_builder":"on","_et_pb_old_content":"<p>[et_pb_section fullwidth=\"off\" specialty=\"off\"][et_pb_row][et_pb_column type=\"2_3\"][et_pb_text admin_label=\"Text\" background_layout=\"light\" text_orientation=\"left\"]<\/p><h1>Cirug\u00eda del ment\u00f3n<\/h1><p>[breadcrumbs]<\/p><p><img class=\" wp-image-492 alignleft\" src=\"https:\/\/www.ilahy.es\/wp-content\/uploads\/2014\/08\/cirugia-menton1.jpg\" alt=\"Operaci\u00f3n del ment\u00f3n\" width=\"319\" height=\"213\" \/>La <strong>mentoplastia<\/strong> o <strong>cirug\u00eda est\u00e9tica del ment\u00f3n<\/strong> es una intervenci\u00f3n muy demandada por aquellas personas, ya sean hombres o mujeres de cualquier edad, que desean contar con un rostro proporcionado con el objetivo de obtener una mejora est\u00e9tica.<\/p><p>[\/et_pb_text][\/et_pb_column][et_pb_column type=\"1_3\"][et_pb_sidebar admin_label=\"Sidebar\" orientation=\"left\" area=\"sidebar-1\" background_layout=\"light\" \/][\/et_pb_column][\/et_pb_row][\/et_pb_section]<\/p><p>\u00a0<\/p>","_et_gb_content_width":"","footnotes":""},"class_list":["post-1328","page","type-page","status-publish","has-post-thumbnail","hentry"],"_links":{"self":[{"href":"https:\/\/www.ilahy.es\/en\/wp-json\/wp\/v2\/pages\/1328","targetHints":{"allow":["GET"]}}],"collection":[{"href":"https:\/\/www.ilahy.es\/en\/wp-json\/wp\/v2\/pages"}],"about":[{"href":"https:\/\/www.ilahy.es\/en\/wp-json\/wp\/v2\/types\/page"}],"author":[{"embeddable":true,"href":"https:\/\/www.ilahy.es\/en\/wp-json\/wp\/v2\/users\/1"}],"replies":[{"embeddable":true,"href":"https:\/\/www.ilahy.es\/en\/wp-json\/wp\/v2\/comments?post=1328"}],"version-history":[{"count":2,"href":"https:\/\/www.ilahy.es\/en\/wp-json\/wp\/v2\/pages\/1328\/revisions"}],"predecessor-version":[{"id":1690,"href":"https:\/\/www.ilahy.es\/en\/wp-json\/wp\/v2\/pages\/1328\/revisions\/1690"}],"up":[{"embeddable":true,"href":"https:\/\/www.ilahy.es\/en\/wp-json\/wp\/v2\/pages\/1318"}],"wp:featuredmedia":[{"embeddable":true,"href":"https:\/\/www.ilahy.es\/en\/wp-json\/wp\/v2\/media\/488"}],"wp:attachment":[{"href":"https:\/\/www.ilahy.es\/en\/wp-json\/wp\/v2\/media?parent=1328"}],"curies":[{"name":"wp","href":"https:\/\/api.w.org\/{rel}","templated":true}]}}