{"id":1326,"date":"2014-10-16T11:10:18","date_gmt":"2014-10-16T11:10:18","guid":{"rendered":"https:\/\/www.ilahy.es\/?page_id=1326"},"modified":"2018-01-09T11:29:10","modified_gmt":"2018-01-09T11:29:10","slug":"face-and-neck-lifting","status":"publish","type":"page","link":"https:\/\/www.ilahy.es\/en\/treatments\/facial-surgery\/face-and-neck-lifting","title":{"rendered":"Face and Neck Lifting"},"content":{"rendered":"<p>[et_pb_section fullwidth=&#8221;off&#8221; specialty=&#8221;off&#8221;][et_pb_row][et_pb_column type=&#8221;2_3&#8243;][et_pb_text admin_label=&#8221;Text&#8221; background_layout=&#8221;light&#8221; text_orientation=&#8221;left&#8221;]<\/p>\n<h1>Face and Neck Lifting<\/h1>\n<div class=\"breadcrumbs\"><\/div>\n<p><img loading=\"lazy\" decoding=\"async\" class=\"alignleft  wp-image-485\" src=\"https:\/\/www.ilahy.es\/wp-content\/uploads\/2014\/08\/lifting-facial-cuello1.jpg\" alt=\"Lifting facial y cuello\" width=\"374\" height=\"549\" srcset=\"https:\/\/www.ilahy.es\/wp-content\/uploads\/2014\/08\/lifting-facial-cuello1.jpg 620w, https:\/\/www.ilahy.es\/wp-content\/uploads\/2014\/08\/lifting-facial-cuello1-204x300.jpg 204w\" sizes=\"(max-width: 374px) 100vw, 374px\" \/><\/p>\n<p>Normally, the <strong>facelift<\/strong> is combined with a<strong> neck lift<\/strong> to tighten the jaw area \/ neck line. In many cases it is performed with along with a <strong>blepharoplasty<\/strong>, to improve the periocular area simultaneously. The procedure is performed under general anesthesia and takes about five hours, depending on the extent of surgery to which it is subjected. The surgeon works to remove excess skin on the jaw and the neck area, making careful incisions in the hairline, so its facelift is virtually undetectable.<\/p>\n<p><a href=\"https:\/\/www.ilahy.es\/wp-content\/uploads\/2014\/10\/xDermolift-plasty-minilifting.jpg\"><img loading=\"lazy\" decoding=\"async\" class=\"alignnone wp-image-5652 size-full\" src=\"https:\/\/www.ilahy.es\/wp-content\/uploads\/2014\/10\/xDermolift-plasty-minilifting.jpg\" alt=\"\" width=\"700\" height=\"350\" srcset=\"https:\/\/www.ilahy.es\/wp-content\/uploads\/2014\/10\/xDermolift-plasty-minilifting.jpg 700w, https:\/\/www.ilahy.es\/wp-content\/uploads\/2014\/10\/xDermolift-plasty-minilifting-300x150.jpg 300w\" sizes=\"(max-width: 700px) 100vw, 700px\" \/><\/a><\/p>\n<p>[\/et_pb_text][\/et_pb_column][et_pb_column type=&#8221;1_3&#8243;][et_pb_sidebar admin_label=&#8221;Sidebar&#8221; orientation=&#8221;left&#8221; area=&#8221;sidebar-1&#8243; background_layout=&#8221;light&#8221; \/][\/et_pb_column][\/et_pb_row][\/et_pb_section]<\/p>\n","protected":false},"excerpt":{"rendered":"<p>Tensioning the line area jaw-neck<\/p>\n","protected":false},"author":1,"featured_media":483,"parent":1318,"menu_order":202,"comment_status":"closed","ping_status":"closed","template":"","meta":{"_et_pb_use_builder":"on","_et_pb_old_content":"<p>[et_pb_section fullwidth=\"off\" specialty=\"off\"][et_pb_row][et_pb_column type=\"2_3\"][et_pb_text admin_label=\"Text\" background_layout=\"light\" text_orientation=\"left\"]<\/p><h1>Lifting facial y cuello<\/h1><p>[breadcrumbs]<\/p><p><img class=\"alignleft  wp-image-485\" src=\"https:\/\/www.ilahy.es\/wp-content\/uploads\/2014\/08\/lifting-facial-cuello1.jpg\" alt=\"Lifting facial y cuello\" width=\"374\" height=\"549\" \/>Normalmente, el <strong>lifting facial se combina con el estiramiento de cuello, para tensar el \u00e1rea de la l\u00ednea mand\u00edbula-cuello<\/strong>. En numerosos casos se realiza junto con una <strong>blefaroplastia<\/strong>, para mejorar el \u00e1rea periocular al mismo tiempo.<\/p><p>El procedimiento se realiza con anestesia general y dura unas cinco horas, dependiendo de la extensi\u00f3n de la cirug\u00eda a la que se someta.<\/p><p>El cirujano trabaja para <strong>retirar el exceso de piel en la mand\u00edbula y el \u00e1rea del cuello<\/strong>, realizando cuidadosas incisiones en la l\u00ednea del cabello, con lo que su estiramiento facial resulta virtualmente indetectable.<\/p><p>[\/et_pb_text][\/et_pb_column][et_pb_column type=\"1_3\"][et_pb_sidebar admin_label=\"Sidebar\" orientation=\"left\" area=\"sidebar-1\" background_layout=\"light\" \/][\/et_pb_column][\/et_pb_row][\/et_pb_section]<\/p><p>\u00a0<\/p>","_et_gb_content_width":"","footnotes":""},"class_list":["post-1326","page","type-page","status-publish","has-post-thumbnail","hentry"],"_links":{"self":[{"href":"https:\/\/www.ilahy.es\/en\/wp-json\/wp\/v2\/pages\/1326","targetHints":{"allow":["GET"]}}],"collection":[{"href":"https:\/\/www.ilahy.es\/en\/wp-json\/wp\/v2\/pages"}],"about":[{"href":"https:\/\/www.ilahy.es\/en\/wp-json\/wp\/v2\/types\/page"}],"author":[{"embeddable":true,"href":"https:\/\/www.ilahy.es\/en\/wp-json\/wp\/v2\/users\/1"}],"replies":[{"embeddable":true,"href":"https:\/\/www.ilahy.es\/en\/wp-json\/wp\/v2\/comments?post=1326"}],"version-history":[{"count":4,"href":"https:\/\/www.ilahy.es\/en\/wp-json\/wp\/v2\/pages\/1326\/revisions"}],"predecessor-version":[{"id":5653,"href":"https:\/\/www.ilahy.es\/en\/wp-json\/wp\/v2\/pages\/1326\/revisions\/5653"}],"up":[{"embeddable":true,"href":"https:\/\/www.ilahy.es\/en\/wp-json\/wp\/v2\/pages\/1318"}],"wp:featuredmedia":[{"embeddable":true,"href":"https:\/\/www.ilahy.es\/en\/wp-json\/wp\/v2\/media\/483"}],"wp:attachment":[{"href":"https:\/\/www.ilahy.es\/en\/wp-json\/wp\/v2\/media?parent=1326"}],"curies":[{"name":"wp","href":"https:\/\/api.w.org\/{rel}","templated":true}]}}