{"id":1324,"date":"2014-10-16T11:08:26","date_gmt":"2014-10-16T11:08:26","guid":{"rendered":"https:\/\/www.ilahy.es\/?page_id=1324"},"modified":"2018-04-05T10:59:02","modified_gmt":"2018-04-05T10:59:02","slug":"rhinoplasty","status":"publish","type":"page","link":"https:\/\/www.ilahy.es\/en\/treatments\/facial-surgery\/rhinoplasty","title":{"rendered":"Rhinoplasty"},"content":{"rendered":"<p>[et_pb_section fullwidth=&#8221;off&#8221; specialty=&#8221;off&#8221;][et_pb_row][et_pb_column type=&#8221;2_3&#8243;][et_pb_text admin_label=&#8221;Text&#8221; background_layout=&#8221;light&#8221; text_orientation=&#8221;left&#8221;]<\/p>\n<h1>Rhinoplasty<\/h1>\n<div class=\"breadcrumbs\"><\/div>\n<p><img loading=\"lazy\" decoding=\"async\" class=\"alignright size-full wp-image-501\" src=\"https:\/\/www.ilahy.es\/wp-content\/uploads\/2014\/08\/rinoplastia-operacion-nariz.jpg\" alt=\"Operaci\u00f3n de nariz\" width=\"350\" height=\"502\" srcset=\"https:\/\/www.ilahy.es\/wp-content\/uploads\/2014\/08\/rinoplastia-operacion-nariz.jpg 350w, https:\/\/www.ilahy.es\/wp-content\/uploads\/2014\/08\/rinoplastia-operacion-nariz-209x300.jpg 209w\" sizes=\"(max-width: 350px) 100vw, 350px\" \/><\/p>\n<p><strong>Nose surgery<\/strong> (rhinoplasty) is an operation frequently performed by plastic surgeons. This surgical procedure can produce changes in the appearance, structure and function of the nose. <strong>Rhinoplasty<\/strong> can reduce or increase the size of the nose, change the shape of the tip, narrow the width, or change the angle between the nose and upper lip. This may help correct birth defects, nasal injuries and some breathing problems.<\/p>\n<p>&nbsp;<\/p>\n<p>[\/et_pb_text][\/et_pb_column][et_pb_column type=&#8221;1_3&#8243;][et_pb_sidebar admin_label=&#8221;Sidebar&#8221; orientation=&#8221;left&#8221; area=&#8221;sidebar-1&#8243; background_layout=&#8221;light&#8221; \/][\/et_pb_column][\/et_pb_row][\/et_pb_section]<\/p>\n","protected":false},"excerpt":{"rendered":"<p>Appearance, structure and function of the nose<\/p>\n","protected":false},"author":1,"featured_media":499,"parent":1318,"menu_order":201,"comment_status":"closed","ping_status":"closed","template":"","meta":{"_et_pb_use_builder":"on","_et_pb_old_content":"<p>[et_pb_section fullwidth=\"off\" specialty=\"off\"][et_pb_row][et_pb_column type=\"2_3\"][et_pb_text admin_label=\"Text\" background_layout=\"light\" text_orientation=\"left\"]<\/p><h1>Rinoplastia<\/h1><p>[breadcrumbs]<\/p><p><img class=\"alignright size-full wp-image-501\" src=\"https:\/\/www.ilahy.es\/wp-content\/uploads\/2014\/08\/rinoplastia-operacion-nariz.jpg\" alt=\"Operaci\u00f3n de nariz\" width=\"350\" height=\"502\" \/>La <strong>cirug\u00eda de la nariz<\/strong> (<strong>rinoplastia<\/strong>) es una operaci\u00f3n realizada con frecuencia por los cirujanos pl\u00e1sticos. Este procedimiento quir\u00fargico puede producir cambios en el aspecto, estructura y funci\u00f3n de la nariz.<\/p><p>La rinoplastia puede reducir o aumentar el tama\u00f1o de la nariz, cambiar la forma de la punta, estrechar la anchura de las alas, o cambiar el \u00e1ngulo entre la nariz y el labio superior.<\/p><p>Esta operaci\u00f3n puede ayudar a corregir defectos de nacimiento, lesiones nasales y algunos problemas respiratorios.<\/p><p>[\/et_pb_text][\/et_pb_column][et_pb_column type=\"1_3\"][et_pb_sidebar admin_label=\"Sidebar\" orientation=\"left\" area=\"sidebar-1\" background_layout=\"light\" \/][\/et_pb_column][\/et_pb_row][\/et_pb_section]<\/p><p>\u00a0<\/p>","_et_gb_content_width":"","footnotes":""},"class_list":["post-1324","page","type-page","status-publish","has-post-thumbnail","hentry"],"_links":{"self":[{"href":"https:\/\/www.ilahy.es\/en\/wp-json\/wp\/v2\/pages\/1324","targetHints":{"allow":["GET"]}}],"collection":[{"href":"https:\/\/www.ilahy.es\/en\/wp-json\/wp\/v2\/pages"}],"about":[{"href":"https:\/\/www.ilahy.es\/en\/wp-json\/wp\/v2\/types\/page"}],"author":[{"embeddable":true,"href":"https:\/\/www.ilahy.es\/en\/wp-json\/wp\/v2\/users\/1"}],"replies":[{"embeddable":true,"href":"https:\/\/www.ilahy.es\/en\/wp-json\/wp\/v2\/comments?post=1324"}],"version-history":[{"count":7,"href":"https:\/\/www.ilahy.es\/en\/wp-json\/wp\/v2\/pages\/1324\/revisions"}],"predecessor-version":[{"id":6007,"href":"https:\/\/www.ilahy.es\/en\/wp-json\/wp\/v2\/pages\/1324\/revisions\/6007"}],"up":[{"embeddable":true,"href":"https:\/\/www.ilahy.es\/en\/wp-json\/wp\/v2\/pages\/1318"}],"wp:featuredmedia":[{"embeddable":true,"href":"https:\/\/www.ilahy.es\/en\/wp-json\/wp\/v2\/media\/499"}],"wp:attachment":[{"href":"https:\/\/www.ilahy.es\/en\/wp-json\/wp\/v2\/media?parent=1324"}],"curies":[{"name":"wp","href":"https:\/\/api.w.org\/{rel}","templated":true}]}}