{"id":1316,"date":"2014-10-16T11:00:46","date_gmt":"2014-10-16T11:00:46","guid":{"rendered":"https:\/\/www.ilahy.es\/?page_id=1316"},"modified":"2015-01-26T12:00:12","modified_gmt":"2015-01-26T12:00:12","slug":"gynecomastia-breast-reduction","status":"publish","type":"page","link":"https:\/\/www.ilahy.es\/en\/treatments\/breast-surgery\/gynecomastia-breast-reduction","title":{"rendered":"Gynecomastia Reduction Surgery"},"content":{"rendered":"<p>[et_pb_section fullwidth=&#8221;off&#8221; specialty=&#8221;off&#8221;][et_pb_row][et_pb_column type=&#8221;2_3&#8243;][et_pb_text admin_label=&#8221;Text&#8221; background_layout=&#8221;light&#8221; text_orientation=&#8221;left&#8221;]<\/p>\n<h1>Gynecomastia<\/h1>\n<div class=\"breadcrumbs\"><\/div>\n<p><img loading=\"lazy\" decoding=\"async\" class=\"alignleft  wp-image-470\" src=\"https:\/\/www.ilahy.es\/wp-content\/uploads\/2014\/08\/ginecomastia.jpg\" alt=\"Ginecomastia\" width=\"260\" height=\"390\" srcset=\"https:\/\/www.ilahy.es\/wp-content\/uploads\/2014\/08\/ginecomastia.jpg 700w, https:\/\/www.ilahy.es\/wp-content\/uploads\/2014\/08\/ginecomastia-199x300.jpg 199w, https:\/\/www.ilahy.es\/wp-content\/uploads\/2014\/08\/ginecomastia-682x1024.jpg 682w\" sizes=\"(max-width: 260px) 100vw, 260px\" \/><\/p>\n<p>This procedure is intended for <strong>males who have developed excessive fat or glandular tissue in the chest<\/strong> area, a problem that, for obvious reasons, can be uncomfortable for the patient.<\/p>\n<p>This surgery can be carried out using two methods, liposuction or open surgery.<\/p>\n<p>[\/et_pb_text][\/et_pb_column][et_pb_column type=&#8221;1_3&#8243;][et_pb_sidebar admin_label=&#8221;Sidebar&#8221; orientation=&#8221;left&#8221; area=&#8221;sidebar-1&#8243; background_layout=&#8221;light&#8221; \/][\/et_pb_column][\/et_pb_row][\/et_pb_section]<\/p>\n","protected":false},"excerpt":{"rendered":"<p>Breast reduction surgery in men<\/p>\n","protected":false},"author":1,"featured_media":362,"parent":1306,"menu_order":486,"comment_status":"closed","ping_status":"closed","template":"","meta":{"_et_pb_use_builder":"on","_et_pb_old_content":"<p>[et_pb_section fullwidth=\"off\" specialty=\"off\"][et_pb_row][et_pb_column type=\"2_3\"][et_pb_text admin_label=\"Text\" background_layout=\"light\" text_orientation=\"left\"]<\/p><h1>Cirug\u00eda reductora de ginecomastia<\/h1><p>[breadcrumbs]<\/p><p><img class=\"alignleft  wp-image-470\" src=\"https:\/\/www.ilahy.es\/wp-content\/uploads\/2014\/08\/ginecomastia.jpg\" alt=\"Ginecomastia\" width=\"260\" height=\"390\" \/>Este procedimiento est\u00e1 destinado a <strong>varones que han desarrollado grasa o un exceso de tejido glandular en la zona del pecho<\/strong>, un problema que, por razones obvias, puede resultar inc\u00f3modo para el paciente.<\/p><p>Puede hacerse a trav\u00e9s de dos m\u00e9todos, liposucci\u00f3n o cirug\u00eda abierta, ambos inclusive.<\/p><p>[\/et_pb_text][\/et_pb_column][et_pb_column type=\"1_3\"][et_pb_sidebar admin_label=\"Sidebar\" orientation=\"left\" area=\"sidebar-1\" background_layout=\"light\" \/][\/et_pb_column][\/et_pb_row][\/et_pb_section]<\/p><p>\u00a0<\/p>","_et_gb_content_width":"","footnotes":""},"class_list":["post-1316","page","type-page","status-publish","has-post-thumbnail","hentry"],"_links":{"self":[{"href":"https:\/\/www.ilahy.es\/en\/wp-json\/wp\/v2\/pages\/1316","targetHints":{"allow":["GET"]}}],"collection":[{"href":"https:\/\/www.ilahy.es\/en\/wp-json\/wp\/v2\/pages"}],"about":[{"href":"https:\/\/www.ilahy.es\/en\/wp-json\/wp\/v2\/types\/page"}],"author":[{"embeddable":true,"href":"https:\/\/www.ilahy.es\/en\/wp-json\/wp\/v2\/users\/1"}],"replies":[{"embeddable":true,"href":"https:\/\/www.ilahy.es\/en\/wp-json\/wp\/v2\/comments?post=1316"}],"version-history":[{"count":2,"href":"https:\/\/www.ilahy.es\/en\/wp-json\/wp\/v2\/pages\/1316\/revisions"}],"predecessor-version":[{"id":1671,"href":"https:\/\/www.ilahy.es\/en\/wp-json\/wp\/v2\/pages\/1316\/revisions\/1671"}],"up":[{"embeddable":true,"href":"https:\/\/www.ilahy.es\/en\/wp-json\/wp\/v2\/pages\/1306"}],"wp:featuredmedia":[{"embeddable":true,"href":"https:\/\/www.ilahy.es\/en\/wp-json\/wp\/v2\/media\/362"}],"wp:attachment":[{"href":"https:\/\/www.ilahy.es\/en\/wp-json\/wp\/v2\/media?parent=1316"}],"curies":[{"name":"wp","href":"https:\/\/api.w.org\/{rel}","templated":true}]}}