{"id":1314,"date":"2014-10-16T10:59:05","date_gmt":"2014-10-16T10:59:05","guid":{"rendered":"https:\/\/www.ilahy.es\/?page_id=1314"},"modified":"2025-10-08T10:53:41","modified_gmt":"2025-10-08T10:53:41","slug":"breast-reduction","status":"publish","type":"page","link":"https:\/\/www.ilahy.es\/en\/treatments\/breast-surgery\/breast-reduction","title":{"rendered":"Breast Reduction Mammoplasty"},"content":{"rendered":"<p>[et_pb_section fb_built=&#8221;1&#8243; _builder_version=&#8221;4.16&#8243; global_colors_info=&#8221;{}&#8221;][et_pb_row _builder_version=&#8221;4.16&#8243; background_size=&#8221;initial&#8221; background_position=&#8221;top_left&#8221; background_repeat=&#8221;repeat&#8221; global_colors_info=&#8221;{}&#8221; column_structure=&#8221;2_3,1_3&#8243;][et_pb_column type=&#8221;2_3&#8243; _builder_version=&#8221;4.16&#8243; custom_padding=&#8221;|||&#8221; global_colors_info=&#8221;{}&#8221; custom_padding__hover=&#8221;|||&#8221;][et_pb_text admin_label=&#8221;Text&#8221; _builder_version=&#8221;4.16&#8243; background_size=&#8221;initial&#8221; background_position=&#8221;top_left&#8221; background_repeat=&#8221;repeat&#8221; global_colors_info=&#8221;{}&#8221;]<\/p>\n<h1><strong>Breast Reduction Mammoplasty<\/strong><\/h1>\n<div class=\"breadcrumbs\"><\/div>\n<p>\u00a0<span style=\"font-size: 14px;\">The <\/span><strong style=\"font-size: 14px;\">breast reduction<\/strong><span style=\"font-size: 14px;\"> surgery is one of the most rewarding cosmetic surgery procedures for patients.<\/span><\/p>\n<p>A large sized breast can cause dressing problems, backaches, and can even make it difficult to carry out certain activities such as sports, work and hobbies. For that reason the benefits may be the same as for patients choosing breast augmentation. Greater comfort, better image, more security, etc.<\/p>\n<p>[\/et_pb_text][\/et_pb_column][et_pb_column type=&#8221;1_3&#8243; _builder_version=&#8221;4.16&#8243; custom_padding=&#8221;|||&#8221; global_colors_info=&#8221;{}&#8221; custom_padding__hover=&#8221;|||&#8221;][et_pb_sidebar area=&#8221;sidebar-1&#8243; admin_label=&#8221;Sidebar&#8221; _builder_version=&#8221;4.16&#8243; global_colors_info=&#8221;{}&#8221;][\/et_pb_sidebar][\/et_pb_column][\/et_pb_row][\/et_pb_section]<\/p>\n","protected":false},"excerpt":{"rendered":"<p>Breast Reduction Surgery in Women<\/p>\n","protected":false},"author":1,"featured_media":361,"parent":1306,"menu_order":169,"comment_status":"closed","ping_status":"closed","template":"","meta":{"_et_pb_use_builder":"on","_et_pb_old_content":"<p>[et_pb_section fullwidth=\"off\" specialty=\"off\"][et_pb_row][et_pb_column type=\"2_3\"][et_pb_text admin_label=\"Text\" background_layout=\"light\" text_orientation=\"left\"]<\/p><h1>Mamoplastia de reducci\u00f3n de pecho<\/h1><p>[breadcrumbs]<\/p><p><img class=\"alignleft size-full wp-image-361\" src=\"https:\/\/www.ilahy.es\/wp-content\/uploads\/2014\/08\/cirugia-reduccion-pechos.jpg\" alt=\"reducci\u00f3n de pechos\" width=\"300\" height=\"220\" \/>La<strong> cirug\u00eda de reducci\u00f3n de pecho<\/strong>, es uno de los procedimientos de cirug\u00eda est\u00e9tica m\u00e1s gratificantes para las pacientes.<\/p><p>Una mama de gran tama\u00f1o puede implicar problemas vestir, dolores de espalda, incluso para poder desarrollar ciertas actividades como deportes, trabajo y hobbies, es por eso que las ventajas pueden ser las mismas que para los pacientes que eligen un aumento de pecho. Mayor comodidad, mejor imagen, mas seguridad, etc.<\/p><p>[\/et_pb_text][et_pb_text admin_label=\"Text\" background_layout=\"light\" text_orientation=\"left\"]<\/p><p>[opinion_destacada]<\/p><p>[\/et_pb_text][\/et_pb_column][et_pb_column type=\"1_3\"][et_pb_sidebar admin_label=\"Sidebar\" orientation=\"left\" area=\"sidebar-1\" background_layout=\"light\" \/][\/et_pb_column][\/et_pb_row][\/et_pb_section]<\/p>","_et_gb_content_width":"","footnotes":""},"class_list":["post-1314","page","type-page","status-publish","has-post-thumbnail","hentry"],"_links":{"self":[{"href":"https:\/\/www.ilahy.es\/en\/wp-json\/wp\/v2\/pages\/1314","targetHints":{"allow":["GET"]}}],"collection":[{"href":"https:\/\/www.ilahy.es\/en\/wp-json\/wp\/v2\/pages"}],"about":[{"href":"https:\/\/www.ilahy.es\/en\/wp-json\/wp\/v2\/types\/page"}],"author":[{"embeddable":true,"href":"https:\/\/www.ilahy.es\/en\/wp-json\/wp\/v2\/users\/1"}],"replies":[{"embeddable":true,"href":"https:\/\/www.ilahy.es\/en\/wp-json\/wp\/v2\/comments?post=1314"}],"version-history":[{"count":4,"href":"https:\/\/www.ilahy.es\/en\/wp-json\/wp\/v2\/pages\/1314\/revisions"}],"predecessor-version":[{"id":15805,"href":"https:\/\/www.ilahy.es\/en\/wp-json\/wp\/v2\/pages\/1314\/revisions\/15805"}],"up":[{"embeddable":true,"href":"https:\/\/www.ilahy.es\/en\/wp-json\/wp\/v2\/pages\/1306"}],"wp:featuredmedia":[{"embeddable":true,"href":"https:\/\/www.ilahy.es\/en\/wp-json\/wp\/v2\/media\/361"}],"wp:attachment":[{"href":"https:\/\/www.ilahy.es\/en\/wp-json\/wp\/v2\/media?parent=1314"}],"curies":[{"name":"wp","href":"https:\/\/api.w.org\/{rel}","templated":true}]}}