{"id":1312,"date":"2014-10-16T10:56:43","date_gmt":"2014-10-16T10:56:43","guid":{"rendered":"https:\/\/www.ilahy.es\/?page_id=1312"},"modified":"2015-01-26T11:58:50","modified_gmt":"2015-01-26T11:58:50","slug":"mastopexy-or-breast-lift","status":"publish","type":"page","link":"https:\/\/www.ilahy.es\/en\/treatments\/breast-surgery\/mastopexy-or-breast-lift","title":{"rendered":"Mastopexy or Breast Lift"},"content":{"rendered":"<p>[et_pb_section fullwidth=&#8221;off&#8221; specialty=&#8221;off&#8221;][et_pb_row][et_pb_column type=&#8221;2_3&#8243;][et_pb_text admin_label=&#8221;Text&#8221; background_layout=&#8221;light&#8221; text_orientation=&#8221;left&#8221;]<\/p>\n<h1>Mastopexy or Breast Lift<\/h1>\n<div class=\"breadcrumbs\"><\/div>\n<p><img loading=\"lazy\" decoding=\"async\" class=\"alignleft size-medium wp-image-466\" src=\"https:\/\/www.ilahy.es\/wp-content\/uploads\/2014\/08\/elevacion-pecho-300x300.jpg\" alt=\"Mastoplexia o elevaci\u00f3n de pecho\" width=\"300\" height=\"300\" srcset=\"https:\/\/www.ilahy.es\/wp-content\/uploads\/2014\/08\/elevacion-pecho-300x300.jpg 300w, https:\/\/www.ilahy.es\/wp-content\/uploads\/2014\/08\/elevacion-pecho-150x150.jpg 150w, https:\/\/www.ilahy.es\/wp-content\/uploads\/2014\/08\/elevacion-pecho-400x400.jpg 400w, https:\/\/www.ilahy.es\/wp-content\/uploads\/2014\/08\/elevacion-pecho-45x45.jpg 45w, https:\/\/www.ilahy.es\/wp-content\/uploads\/2014\/08\/elevacion-pecho.jpg 700w\" sizes=\"(max-width: 300px) 100vw, 300px\" \/><\/p>\n<p>A <strong>mastopexy<\/strong> or breast lift is a surgery designed to <strong>reposition the women breast<\/strong> tissue in its original position. This surgery can be performed with or without prosthesis according to each case and the recommendations of the expert surgeon.<\/p>\n<p>Both procedures are performed during the same intervention and incision. The operating results are very satisfactory and significantly improve the appearance of the woman while elevating their self-esteem.<\/p>\n<p>[\/et_pb_text][\/et_pb_column][et_pb_column type=&#8221;1_3&#8243;][et_pb_sidebar admin_label=&#8221;Sidebar&#8221; orientation=&#8221;left&#8221; area=&#8221;sidebar-1&#8243; background_layout=&#8221;light&#8221; \/][\/et_pb_column][\/et_pb_row][\/et_pb_section]<\/p>\n","protected":false},"excerpt":{"rendered":"<p><div class=\"et_pb_row et_pb_row_0 et_pb_row_empty\">\n\t\t\t\t\n\t\t\t\t\n\t\t\t\t\n\t\t\t\t\n\t\t\t\t\n\t\t\t<\/div> Mastopexy or Breast Lift <div class=\"breadcrumbs\"><\/div> A mastopexy or breast lift is a surgery designed to reposition the women breast tissue in its original position. This surgery can be performed with or without prosthesis according to each case and the recommendations of the expert surgeon. Both procedures are performed during the same intervention and incision. [&hellip;]<\/p>\n","protected":false},"author":1,"featured_media":360,"parent":1306,"menu_order":153,"comment_status":"closed","ping_status":"closed","template":"","meta":{"_et_pb_use_builder":"on","_et_pb_old_content":"<p>[et_pb_section fullwidth=\"off\" specialty=\"off\"][et_pb_row][et_pb_column type=\"2_3\"][et_pb_text admin_label=\"Text\" background_layout=\"light\" text_orientation=\"left\"]<\/p><h1>Mastroplexia o Elevaci\u00f3n de Pecho<\/h1><p>[breadcrumbs]<\/p><p><img class=\"alignleft size-medium wp-image-466\" src=\"https:\/\/www.ilahy.es\/wp-content\/uploads\/2014\/08\/elevacion-pecho-300x300.jpg\" alt=\"Mastoplexia o elevaci\u00f3n de pecho\" width=\"300\" height=\"300\" \/>La <strong>mastopexia<\/strong> o <strong>elevaci\u00f3n de los pechos<\/strong>, es una cirug\u00eda dise\u00f1ada para recolocar el tejido mamario de una mujer en su posici\u00f3n original. Esta cirug\u00eda puede realizarse con o sin pr\u00f3tesis seg\u00fan cada caso y las recomendaciones de los expertos cirujano.<\/p><p>Se realizan ambos procedimientos durante la misma intervenci\u00f3n e incisi\u00f3n. Los resultados de la operaci\u00f3n son muy satisfactorios y mejoran notablemente el aspecto de la mujer al mismo tiempo que eleva su autoestima.<\/p><p>[\/et_pb_text][\/et_pb_column][et_pb_column type=\"1_3\"][et_pb_sidebar admin_label=\"Sidebar\" orientation=\"left\" area=\"sidebar-1\" background_layout=\"light\" \/][\/et_pb_column][\/et_pb_row][\/et_pb_section]<\/p><p>\u00a0<\/p>","_et_gb_content_width":"","footnotes":""},"class_list":["post-1312","page","type-page","status-publish","has-post-thumbnail","hentry"],"_links":{"self":[{"href":"https:\/\/www.ilahy.es\/en\/wp-json\/wp\/v2\/pages\/1312","targetHints":{"allow":["GET"]}}],"collection":[{"href":"https:\/\/www.ilahy.es\/en\/wp-json\/wp\/v2\/pages"}],"about":[{"href":"https:\/\/www.ilahy.es\/en\/wp-json\/wp\/v2\/types\/page"}],"author":[{"embeddable":true,"href":"https:\/\/www.ilahy.es\/en\/wp-json\/wp\/v2\/users\/1"}],"replies":[{"embeddable":true,"href":"https:\/\/www.ilahy.es\/en\/wp-json\/wp\/v2\/comments?post=1312"}],"version-history":[{"count":2,"href":"https:\/\/www.ilahy.es\/en\/wp-json\/wp\/v2\/pages\/1312\/revisions"}],"predecessor-version":[{"id":1670,"href":"https:\/\/www.ilahy.es\/en\/wp-json\/wp\/v2\/pages\/1312\/revisions\/1670"}],"up":[{"embeddable":true,"href":"https:\/\/www.ilahy.es\/en\/wp-json\/wp\/v2\/pages\/1306"}],"wp:featuredmedia":[{"embeddable":true,"href":"https:\/\/www.ilahy.es\/en\/wp-json\/wp\/v2\/media\/360"}],"wp:attachment":[{"href":"https:\/\/www.ilahy.es\/en\/wp-json\/wp\/v2\/media?parent=1312"}],"curies":[{"name":"wp","href":"https:\/\/api.w.org\/{rel}","templated":true}]}}