{"id":1309,"date":"2014-10-16T10:53:57","date_gmt":"2014-10-16T10:53:57","guid":{"rendered":"https:\/\/www.ilahy.es\/?page_id=1309"},"modified":"2025-10-08T10:53:08","modified_gmt":"2025-10-08T10:53:08","slug":"breast-augmentation","status":"publish","type":"page","link":"https:\/\/www.ilahy.es\/en\/treatments\/breast-surgery\/breast-augmentation","title":{"rendered":"Breast Augmentation"},"content":{"rendered":"<p>[et_pb_section fb_built=&#8221;1&#8243; _builder_version=&#8221;4.16&#8243; global_colors_info=&#8221;{}&#8221;][et_pb_row _builder_version=&#8221;4.16&#8243; background_size=&#8221;initial&#8221; background_position=&#8221;top_left&#8221; background_repeat=&#8221;repeat&#8221; global_colors_info=&#8221;{}&#8221; column_structure=&#8221;2_3,1_3&#8243;][et_pb_column type=&#8221;2_3&#8243; _builder_version=&#8221;4.16&#8243; custom_padding=&#8221;|||&#8221; global_colors_info=&#8221;{}&#8221; custom_padding__hover=&#8221;|||&#8221;][et_pb_text admin_label=&#8221;Text&#8221; _builder_version=&#8221;4.16&#8243; background_size=&#8221;initial&#8221; background_position=&#8221;top_left&#8221; background_repeat=&#8221;repeat&#8221; global_colors_info=&#8221;{}&#8221;]<\/p>\n<h1>Breast Augmentation<\/h1>\n<div class=\"breadcrumbs\"><\/div>\n<p><strong>Breast augmentation<\/strong> is a surgical procedure that changes the volume of the breasts. Mammoplasty is the ideal solution for different cases such as:<\/p>\n<ul>\n<li>People with an unsatisfactory breast volume.<\/li>\n<li>After the loss of natural volume due to pregnancy or weight loss.<\/li>\n<li>To correct a difference in breast size.<\/li>\n<li>As reconstructive surgery after breast cancer.<\/li>\n<\/ul>\n<p>[\/et_pb_text][\/et_pb_column][et_pb_column type=&#8221;1_3&#8243; _builder_version=&#8221;4.16&#8243; custom_padding=&#8221;|||&#8221; global_colors_info=&#8221;{}&#8221; custom_padding__hover=&#8221;|||&#8221;][et_pb_sidebar area=&#8221;sidebar-1&#8243; admin_label=&#8221;Sidebar&#8221; _builder_version=&#8221;4.16&#8243; global_colors_info=&#8221;{}&#8221;][\/et_pb_sidebar][\/et_pb_column][\/et_pb_row][\/et_pb_section]<\/p>\n","protected":false},"excerpt":{"rendered":"<p>Transforms your breast volume<\/p>\n","protected":false},"author":1,"featured_media":359,"parent":1306,"menu_order":151,"comment_status":"closed","ping_status":"closed","template":"","meta":{"_et_pb_use_builder":"on","_et_pb_old_content":"<p>[et_pb_section fullwidth=\"off\" specialty=\"off\"][et_pb_row][et_pb_column type=\"2_3\"][et_pb_text admin_label=\"Text\" background_layout=\"light\" text_orientation=\"left\"]<\/p><h1>Aumento de pecho<\/h1><p>[breadcrumbs]<\/p><p><img class=\"wp-image-462 alignright\" src=\"https:\/\/www.ilahy.es\/wp-content\/uploads\/2014\/08\/aumento-pecho.jpg\" alt=\"Aumento de pecho\" width=\"263\" height=\"395\" \/>La <strong>mamoplastia de aumento o aumento de pecho<\/strong> es una intervenci\u00f3n quir\u00fargica que transforma el volumen de los senos. La mamoplastia es la soluci\u00f3n ideal para diferentes casos como:<\/p><ul><li>Personas con un volumen mamario insatisfactorio.<\/li><li>Tras la p\u00e9rdida de volumen natural despu\u00e9s de un embarazo o la p\u00e9rdida de peso.<\/li><li>Para corregir una diferencia de tama\u00f1o en los senos.<\/li><li>Como cirug\u00eda reconstructiva tras un c\u00e1ncer de mama.<\/li><\/ul><p>[\/et_pb_text][\/et_pb_column][et_pb_column type=\"1_3\"][et_pb_sidebar admin_label=\"Sidebar\" orientation=\"left\" area=\"sidebar-1\" background_layout=\"light\" \/][\/et_pb_column][\/et_pb_row][\/et_pb_section]<\/p><p>\u00a0<\/p>","_et_gb_content_width":"","footnotes":""},"class_list":["post-1309","page","type-page","status-publish","has-post-thumbnail","hentry"],"_links":{"self":[{"href":"https:\/\/www.ilahy.es\/en\/wp-json\/wp\/v2\/pages\/1309","targetHints":{"allow":["GET"]}}],"collection":[{"href":"https:\/\/www.ilahy.es\/en\/wp-json\/wp\/v2\/pages"}],"about":[{"href":"https:\/\/www.ilahy.es\/en\/wp-json\/wp\/v2\/types\/page"}],"author":[{"embeddable":true,"href":"https:\/\/www.ilahy.es\/en\/wp-json\/wp\/v2\/users\/1"}],"replies":[{"embeddable":true,"href":"https:\/\/www.ilahy.es\/en\/wp-json\/wp\/v2\/comments?post=1309"}],"version-history":[{"count":10,"href":"https:\/\/www.ilahy.es\/en\/wp-json\/wp\/v2\/pages\/1309\/revisions"}],"predecessor-version":[{"id":15800,"href":"https:\/\/www.ilahy.es\/en\/wp-json\/wp\/v2\/pages\/1309\/revisions\/15800"}],"up":[{"embeddable":true,"href":"https:\/\/www.ilahy.es\/en\/wp-json\/wp\/v2\/pages\/1306"}],"wp:featuredmedia":[{"embeddable":true,"href":"https:\/\/www.ilahy.es\/en\/wp-json\/wp\/v2\/media\/359"}],"wp:attachment":[{"href":"https:\/\/www.ilahy.es\/en\/wp-json\/wp\/v2\/media?parent=1309"}],"curies":[{"name":"wp","href":"https:\/\/api.w.org\/{rel}","templated":true}]}}