{"id":12900,"date":"2023-03-02T09:39:31","date_gmt":"2023-03-02T09:39:31","guid":{"rendered":"https:\/\/www.ilahy.es\/?page_id=12900"},"modified":"2026-03-30T08:37:12","modified_gmt":"2026-03-30T08:37:12","slug":"apollo-method","status":"publish","type":"page","link":"https:\/\/www.ilahy.es\/en\/promotions\/apollo-method","title":{"rendered":"Apollo Method"},"content":{"rendered":"<p>[et_pb_section fb_built=&#8221;1&#8243; _builder_version=&#8221;4.16&#8243; global_colors_info=&#8221;{}&#8221;][et_pb_row column_structure=&#8221;2_3,1_3&#8243; _builder_version=&#8221;4.16&#8243; background_size=&#8221;initial&#8221; background_position=&#8221;top_left&#8221; background_repeat=&#8221;repeat&#8221; global_colors_info=&#8221;{}&#8221;][et_pb_column type=&#8221;2_3&#8243; _builder_version=&#8221;4.16&#8243; custom_padding=&#8221;|||&#8221; global_colors_info=&#8221;{}&#8221; custom_padding__hover=&#8221;|||&#8221;][et_pb_text admin_label=&#8221;Text&#8221; _builder_version=&#8221;4.27.4&#8243; background_size=&#8221;initial&#8221; background_position=&#8221;top_left&#8221; background_repeat=&#8221;repeat&#8221; hover_enabled=&#8221;0&#8243; global_colors_info=&#8221;{}&#8221; sticky_enabled=&#8221;0&#8243;]<\/p>\n<h1 style=\"text-align: left;\">APOLLO METHOD<\/h1>\n<p><div class=\"breadcrumbs\"><\/div><br \/><div class=\"promociones clearfix\"><div class=\"et_pb_blurb et_pb_bg_layout_light et_pb_text_align_center et_pb_blurb_position_top promocion promocionNewInd\"><div class=\"novedades\"><div class=\"imgnovedadesN  \"><img loading=\"lazy\" decoding=\"async\" width=\"700\" height=\"350\" src=\"https:\/\/www.ilahy.es\/wp-content\/promos\/novedades\/apollo.jpg\" class=\"attachment-full wp-post-image\" alt=\"Apollo Method\"><\/div><div class=\"et_pb_main_blurb_box\"><h2>Apollo Method<\/h2><h3>non-surgical<\/h3><p class=\"precioPro\">from <span>\u20ac171<\/span> per month<\/p><\/div><\/div><\/div><\/div><br \/><em>* Financiaci\u00f3n a 60 meses, con 18% de gastos de apertura. Promoci\u00f3n v\u00e1lida hasta el 30\/04\/2026. Consulta condiciones en tu cl\u00ednica.<\/em><\/p>\n<p>[\/et_pb_text][et_pb_text admin_label=&#8221;Text&#8221; _builder_version=&#8221;4.16&#8243; background_size=&#8221;initial&#8221; background_position=&#8221;top_left&#8221; background_repeat=&#8221;repeat&#8221; global_colors_info=&#8221;{}&#8221;]<strong>What is the APOLLO Method?<\/strong><\/p>\n<p style=\"text-align: left;\">The APOLLO Method (Endoscopic Gastric Plication) is an effective technique for weight loss that is performed through an endoscopic intervention, without the need for open surgery.<\/p>\n<p style=\"text-align: left;\">It is possible to reduce the size of the stomach by performing internal sutures in the gastric cavity, using an endoscope that is inserted through the patient&#8217;s mouth.<\/p>\n<p style=\"text-align: left;\">The intervention is performed in a safe operating room and with the best specialists, under general anesthesia, and does not require hospital admission or a long postoperative period.<\/p>\n<p style=\"text-align: left;\"><strong>Who is it for?<\/strong><br \/>\nThis method is aimed at people with grade 1 to morbid obesity (a Body Mass Index (BMI) between 30 and 40) who need to lose between 15 kg and 35 kg and have failed other non-surgical weight loss treatments.<\/p>\n<p><strong>What are the benefits?<\/strong><br \/>\n\u2022 Safe and minimally invasive technique<br \/>\n\u2022 Lower risk of infection<br \/>\n\u2022 No external scars<br \/>\n\u2022 Recovery in a shorter period<\/p>\n<p style=\"text-align: left;\">In the Obesity and Nutrition Unit of Cl\u00ednicas Ilahy, the treatment of the APOLLO Method is approached from a multidisciplinary perspective. During the treatment, a personalized follow-up is offered that includes the re-education of eating habits with a team of nutritionists and dieticians, and psychological support with a team of psychologists to help the patient during physical and psychological changes.<\/p>\n<p>[\/et_pb_text][\/et_pb_column][et_pb_column type=&#8221;1_3&#8243; _builder_version=&#8221;4.16&#8243; custom_padding=&#8221;|||&#8221; global_colors_info=&#8221;{}&#8221; custom_padding__hover=&#8221;|||&#8221;][et_pb_sidebar area=&#8221;sidebar-1&#8243; admin_label=&#8221;Sidebar&#8221; _builder_version=&#8221;4.16&#8243; global_colors_info=&#8221;{}&#8221;][\/et_pb_sidebar][\/et_pb_column][\/et_pb_row][\/et_pb_section]<\/p>\n","protected":false},"excerpt":{"rendered":"<p>APOLLO METHOD <div class=\"breadcrumbs\"><\/div><div class=\"promociones clearfix\"><div class=\"et_pb_blurb et_pb_bg_layout_light et_pb_text_align_center et_pb_blurb_position_top promocion promocionNewInd\"><div class=\"novedades\"><div class=\"imgnovedadesN  \"><img loading=\"lazy\" decoding=\"async\" width=\"700\" height=\"350\" src=\"https:\/\/www.ilahy.es\/wp-content\/promos\/novedades\/apollo.jpg\" class=\"attachment-full wp-post-image\" alt=\"Apollo Method\"><\/div><div class=\"et_pb_main_blurb_box\"><h2>Apollo Method<\/h2><h3>non-surgical<\/h3><p class=\"precioPro\">from <span>\u20ac171<\/span> per month<\/p><\/div><\/div><\/div><\/div>* Financiaci\u00f3n a 60 meses, con 18% de gastos de apertura. Promoci\u00f3n v\u00e1lida hasta el 30\/04\/2026. Consulta condiciones en tu cl\u00ednica.What is the APOLLO Method? The APOLLO Method (Endoscopic Gastric Plication) is an effective technique for weight loss that is performed through an endoscopic intervention, without the need for open surgery. It [&hellip;]<\/p>\n","protected":false},"author":1,"featured_media":14921,"parent":1173,"menu_order":242,"comment_status":"closed","ping_status":"closed","template":"","meta":{"_et_pb_use_builder":"on","_et_pb_old_content":"","_et_gb_content_width":"","footnotes":""},"class_list":["post-12900","page","type-page","status-publish","has-post-thumbnail","hentry"],"_links":{"self":[{"href":"https:\/\/www.ilahy.es\/en\/wp-json\/wp\/v2\/pages\/12900","targetHints":{"allow":["GET"]}}],"collection":[{"href":"https:\/\/www.ilahy.es\/en\/wp-json\/wp\/v2\/pages"}],"about":[{"href":"https:\/\/www.ilahy.es\/en\/wp-json\/wp\/v2\/types\/page"}],"author":[{"embeddable":true,"href":"https:\/\/www.ilahy.es\/en\/wp-json\/wp\/v2\/users\/1"}],"replies":[{"embeddable":true,"href":"https:\/\/www.ilahy.es\/en\/wp-json\/wp\/v2\/comments?post=12900"}],"version-history":[{"count":22,"href":"https:\/\/www.ilahy.es\/en\/wp-json\/wp\/v2\/pages\/12900\/revisions"}],"predecessor-version":[{"id":16543,"href":"https:\/\/www.ilahy.es\/en\/wp-json\/wp\/v2\/pages\/12900\/revisions\/16543"}],"up":[{"embeddable":true,"href":"https:\/\/www.ilahy.es\/en\/wp-json\/wp\/v2\/pages\/1173"}],"wp:featuredmedia":[{"embeddable":true,"href":"https:\/\/www.ilahy.es\/en\/wp-json\/wp\/v2\/media\/14921"}],"wp:attachment":[{"href":"https:\/\/www.ilahy.es\/en\/wp-json\/wp\/v2\/media?parent=12900"}],"curies":[{"name":"wp","href":"https:\/\/api.w.org\/{rel}","templated":true}]}}