{"id":11860,"date":"2022-03-04T11:25:54","date_gmt":"2022-03-04T11:25:54","guid":{"rendered":"https:\/\/www.ilahy.es\/?page_id=11860"},"modified":"2025-01-09T14:53:44","modified_gmt":"2025-01-09T14:53:44","slug":"ilahy-gandia","status":"publish","type":"page","link":"https:\/\/www.ilahy.es\/en\/aesthetic-clinics\/ilahy-gandia","title":{"rendered":"ilahy Gand\u00eda"},"content":{"rendered":"<p>[et_pb_section fullwidth=&#8221;off&#8221; specialty=&#8221;off&#8221;][et_pb_row][et_pb_column type=&#8221;4_4&#8243;][et_pb_text admin_label=&#8221;Text&#8221; background_layout=&#8221;light&#8221; text_orientation=&#8221;left&#8221;]<\/p>\n<h1>ilahy Beauty and Aesthetic Centre in Gand\u00eda<\/h1>\n<p><div class=\"breadcrumbs\"><\/div>[\/et_pb_text][et_pb_image admin_label=&#8221;Image&#8221; src=&#8221;https:\/\/www.ilahy.es\/wp-content\/uploads\/2022\/03\/ilahy-gandia.jpg&#8221; alt=&#8221;ilahy Gand\u00eda&#8221; show_in_lightbox=&#8221;off&#8221; url_new_window=&#8221;off&#8221; animation=&#8221;off&#8221; \/][et_pb_text admin_label=&#8221;Intro&#8221; background_layout=&#8221;light&#8221; text_orientation=&#8221;left&#8221;]<\/p>\n<p>ilahy opens its advanced aesthetic medicine and surgery clinic in Gand\u00eda, in carrer Gregori Maians, next to Parque Sant Pere, next to Policl\u00ednica IMED Gand\u00eda.<\/p>\n<p>The ilahy clinics are part of IMED Hospitales, so it meets the very high quality standards of this hospital group. Free first medical consultation, hospital care, these and many more are the values that make our clinic stand out and make us a reference in the Valencian Community.<\/p>\n<p>[\/et_pb_text][\/et_pb_column][\/et_pb_row][\/et_pb_section][et_pb_section fullwidth=&#8221;off&#8221; specialty=&#8221;off&#8221; background_color=&#8221;#ffffff&#8221; inner_shadow=&#8221;off&#8221; parallax=&#8221;off&#8221; parallax_method=&#8221;css&#8221; module_class=&#8221;et_pb_fullwidth_section clinica_gal&#8221;][et_pb_row][et_pb_column type=&#8221;1_2&#8243;][et_pb_text admin_label=&#8221;datos contacto&#8221; background_layout=&#8221;light&#8221; text_orientation=&#8221;left&#8221;]<\/p>\n<div class=\"clinicabox clinicabox2 clinicabox-center\">\n<div class=\"imgclinica\"><img decoding=\"async\" class=\"alignleft size-full wp-image-3779\" src=\"https:\/\/www.ilahy.es\/wp-content\/uploads\/2021\/06\/logo-imed_gandia.png\" alt=\"centro de est\u00e9tica en Gand\u00eda\" width=\"154\" height=\"auto\" \/><\/div>\n<div class=\"txtclinica\">\n<p class=\"m-0\" style=\"text-align: left;\"><strong><a href=\"tel:963003019\">Tel. 963 00 30 19<\/a><\/strong><\/p>\n<p class=\"m-0\" style=\"text-align: left;\"><strong><a title=\"Llamar a ilahy Gand\u00eda\" href=\"https:\/\/api.whatsapp.com\/send?phone=34620641000&amp;text=Hola!&amp;\" target=\"_blank\"><i class=\"fa fa-whatsapp\"><\/i> 620 64 10 00<\/a><\/strong><\/p>\n<p class=\"m-0\" style=\"text-align: left;\">Carrer Gregori Maians 19, 46702 Gand\u00eda (Valencia)<\/p>\n<\/div>\n<\/div>\n<p>[\/et_pb_text][et_pb_text admin_label=&#8221;bot\u00f3n&#8221; background_layout=&#8221;light&#8221; text_orientation=&#8221;left&#8221;]<\/p>\n<p style=\"text-align: center;\"><a class=\"ilahy_button\" href=\"#formulario\">Request a Free Appointment<\/a><\/p>\n<p>[\/et_pb_text][\/et_pb_column][et_pb_column type=&#8221;1_2&#8243;][et_pb_gallery admin_label=&#8221;Gallery&#8221; gallery_ids=&#8221;13051,13048,13049,13050&#8243; fullwidth=&#8221;on&#8221; posts_number=&#8221;1&#8243; show_title_and_caption=&#8221;on&#8221; show_pagination=&#8221;on&#8221; background_layout=&#8221;light&#8221; \/][\/et_pb_column][\/et_pb_row][\/et_pb_section][et_pb_section fullwidth=&#8221;off&#8221; specialty=&#8221;off&#8221;][et_pb_row][et_pb_column type=&#8221;2_3&#8243;][et_pb_text admin_label=&#8221;llegar&#8221; background_layout=&#8221;light&#8221; text_orientation=&#8221;left&#8221;]<\/p>\n<h3>Getting to IMED Gand\u00eda<\/h3>\n<p>[\/et_pb_text][et_pb_text admin_label=&#8221;mapa&#8221; background_layout=&#8221;light&#8221; text_orientation=&#8221;left&#8221;]<\/p>\n<p><iframe loading=\"lazy\" class=\"embed-responsive-item\" style=\"border: 0;\" src=\"https:\/\/www.google.com\/maps\/embed?pb=!1m18!1m12!1m3!1d3102.089107185278!2d-0.19294338464757527!3d38.967633279559934!2m3!1f0!2f0!3f0!3m2!1i1024!2i768!4f13.1!3m3!1m2!1s0xd61e9ca1400b42b%3A0x44ca2d3405c087ae!2sCarrer%20Gregori%20Maians%2C%2019%2C%2046702%20Gandia%2C%20Val%C3%A8ncia!5e0!3m2!1ses!2ses!4v1624024233620!5m2!1ses!2ses\" width=\"100%\" height=\"500\" allowfullscreen=\"allowfullscreen\"><\/iframe><\/p>\n<p>[\/et_pb_text][\/et_pb_column][et_pb_column type=&#8221;1_3&#8243;][et_pb_text admin_label=&#8221;formulario&#8221; background_layout=&#8221;light&#8221; text_orientation=&#8221;left&#8221; module_id=&#8221;formulario&#8221;]\n<div class=\"wpcf7 no-js\" id=\"wpcf7-f1485-o1\" lang=\"en-US\" dir=\"ltr\" data-wpcf7-id=\"1485\">\n<div class=\"screen-reader-response\"><p role=\"status\" aria-live=\"polite\" aria-atomic=\"true\"><\/p> <ul><\/ul><\/div>\n<form action=\"\/en\/wp-json\/wp\/v2\/pages\/11860#wpcf7-f1485-o1\" method=\"post\" class=\"wpcf7-form init\" aria-label=\"Contact form\" novalidate=\"novalidate\" data-status=\"init\">\n<fieldset class=\"hidden-fields-container\"><input type=\"hidden\" name=\"_wpcf7\" value=\"1485\" \/><input type=\"hidden\" name=\"_wpcf7_version\" value=\"6.1.5\" \/><input type=\"hidden\" name=\"_wpcf7_locale\" value=\"en_US\" \/><input type=\"hidden\" name=\"_wpcf7_unit_tag\" value=\"wpcf7-f1485-o1\" \/><input type=\"hidden\" name=\"_wpcf7_container_post\" value=\"0\" \/><input type=\"hidden\" name=\"_wpcf7_posted_data_hash\" value=\"\" \/>\n<\/fieldset>\n<div class=\"row form-header\">\n\t<h2>Make an appointment now\n\t<\/h2>\n\t<p>Diagnostic consultation and guidance for <strong>free<\/strong>.\n\t<\/p>\n\t<p>Ask us <strong>without obligation<\/strong>.\n\t<\/p>\n\t<p class=\"decorative\">&nbsp;\n\t<\/p>\n<\/div>\n<div class=\"form-panel\">\n\t<div class=\"row\">\n\t\t<p><span class=\"wpcf7-form-control-wrap\" data-name=\"cita-nombre\"><input size=\"40\" maxlength=\"400\" class=\"wpcf7-form-control wpcf7-text wpcf7-validates-as-required\" aria-required=\"true\" aria-invalid=\"false\" placeholder=\"Name (*)\" value=\"\" type=\"text\" name=\"cita-nombre\" \/><\/span>\n\t\t<\/p>\n\t<\/div>\n\t<div class=\"row\">\n\t\t<p><span class=\"wpcf7-form-control-wrap\" data-name=\"cita-email\"><input size=\"40\" maxlength=\"400\" class=\"wpcf7-form-control wpcf7-text wpcf7-validates-as-required\" aria-required=\"true\" aria-invalid=\"false\" placeholder=\"Email (*)\" value=\"\" type=\"text\" name=\"cita-email\" \/><\/span>\n\t\t<\/p>\n\t<\/div>\n\t<div class=\"row\">\n\t\t<p><span class=\"wpcf7-form-control-wrap\" data-name=\"cita-telefono\"><input size=\"40\" maxlength=\"400\" class=\"wpcf7-form-control wpcf7-text wpcf7-validates-as-required\" aria-required=\"true\" aria-invalid=\"false\" placeholder=\"Telephone (*)\" value=\"\" type=\"text\" name=\"cita-telefono\" \/><\/span>\n\t\t<\/p>\n\t<\/div>\n\t<div class=\"row\">\n\t\t<p><span class=\"wpcf7-form-control-wrap\" data-name=\"cita-lugar\"><select class=\"wpcf7-form-control wpcf7-select wpcf7-validates-as-required\" aria-required=\"true\" aria-invalid=\"false\" name=\"cita-lugar\"><option value=\"\">&#8212;Please choose an option&#8212;<\/option><option value=\"- Benidorm\">- Benidorm<\/option><option value=\"- Elche\">- Elche<\/option><option value=\"- Torrevieja\">- Torrevieja<\/option><option value=\"- Valencia Burjassot\">- Valencia Burjassot<\/option><option value=\"- Valencia Centro\">- Valencia Centro<\/option><option value=\"- Gandia\">- Gandia<\/option><option value=\"- Alcoy\">- Alcoy<\/option><\/select><\/span>\n\t\t<\/p>\n\t<\/div>\n\t<div class=\"row\">\n\t\t<p><span class=\"wpcf7-form-control-wrap\" data-name=\"cita-horario\"><select class=\"wpcf7-form-control wpcf7-select wpcf7-validates-as-required\" aria-required=\"true\" aria-invalid=\"false\" name=\"cita-horario\"><option value=\"\">&#8212;Please choose an option&#8212;<\/option><option value=\"- From 9:00 to 14:00\">- From 9:00 to 14:00<\/option><option value=\"- From 14:00 to 16:00\">- From 14:00 to 16:00<\/option><option value=\"- From 16:00 to 21:00\">- From 16:00 to 21:00<\/option><\/select><\/span>\n\t\t<\/p>\n\t<\/div>\n\t<div class=\"row\">\n\t\t<p><span class=\"wpcf7-form-control-wrap\" data-name=\"cita-comentarios\"><textarea cols=\"40\" rows=\"10\" maxlength=\"2000\" class=\"wpcf7-form-control wpcf7-textarea\" aria-invalid=\"false\" placeholder=\"Which treatment are you interested in?\" name=\"cita-comentarios\"><\/textarea><\/span>\n\t\t<\/p>\n\t<\/div>\n\t<div class=\"row\">\n\t\t<p><span class=\"wpcf7-form-control-wrap\" data-name=\"cita-publicidad\"><span class=\"wpcf7-form-control wpcf7-checkbox\"><span class=\"wpcf7-list-item first last\"><label><input type=\"checkbox\" name=\"cita-publicidad[]\" value=\"I want to receive offers and news\" \/><span class=\"wpcf7-list-item-label\">I want to receive offers and news<\/span><\/label><\/span><\/span><\/span><br \/>\n<span class=\"wpcf7-form-control-wrap\" data-name=\"cita-accept\"><span class=\"wpcf7-form-control wpcf7-acceptance\"><span class=\"wpcf7-list-item\"><input type=\"checkbox\" name=\"cita-accept\" value=\"1\" id=\"cita-accept\" aria-invalid=\"false\" \/><\/span><\/span><\/span><label for=\"cita-accept\">I have read and accept the <a href=\"https:\/\/www.ilahy.es\/aviso-legal\"  target=\"_blank\">legal terms<\/a> and the conditions about <a href=\"https:\/\/www.ilahy.es\/proteccion-datos\" target=\"_blank\">data protection<\/a><\/label>\n\t\t<\/p>\n\t<\/div>\n\t<div class=\"row\">\n\t\t<p><input class=\"wpcf7-form-control wpcf7-submit has-spinner\" type=\"submit\" value=\"Send Request\" \/>\n\t\t<\/p>\n\t\t<div class=\"legal_info\">\n\t\t\t<p><small style=\"font-size:10px; line-height:16px\"><\/small>\n\t\t\t<\/p>\n\t\t<\/div>\n\t<\/div>\n<\/div><div class=\"wpcf7-response-output\" aria-hidden=\"true\"><\/div>\n<\/form>\n<\/div>\n[\/et_pb_text][\/et_pb_column][\/et_pb_row][\/et_pb_section]<\/p>\n","protected":false},"excerpt":{"rendered":"<p><div class=\"et_pb_row et_pb_row_0 et_pb_row_empty\">\n\t\t\t\t\n\t\t\t\t\n\t\t\t\t\n\t\t\t\t\n\t\t\t\t\n\t\t\t<\/div> ilahy Beauty and Aesthetic Centre in Gand\u00eda <div class=\"breadcrumbs\"><\/div> ilahy opens its advanced aesthetic medicine and surgery clinic in Gand\u00eda, in carrer Gregori Maians, next to Parque Sant Pere, next to Policl\u00ednica IMED Gand\u00eda. The ilahy clinics are part of IMED Hospitales, so it meets the very high quality standards of this hospital group. Free [&hellip;]<\/p>\n","protected":false},"author":1,"featured_media":0,"parent":1157,"menu_order":547,"comment_status":"closed","ping_status":"closed","template":"","meta":{"_et_pb_use_builder":"on","_et_pb_old_content":"<p>[et_pb_section][et_pb_row][et_pb_column type=\"2_3\"][et_pb_text admin_label=\"Text\" background_layout=\"light\" text_orientation=\"left\"]<\/p><h1>ilahy Centro\u00a0de Belleza y Est\u00e9tica en\u00a0Gand\u00eda<\/h1><p>[breadcrumbs]<\/p><p><img class=\"alignleft size-full wp-image-3779\" src=\"https:\/\/www.ilahy.es\/wp-content\/uploads\/2021\/06\/logo-imed_gandia.png\" alt=\"centro de est\u00e9tica en Gand\u00eda\" width=\"134\" height=\"auto\" \/><strong><a href=\"tel:963003019\">Tel. 963 00 30 19<\/a><\/strong> \u00b7 <strong><a href=\"tel:620641000\"><i class=\"fa fa-whatsapp\"><\/i> 620 641 000<\/a><\/strong><br \/> Carrer Gregori Maians 19, 46702 Gand\u00eda (Valencia)<\/p><p>\u00a0<\/p><p>ilahy abre su cl\u00ednica de medicina y cirug\u00eda est\u00e9tica avanzada en Gand\u00eda, en el carrer Gregori Maians, junto al Parque Sant Pere, junto a la Policl\u00ednica IMED Gand\u00eda.<\/p><p>Las cl\u00ednicas ilahy forman parte de IMED Hospitales, por lo que se ajusta a sus alt\u00edsimos est\u00e1ndares de calidad de este grupo hospitalario. Primera consulta m\u00e9dica gratuita, asistencia hospitalaria, estos y muchos m\u00e1s son los valores que hacen destacar a nuestra cl\u00ednica y que nos sit\u00faan como referencia en la Comunidad Valenciana.<\/p><p>[\/et_pb_text][et_pb_accordion admin_label=\"Accordion\"][et_pb_accordion_item title=\"C\u00f3mo llegar a IMED Valencia\"]<iframe class=\"embed-responsive-item\" style=\"border: 0;\" src=\"https:\/\/www.google.com\/maps\/embed?pb=!1m18!1m12!1m3!1d3102.089107185278!2d-0.19294338464757527!3d38.967633279559934!2m3!1f0!2f0!3f0!3m2!1i1024!2i768!4f13.1!3m3!1m2!1s0xd61e9ca1400b42b%3A0x44ca2d3405c087ae!2sCarrer%20Gregori%20Maians%2C%2019%2C%2046702%20Gandia%2C%20Val%C3%A8ncia!5e0!3m2!1ses!2ses!4v1624024233620!5m2!1ses!2ses\" width=\"100%\" height=\"500\" allowfullscreen=\"allowfullscreen\"><\/iframe>[\/et_pb_accordion_item][\/et_pb_accordion][\/et_pb_column][et_pb_column type=\"1_3\"][et_pb_sidebar admin_label=\"Sidebar\" orientation=\"left\" area=\"sidebar-1\" background_layout=\"light\" \/][\/et_pb_column][\/et_pb_row][\/et_pb_section]<\/p>","_et_gb_content_width":"","footnotes":""},"class_list":["post-11860","page","type-page","status-publish","hentry"],"_links":{"self":[{"href":"https:\/\/www.ilahy.es\/en\/wp-json\/wp\/v2\/pages\/11860","targetHints":{"allow":["GET"]}}],"collection":[{"href":"https:\/\/www.ilahy.es\/en\/wp-json\/wp\/v2\/pages"}],"about":[{"href":"https:\/\/www.ilahy.es\/en\/wp-json\/wp\/v2\/types\/page"}],"author":[{"embeddable":true,"href":"https:\/\/www.ilahy.es\/en\/wp-json\/wp\/v2\/users\/1"}],"replies":[{"embeddable":true,"href":"https:\/\/www.ilahy.es\/en\/wp-json\/wp\/v2\/comments?post=11860"}],"version-history":[{"count":4,"href":"https:\/\/www.ilahy.es\/en\/wp-json\/wp\/v2\/pages\/11860\/revisions"}],"predecessor-version":[{"id":14647,"href":"https:\/\/www.ilahy.es\/en\/wp-json\/wp\/v2\/pages\/11860\/revisions\/14647"}],"up":[{"embeddable":true,"href":"https:\/\/www.ilahy.es\/en\/wp-json\/wp\/v2\/pages\/1157"}],"wp:attachment":[{"href":"https:\/\/www.ilahy.es\/en\/wp-json\/wp\/v2\/media?parent=11860"}],"curies":[{"name":"wp","href":"https:\/\/api.w.org\/{rel}","templated":true}]}}