{"id":1173,"date":"2014-10-07T11:08:18","date_gmt":"2014-10-07T11:08:18","guid":{"rendered":"https:\/\/www.ilahy.es\/?page_id=1173"},"modified":"2025-10-01T08:39:54","modified_gmt":"2025-10-01T08:39:54","slug":"promotions","status":"publish","type":"page","link":"https:\/\/www.ilahy.es\/en\/promotions","title":{"rendered":"Promotions"},"content":{"rendered":"<p>[et_pb_section fb_built=&#8221;1&#8243; module_class=&#8221;promociones&#8221; _builder_version=&#8221;4.16&#8243; background_color=&#8221;#ffffff&#8221; global_colors_info=&#8221;{}&#8221;][et_pb_row _builder_version=&#8221;4.16&#8243; background_size=&#8221;initial&#8221; background_position=&#8221;top_left&#8221; background_repeat=&#8221;repeat&#8221; global_colors_info=&#8221;{}&#8221;][et_pb_column type=&#8221;4_4&#8243; _builder_version=&#8221;4.16&#8243; custom_padding=&#8221;|||&#8221; global_colors_info=&#8221;{}&#8221; custom_padding__hover=&#8221;|||&#8221;][et_pb_text admin_label=&#8221;Text&#8221; _builder_version=&#8221;4.27.4&#8243; background_size=&#8221;initial&#8221; background_position=&#8221;top_left&#8221; background_repeat=&#8221;repeat&#8221; hover_enabled=&#8221;0&#8243; global_colors_info=&#8221;{}&#8221; sticky_enabled=&#8221;0&#8243;]<\/p>\n<h1 style=\"text-align: center;\">Discover the latest news<\/h1>\n<p style=\"text-align: center;\"><span style=\"color: #ab986f;\">April<\/span><\/p>\n<p><div class=\"breadcrumbs\"><\/div>\u00a0<div class=\"promociones clearfix\"><div class=\"promociones_filter\"><ul><li class=\"todas\"><a href=\"#todas\" class=\"active\">All<\/a><\/li><li class=\"cirugia\"><a href=\"#cirugia\" >Plastic Surgery<\/a><\/li><li class=\"obesidad\"><a href=\"#obesidad\" >Obesity Treatments<\/a><\/li><li class=\"facial\"><a href=\"#facial\" >Facial Aesthetic Treatments<\/a><\/li><li class=\"corporal\"><a href=\"#corporal\" >Body Aesthetic Treatments<\/a><\/li><li class=\"capilar\"><a href=\"#capilar\" >Hair Treatments<\/a><\/li><\/ul><\/div><div class=\"cirugia  et_pb_blurb et_pb_bg_layout_light et_pb_text_align_center et_pb_blurb_position_top promocion promocionNew\"><div class=\"novedades\"><div class=\"imgnovedadesN  \"><a href=\"https:\/\/www.ilahy.es\/en\/promotions\/breast-enlargement\"><img loading=\"lazy\" decoding=\"async\" width=\"700\" height=\"350\" src=\"https:\/\/www.ilahy.es\/wp-content\/promos\/novedades\/aumento-pecho.jpg\" class=\"attachment-full wp-post-image\" alt=\"Breast Augmentation with Mentor Implants\"><\/a><\/div><div class=\"et_pb_main_blurb_box\"><a href=\"https:\/\/www.ilahy.es\/en\/promotions\/breast-enlargement\"><h2>Breast Augmentation with Mentor Implants<\/h2><h3>+3 post-surgical treatment sessions<\/h3><p class=\"precioPro\">from <span>\u20ac85<\/span> per month<\/p><p class=\"precioPro\">Total: 4.700\u20ac<\/p><\/a><\/div><\/div><\/div><div class=\"cirugia  et_pb_blurb et_pb_bg_layout_light et_pb_text_align_center et_pb_blurb_position_top promocion promocionNew\"><div class=\"novedades\"><div class=\"imgnovedadesN  \"><a href=\"https:\/\/www.ilahy.es\/en\/promotions\/tummy-tuck-price\"><img loading=\"lazy\" decoding=\"async\" width=\"700\" height=\"350\" src=\"https:\/\/www.ilahy.es\/wp-content\/promos\/novedades\/abdominoplastia-liposuccion.jpg\" class=\"attachment-full wp-post-image\" alt=\"Abdominoplasty\"><\/a><\/div><div class=\"et_pb_main_blurb_box\"><a href=\"https:\/\/www.ilahy.es\/en\/promotions\/tummy-tuck-price\"><h2>Abdominoplasty<\/h2><h3>+3 post-surgical treatment sessions<\/h3><p class=\"precioPro\">desde <span>\u20ac112<\/span> per month<\/p><p class=\"precioPro\">Total: 6.200\u20ac<\/p><\/a><\/div><\/div><\/div><div class=\"cirugia  et_pb_blurb et_pb_bg_layout_light et_pb_text_align_center et_pb_blurb_position_top promocion promocionNew\"><div class=\"novedades\"><div class=\"imgnovedadesN  \"><a href=\"https:\/\/www.ilahy.es\/en\/promotions\/facelift\"><img loading=\"lazy\" decoding=\"async\" width=\"700\" height=\"350\" src=\"https:\/\/www.ilahy.es\/wp-content\/promos\/novedades\/lifting.jpg\" class=\"attachment-full wp-post-image\" alt=\"Facelift\"><\/a><\/div><div class=\"et_pb_main_blurb_box\"><a href=\"https:\/\/www.ilahy.es\/en\/promotions\/facelift\"><h2>Facelift<\/h2><h3> <\/h3><p class=\"precioPro\">from <span>\u20ac77<\/span> per month<\/p><p class=\"precioPro\">Total: 4.250<\/p><\/a><\/div><\/div><\/div><div class=\" et_pb_blurb et_pb_bg_layout_light et_pb_text_align_center et_pb_blurb_position_top promocion promocionNew\"><div class=\"novedades\"><div class=\"imgnovedadesN  \"><a href=\"https:\/\/www.ilahy.es\/en\/promotions\/ultrasonic-rhinoplasty\"><img loading=\"lazy\" decoding=\"async\" width=\"700\" height=\"350\" src=\"https:\/\/www.ilahy.es\/wp-content\/promos\/novedades\/rinoplastia-ultrasonica.jpg\" class=\"attachment-full wp-post-image\" alt=\"Ultrasonic Rhinoplasty\"><\/a><\/div><div class=\"et_pb_main_blurb_box\"><a href=\"https:\/\/www.ilahy.es\/en\/promotions\/ultrasonic-rhinoplasty\"><h2>Ultrasonic Rhinoplasty<\/h2><h3> <\/h3><p class=\"precioPro\">from <span>\u20ac112<\/span> per month<\/p><p class=\"precioPro\">Total: 6.200\u20ac<\/p><\/a><\/div><\/div><\/div><div class=\"obesidad  et_pb_blurb et_pb_bg_layout_light et_pb_text_align_center et_pb_blurb_position_top promocion promocionNew\"><div class=\"novedades\"><div class=\"imgnovedadesN  \"><a href=\"https:\/\/www.ilahy.es\/en\/promotions\/gastric-balloon-price\"><img loading=\"lazy\" decoding=\"async\" width=\"700\" height=\"350\" src=\"https:\/\/www.ilahy.es\/wp-content\/promos\/novedades\/big.jpg\" class=\"attachment-full wp-post-image\" alt=\"12-month Gastric Balloon\"><\/a><\/div><div class=\"et_pb_main_blurb_box\"><a href=\"https:\/\/www.ilahy.es\/en\/promotions\/gastric-balloon-price\"><h2>12-month Gastric Balloon<\/h2><h3>Lose weight from the moment it's placed<\/h3><p class=\"precioPro\">from <span>\u20ac85<\/span> per month<\/p><\/a><\/div><\/div><\/div><div class=\"obesidad  et_pb_blurb et_pb_bg_layout_light et_pb_text_align_center et_pb_blurb_position_top promocion promocionNew\"><div class=\"novedades\"><div class=\"imgnovedadesN  \"><a href=\"https:\/\/www.ilahy.es\/en\/promotions\/apollo-method\"><img loading=\"lazy\" decoding=\"async\" width=\"700\" height=\"350\" src=\"https:\/\/www.ilahy.es\/wp-content\/promos\/novedades\/apollo.jpg\" class=\"attachment-full wp-post-image\" alt=\"Apollo Method\"><\/a><\/div><div class=\"et_pb_main_blurb_box\"><a href=\"https:\/\/www.ilahy.es\/en\/promotions\/apollo-method\"><h2>Apollo Method<\/h2><h3>non-surgical<\/h3><p class=\"precioPro\">from <span>\u20ac171<\/span> per month<\/p><\/a><\/div><\/div><\/div><div class=\"obesidad  et_pb_blurb et_pb_bg_layout_light et_pb_text_align_center et_pb_blurb_position_top promocion promocionNew\"><div class=\"novedades\"><div class=\"imgnovedadesN  \"><a href=\"https:\/\/www.ilahy.es\/en\/promotions\/bariatric-surgery\"><img loading=\"lazy\" decoding=\"async\" width=\"700\" height=\"350\" src=\"https:\/\/www.ilahy.es\/wp-content\/promos\/novedades\/bariatrica.jpg\" class=\"attachment-full wp-post-image\" alt=\"Bariatric Surgery\"><\/a><\/div><div class=\"et_pb_main_blurb_box\"><a href=\"https:\/\/www.ilahy.es\/en\/promotions\/bariatric-surgery\"><h2>Bariatric Surgery<\/h2><p class=\"precioPro\">from <span>\u20ac241<\/span> per month<\/p><\/a><\/div><\/div><\/div><div class=\"facial  et_pb_blurb et_pb_bg_layout_light et_pb_text_align_center et_pb_blurb_position_top promocion promocionNew\"><div class=\"novedades\"><div class=\"imgnovedadesN  \"><a href=\"https:\/\/www.ilahy.es\/en\/promotions\/glow-up-pack\"><img loading=\"lazy\" decoding=\"async\" width=\"700\" height=\"350\" src=\"https:\/\/www.ilahy.es\/wp-content\/promos\/novedades\/glow.jpg\" class=\"attachment-full wp-post-image\" alt=\"Glow\"><\/a><\/div><div class=\"et_pb_main_blurb_box\"><a href=\"https:\/\/www.ilahy.es\/en\/promotions\/glow-up-pack\"><h2>Glow<\/h2><h3>1 vial Hyaluronic Acid<\/h3><p class=\"precioPro\">from <span>\u20ac299<\/span><\/p><h2>Glow Up<\/h2><h3>Facial remodeling<\/h3><p class=\"precioPro\">from <span>\u20ac598<\/span><\/p><\/a><\/div><\/div><\/div><div class=\"facial  et_pb_blurb et_pb_bg_layout_light et_pb_text_align_center et_pb_blurb_position_top promocion promocionNew\"><div class=\"novedades\"><div class=\"imgnovedadesN  \"><a href=\"https:\/\/www.ilahy.es\/en\/promotions\/lips-augmentation\"><img loading=\"lazy\" decoding=\"async\" width=\"700\" height=\"350\" src=\"https:\/\/www.ilahy.es\/wp-content\/promos\/novedades\/aumento-labios.jpg\" class=\"attachment-full wp-post-image\" alt=\"Lips Augmentation\"><\/a><\/div><div class=\"et_pb_main_blurb_box\"><a href=\"https:\/\/www.ilahy.es\/en\/promotions\/lips-augmentation\"><h2>Lips Augmentation<\/h2><p class=\"precioPro\">from <span>\u20ac195<\/span><\/p><\/a><\/div><\/div><\/div><div class=\"facial  et_pb_blurb et_pb_bg_layout_light et_pb_text_align_center et_pb_blurb_position_top promocion promocionNew\"><div class=\"novedades\"><div class=\"imgnovedadesN  \"><a href=\"https:\/\/www.ilahy.es\/en\/promotions\/rejuvenation-upper-zone\"><img loading=\"lazy\" decoding=\"async\" width=\"700\" height=\"350\" src=\"https:\/\/www.ilahy.es\/wp-content\/promos\/novedades\/btx.jpg\" class=\"attachment-full wp-post-image\" alt=\"Upper Area Rejuvenation\"><\/a><\/div><div class=\"et_pb_main_blurb_box\"><a href=\"https:\/\/www.ilahy.es\/en\/promotions\/rejuvenation-upper-zone\"><h2>Upper Area Rejuvenation<\/h2><h3>Forehead, frown lines, and crow's feet<\/h3><p class=\"precioPro\">from <span>\u20ac250<\/span><\/p><\/a><\/div><\/div><\/div><div class=\"facial  et_pb_blurb et_pb_bg_layout_light et_pb_text_align_center et_pb_blurb_position_top promocion promocionNew\"><div class=\"novedades\"><div class=\"imgnovedadesN  \"><a href=\"https:\/\/www.ilahy.es\/en\/promotions\/hydrafacial-treatment-2\"><img loading=\"lazy\" decoding=\"async\" width=\"700\" height=\"350\" src=\"https:\/\/www.ilahy.es\/wp-content\/promos\/novedades\/hydrafacial.jpg\" class=\"attachment-full wp-post-image\" alt=\"Hydrafacial\"><\/a><\/div><div class=\"et_pb_main_blurb_box\"><a href=\"https:\/\/www.ilahy.es\/en\/promotions\/hydrafacial-treatment-2\"><h2>Hydrafacial<\/h2><h3>Long-lasting results visible immediately<\/h3><p class=\"precioPro\">from <span>\u20ac150<\/span>\/session<\/p><\/a><\/div><\/div><\/div><div class=\"corporal  et_pb_blurb et_pb_bg_layout_light et_pb_text_align_center et_pb_blurb_position_top promocion promocionNew\"><div class=\"novedades\"><div class=\"imgnovedadesN  \"><a href=\"https:\/\/www.ilahy.es\/en\/promotions\/cryolipolysis\"><img loading=\"lazy\" decoding=\"async\" width=\"700\" height=\"350\" src=\"https:\/\/www.ilahy.es\/wp-content\/promos\/novedades\/criolipolisis.jpg\" class=\"attachment-full wp-post-image\" alt=\"Cryolipolysis\"><\/a><\/div><div class=\"et_pb_main_blurb_box\"><a href=\"https:\/\/www.ilahy.es\/en\/promotions\/cryolipolysis\"><h2>Cryolipolysis<\/h2><h3>Eliminates fat and reduces volume without surgery<\/h3><p class=\"precioPro\">from <span>\u20ac150<\/span>\/session<\/p><\/a><\/div><\/div><\/div><div class=\"facial  et_pb_blurb et_pb_bg_layout_light et_pb_text_align_center et_pb_blurb_position_top promocion promocionNew\"><div class=\"novedades\"><div class=\"imgnovedadesN  \"><a href=\"https:\/\/www.ilahy.es\/en\/promotions\/perfect-skin\"><img loading=\"lazy\" decoding=\"async\" width=\"700\" height=\"350\" src=\"https:\/\/www.ilahy.es\/wp-content\/promos\/novedades\/estetica-avanzada-facial.jpg\" class=\"attachment-full wp-post-image\" alt=\"Perfect Skin\"><\/a><\/div><div class=\"et_pb_main_blurb_box\"><a href=\"https:\/\/www.ilahy.es\/en\/promotions\/perfect-skin\"><h2>Perfect Skin<\/h2><h3>Cleansing + Mesolift or Exilis facial<\/h3><p class=\"precioPro\">from <span>\u20ac31<\/span>\/session<\/p><\/a><\/div><\/div><\/div><div class=\"capilar  et_pb_blurb et_pb_bg_layout_light et_pb_text_align_center et_pb_blurb_position_top promocion promocionNew\"><div class=\"novedades\"><div class=\"imgnovedadesN  \"><a href=\"https:\/\/www.ilahy.es\/en\/promotions\/capillary-microtransplant-fue\"><img loading=\"lazy\" decoding=\"async\" width=\"700\" height=\"350\" src=\"https:\/\/www.ilahy.es\/wp-content\/promos\/novedades\/injerto-capilar.jpg\" class=\"attachment-full wp-post-image\" alt=\"Hair Transplant\"><\/a><\/div><div class=\"et_pb_main_blurb_box\"><a href=\"https:\/\/www.ilahy.es\/en\/promotions\/capillary-microtransplant-fue\"><h2>Hair Transplant<\/h2><h3>Flat rate for follicular units<\/h3><p class=\"precioPro\">from <span>\u20ac81<\/span> per month<\/p><p class=\"precioPro\">Total: 4.500\u20ac<\/p><\/a><\/div><\/div><\/div><div class=\" et_pb_blurb et_pb_bg_layout_light et_pb_text_align_center et_pb_blurb_position_top promocion promocionNew\"><div class=\"novedades\"><div class=\"imgnovedadesN  \"><a href=\"https:\/\/www.ilahy.es\/en\/promotions\/indiba-method\"><img loading=\"lazy\" decoding=\"async\" width=\"700\" height=\"350\" src=\"https:\/\/www.ilahy.es\/wp-content\/promos\/novedades\/indiba.jpg\" class=\"attachment-full wp-post-image\" alt=\"INDIBA Method\"><\/a><\/div><div class=\"et_pb_main_blurb_box\"><a href=\"https:\/\/www.ilahy.es\/en\/promotions\/indiba-method\"><h2>INDIBA Method<\/h2><h3>Radiofrequency facial and body rejuvenation<\/h3><p class=\"precioPro\">from <span>\u20ac49<\/span>\/session<\/p><\/a><\/div><\/div><\/div><div id=\"boxVideo\" class=\"video-container\" style=\"margin-top:3rem;\"><a class=\"citabox\" href=\"#\" id=\"open-video-popup\"><img decoding=\"async\" src=\"https:\/\/www.ilahy.es\/wp-content\/promos\/novedades\/cabecera-novedades.webp\" alt=\"Novedades cirug\u00eda pl\u00e1stica y medicina est\u00e9tica\"><\/a><\/div><\/div><\/p>\n<p>[\/et_pb_text][\/et_pb_column][\/et_pb_row][\/et_pb_section]<\/p>\n","protected":false},"excerpt":{"rendered":"<p>Discover the latest news April <div class=\"breadcrumbs\"><\/div>\u00a0<div class=\"promociones clearfix\"><div class=\"promociones_filter\"><ul><li class=\"todas\"><a href=\"#todas\" class=\"active\">All<\/a><\/li><li class=\"cirugia\"><a href=\"#cirugia\" >Plastic Surgery<\/a><\/li><li class=\"obesidad\"><a href=\"#obesidad\" >Obesity Treatments<\/a><\/li><li class=\"facial\"><a href=\"#facial\" >Facial Aesthetic Treatments<\/a><\/li><li class=\"corporal\"><a href=\"#corporal\" >Body Aesthetic Treatments<\/a><\/li><li class=\"capilar\"><a href=\"#capilar\" >Hair Treatments<\/a><\/li><\/ul><\/div><div class=\"cirugia  et_pb_blurb et_pb_bg_layout_light et_pb_text_align_center et_pb_blurb_position_top promocion promocionNew\"><div class=\"novedades\"><div class=\"imgnovedadesN  \"><a href=\"https:\/\/www.ilahy.es\/en\/promotions\/breast-enlargement\"><img loading=\"lazy\" decoding=\"async\" width=\"700\" height=\"350\" src=\"https:\/\/www.ilahy.es\/wp-content\/promos\/novedades\/aumento-pecho.jpg\" class=\"attachment-full wp-post-image\" alt=\"Breast Augmentation with Mentor Implants\"><\/a><\/div><div class=\"et_pb_main_blurb_box\"><a href=\"https:\/\/www.ilahy.es\/en\/promotions\/breast-enlargement\"><h2>Breast Augmentation with Mentor Implants<\/h2><h3>+3 post-surgical treatment sessions<\/h3><p class=\"precioPro\">from <span>\u20ac85<\/span> per month<\/p><p class=\"precioPro\">Total: 4.700\u20ac<\/p><\/a><\/div><\/div><\/div><div class=\"cirugia  et_pb_blurb et_pb_bg_layout_light et_pb_text_align_center et_pb_blurb_position_top promocion promocionNew\"><div class=\"novedades\"><div class=\"imgnovedadesN  \"><a href=\"https:\/\/www.ilahy.es\/en\/promotions\/tummy-tuck-price\"><img loading=\"lazy\" decoding=\"async\" width=\"700\" height=\"350\" src=\"https:\/\/www.ilahy.es\/wp-content\/promos\/novedades\/abdominoplastia-liposuccion.jpg\" class=\"attachment-full wp-post-image\" alt=\"Abdominoplasty\"><\/a><\/div><div class=\"et_pb_main_blurb_box\"><a href=\"https:\/\/www.ilahy.es\/en\/promotions\/tummy-tuck-price\"><h2>Abdominoplasty<\/h2><h3>+3 post-surgical treatment sessions<\/h3><p class=\"precioPro\">desde <span>\u20ac112<\/span> per month<\/p><p class=\"precioPro\">Total: 6.200\u20ac<\/p><\/a><\/div><\/div><\/div><div class=\"cirugia  et_pb_blurb et_pb_bg_layout_light et_pb_text_align_center et_pb_blurb_position_top promocion promocionNew\"><div class=\"novedades\"><div class=\"imgnovedadesN  \"><a href=\"https:\/\/www.ilahy.es\/en\/promotions\/facelift\"><img loading=\"lazy\" decoding=\"async\" width=\"700\" height=\"350\" src=\"https:\/\/www.ilahy.es\/wp-content\/promos\/novedades\/lifting.jpg\" class=\"attachment-full wp-post-image\" alt=\"Facelift\"><\/a><\/div><div class=\"et_pb_main_blurb_box\"><a href=\"https:\/\/www.ilahy.es\/en\/promotions\/facelift\"><h2>Facelift<\/h2><h3> <\/h3><p class=\"precioPro\">from <span>\u20ac77<\/span> per month<\/p><p class=\"precioPro\">Total: 4.250<\/p><\/a><\/div><\/div><\/div><div class=\" et_pb_blurb et_pb_bg_layout_light et_pb_text_align_center et_pb_blurb_position_top promocion promocionNew\"><div class=\"novedades\"><div class=\"imgnovedadesN  \"><a href=\"https:\/\/www.ilahy.es\/en\/promotions\/ultrasonic-rhinoplasty\"><img loading=\"lazy\" decoding=\"async\" width=\"700\" height=\"350\" src=\"https:\/\/www.ilahy.es\/wp-content\/promos\/novedades\/rinoplastia-ultrasonica.jpg\" class=\"attachment-full wp-post-image\" alt=\"Ultrasonic Rhinoplasty\"><\/a><\/div><div class=\"et_pb_main_blurb_box\"><a href=\"https:\/\/www.ilahy.es\/en\/promotions\/ultrasonic-rhinoplasty\"><h2>Ultrasonic Rhinoplasty<\/h2><h3> <\/h3><p class=\"precioPro\">from <span>\u20ac112<\/span> per month<\/p><p class=\"precioPro\">Total: 6.200\u20ac<\/p><\/a><\/div><\/div><\/div><div class=\"obesidad  et_pb_blurb et_pb_bg_layout_light et_pb_text_align_center et_pb_blurb_position_top promocion promocionNew\"><div class=\"novedades\"><div class=\"imgnovedadesN  \"><a href=\"https:\/\/www.ilahy.es\/en\/promotions\/gastric-balloon-price\"><img loading=\"lazy\" decoding=\"async\" width=\"700\" height=\"350\" src=\"https:\/\/www.ilahy.es\/wp-content\/promos\/novedades\/big.jpg\" class=\"attachment-full wp-post-image\" alt=\"12-month Gastric Balloon\"><\/a><\/div><div class=\"et_pb_main_blurb_box\"><a href=\"https:\/\/www.ilahy.es\/en\/promotions\/gastric-balloon-price\"><h2>12-month Gastric Balloon<\/h2><h3>Lose weight from the moment it's placed<\/h3><p class=\"precioPro\">from <span>\u20ac85<\/span> per month<\/p><\/a><\/div><\/div><\/div><div class=\"obesidad  et_pb_blurb et_pb_bg_layout_light et_pb_text_align_center et_pb_blurb_position_top promocion promocionNew\"><div class=\"novedades\"><div class=\"imgnovedadesN  \"><a href=\"https:\/\/www.ilahy.es\/en\/promotions\/apollo-method\"><img loading=\"lazy\" decoding=\"async\" width=\"700\" height=\"350\" src=\"https:\/\/www.ilahy.es\/wp-content\/promos\/novedades\/apollo.jpg\" class=\"attachment-full wp-post-image\" alt=\"Apollo Method\"><\/a><\/div><div class=\"et_pb_main_blurb_box\"><a href=\"https:\/\/www.ilahy.es\/en\/promotions\/apollo-method\"><h2>Apollo Method<\/h2><h3>non-surgical<\/h3><p class=\"precioPro\">from <span>\u20ac171<\/span> per month<\/p><\/a><\/div><\/div><\/div><div class=\"obesidad  et_pb_blurb et_pb_bg_layout_light et_pb_text_align_center et_pb_blurb_position_top promocion promocionNew\"><div class=\"novedades\"><div class=\"imgnovedadesN  \"><a href=\"https:\/\/www.ilahy.es\/en\/promotions\/bariatric-surgery\"><img loading=\"lazy\" decoding=\"async\" width=\"700\" height=\"350\" src=\"https:\/\/www.ilahy.es\/wp-content\/promos\/novedades\/bariatrica.jpg\" class=\"attachment-full wp-post-image\" alt=\"Bariatric Surgery\"><\/a><\/div><div class=\"et_pb_main_blurb_box\"><a href=\"https:\/\/www.ilahy.es\/en\/promotions\/bariatric-surgery\"><h2>Bariatric Surgery<\/h2><p class=\"precioPro\">from <span>\u20ac241<\/span> per month<\/p><\/a><\/div><\/div><\/div><div class=\"facial  et_pb_blurb et_pb_bg_layout_light et_pb_text_align_center et_pb_blurb_position_top promocion promocionNew\"><div class=\"novedades\"><div class=\"imgnovedadesN  \"><a href=\"https:\/\/www.ilahy.es\/en\/promotions\/glow-up-pack\"><img loading=\"lazy\" decoding=\"async\" width=\"700\" height=\"350\" src=\"https:\/\/www.ilahy.es\/wp-content\/promos\/novedades\/glow.jpg\" class=\"attachment-full wp-post-image\" alt=\"Glow\"><\/a><\/div><div class=\"et_pb_main_blurb_box\"><a href=\"https:\/\/www.ilahy.es\/en\/promotions\/glow-up-pack\"><h2>Glow<\/h2><h3>1 vial Hyaluronic Acid<\/h3><p class=\"precioPro\">from <span>\u20ac299<\/span><\/p><h2>Glow Up<\/h2><h3>Facial remodeling<\/h3><p class=\"precioPro\">from <span>\u20ac598<\/span><\/p><\/a><\/div><\/div><\/div><div class=\"facial  et_pb_blurb et_pb_bg_layout_light et_pb_text_align_center et_pb_blurb_position_top promocion promocionNew\"><div class=\"novedades\"><div class=\"imgnovedadesN  \"><a href=\"https:\/\/www.ilahy.es\/en\/promotions\/lips-augmentation\"><img loading=\"lazy\" decoding=\"async\" width=\"700\" height=\"350\" src=\"https:\/\/www.ilahy.es\/wp-content\/promos\/novedades\/aumento-labios.jpg\" class=\"attachment-full wp-post-image\" alt=\"Lips Augmentation\"><\/a><\/div><div class=\"et_pb_main_blurb_box\"><a href=\"https:\/\/www.ilahy.es\/en\/promotions\/lips-augmentation\"><h2>Lips Augmentation<\/h2><p class=\"precioPro\">from <span>\u20ac195<\/span><\/p><\/a><\/div><\/div><\/div><div class=\"facial  et_pb_blurb et_pb_bg_layout_light et_pb_text_align_center et_pb_blurb_position_top promocion promocionNew\"><div class=\"novedades\"><div class=\"imgnovedadesN  \"><a href=\"https:\/\/www.ilahy.es\/en\/promotions\/rejuvenation-upper-zone\"><img loading=\"lazy\" decoding=\"async\" width=\"700\" height=\"350\" src=\"https:\/\/www.ilahy.es\/wp-content\/promos\/novedades\/btx.jpg\" class=\"attachment-full wp-post-image\" alt=\"Upper Area Rejuvenation\"><\/a><\/div><div class=\"et_pb_main_blurb_box\"><a href=\"https:\/\/www.ilahy.es\/en\/promotions\/rejuvenation-upper-zone\"><h2>Upper Area Rejuvenation<\/h2><h3>Forehead, frown lines, and crow's feet<\/h3><p class=\"precioPro\">from <span>\u20ac250<\/span><\/p><\/a><\/div><\/div><\/div><div class=\"facial  et_pb_blurb et_pb_bg_layout_light et_pb_text_align_center et_pb_blurb_position_top promocion promocionNew\"><div class=\"novedades\"><div class=\"imgnovedadesN  \"><a href=\"https:\/\/www.ilahy.es\/en\/promotions\/hydrafacial-treatment-2\"><img loading=\"lazy\" decoding=\"async\" width=\"700\" height=\"350\" src=\"https:\/\/www.ilahy.es\/wp-content\/promos\/novedades\/hydrafacial.jpg\" class=\"attachment-full wp-post-image\" alt=\"Hydrafacial\"><\/a><\/div><div class=\"et_pb_main_blurb_box\"><a href=\"https:\/\/www.ilahy.es\/en\/promotions\/hydrafacial-treatment-2\"><h2>Hydrafacial<\/h2><h3>Long-lasting results visible immediately<\/h3><p class=\"precioPro\">from <span>\u20ac150<\/span>\/session<\/p><\/a><\/div><\/div><\/div><div class=\"corporal  et_pb_blurb et_pb_bg_layout_light et_pb_text_align_center et_pb_blurb_position_top promocion promocionNew\"><div class=\"novedades\"><div class=\"imgnovedadesN  \"><a href=\"https:\/\/www.ilahy.es\/en\/promotions\/cryolipolysis\"><img loading=\"lazy\" decoding=\"async\" width=\"700\" height=\"350\" src=\"https:\/\/www.ilahy.es\/wp-content\/promos\/novedades\/criolipolisis.jpg\" class=\"attachment-full wp-post-image\" alt=\"Cryolipolysis\"><\/a><\/div><div class=\"et_pb_main_blurb_box\"><a href=\"https:\/\/www.ilahy.es\/en\/promotions\/cryolipolysis\"><h2>Cryolipolysis<\/h2><h3>Eliminates fat and reduces volume without surgery<\/h3><p class=\"precioPro\">from <span>\u20ac150<\/span>\/session<\/p><\/a><\/div><\/div><\/div><div class=\"facial  et_pb_blurb et_pb_bg_layout_light et_pb_text_align_center et_pb_blurb_position_top promocion promocionNew\"><div class=\"novedades\"><div class=\"imgnovedadesN  \"><a href=\"https:\/\/www.ilahy.es\/en\/promotions\/perfect-skin\"><img loading=\"lazy\" decoding=\"async\" width=\"700\" height=\"350\" src=\"https:\/\/www.ilahy.es\/wp-content\/promos\/novedades\/estetica-avanzada-facial.jpg\" class=\"attachment-full wp-post-image\" alt=\"Perfect Skin\"><\/a><\/div><div class=\"et_pb_main_blurb_box\"><a href=\"https:\/\/www.ilahy.es\/en\/promotions\/perfect-skin\"><h2>Perfect Skin<\/h2><h3>Cleansing + Mesolift or Exilis facial<\/h3><p class=\"precioPro\">from <span>\u20ac31<\/span>\/session<\/p><\/a><\/div><\/div><\/div><div class=\"capilar  et_pb_blurb et_pb_bg_layout_light et_pb_text_align_center et_pb_blurb_position_top promocion promocionNew\"><div class=\"novedades\"><div class=\"imgnovedadesN  \"><a href=\"https:\/\/www.ilahy.es\/en\/promotions\/capillary-microtransplant-fue\"><img loading=\"lazy\" decoding=\"async\" width=\"700\" height=\"350\" src=\"https:\/\/www.ilahy.es\/wp-content\/promos\/novedades\/injerto-capilar.jpg\" class=\"attachment-full wp-post-image\" alt=\"Hair Transplant\"><\/a><\/div><div class=\"et_pb_main_blurb_box\"><a href=\"https:\/\/www.ilahy.es\/en\/promotions\/capillary-microtransplant-fue\"><h2>Hair Transplant<\/h2><h3>Flat rate for follicular units<\/h3><p class=\"precioPro\">from <span>\u20ac81<\/span> per month<\/p><p class=\"precioPro\">Total: 4.500\u20ac<\/p><\/a><\/div><\/div><\/div><div class=\" et_pb_blurb et_pb_bg_layout_light et_pb_text_align_center et_pb_blurb_position_top promocion promocionNew\"><div class=\"novedades\"><div class=\"imgnovedadesN  \"><a href=\"https:\/\/www.ilahy.es\/en\/promotions\/indiba-method\"><img loading=\"lazy\" decoding=\"async\" width=\"700\" height=\"350\" src=\"https:\/\/www.ilahy.es\/wp-content\/promos\/novedades\/indiba.jpg\" class=\"attachment-full wp-post-image\" alt=\"INDIBA Method\"><\/a><\/div><div class=\"et_pb_main_blurb_box\"><a href=\"https:\/\/www.ilahy.es\/en\/promotions\/indiba-method\"><h2>INDIBA Method<\/h2><h3>Radiofrequency facial and body rejuvenation<\/h3><p class=\"precioPro\">from <span>\u20ac49<\/span>\/session<\/p><\/a><\/div><\/div><\/div><div id=\"boxVideo\" class=\"video-container\" style=\"margin-top:3rem;\"><a class=\"citabox\" href=\"#\" id=\"open-video-popup\"><img decoding=\"async\" src=\"https:\/\/www.ilahy.es\/wp-content\/promos\/novedades\/cabecera-novedades.webp\" alt=\"Novedades cirug\u00eda pl\u00e1stica y medicina est\u00e9tica\"><\/a><\/div><\/div><\/p>\n","protected":false},"author":1,"featured_media":0,"parent":0,"menu_order":220,"comment_status":"closed","ping_status":"closed","template":"","meta":{"_et_pb_use_builder":"on","_et_pb_old_content":"<p>[et_pb_section background_color=\"#ffffff\" inner_shadow=\"off\" parallax=\"off\" parallax_method=\"css\" module_class=\"promociones\"][et_pb_row][et_pb_column type=\"4_4\"][et_pb_text admin_label=\"Text\" background_layout=\"light\" text_orientation=\"left\"]<\/p><h1>Aesthetic Treatments\u00a0Promotions<\/h1><p>[breadcrumbs]<\/p><p>Enjoy this\u00a0<strong>promotions for your beauty treatments<\/strong>. Enter the promo code indicated in the appointment\u00a0form:<\/p><p>[promociones][\/et_pb_text][\/et_pb_column][\/et_pb_row][\/et_pb_section]<\/p>","_et_gb_content_width":"","footnotes":""},"class_list":["post-1173","page","type-page","status-publish","hentry"],"_links":{"self":[{"href":"https:\/\/www.ilahy.es\/en\/wp-json\/wp\/v2\/pages\/1173","targetHints":{"allow":["GET"]}}],"collection":[{"href":"https:\/\/www.ilahy.es\/en\/wp-json\/wp\/v2\/pages"}],"about":[{"href":"https:\/\/www.ilahy.es\/en\/wp-json\/wp\/v2\/types\/page"}],"author":[{"embeddable":true,"href":"https:\/\/www.ilahy.es\/en\/wp-json\/wp\/v2\/users\/1"}],"replies":[{"embeddable":true,"href":"https:\/\/www.ilahy.es\/en\/wp-json\/wp\/v2\/comments?post=1173"}],"version-history":[{"count":39,"href":"https:\/\/www.ilahy.es\/en\/wp-json\/wp\/v2\/pages\/1173\/revisions"}],"predecessor-version":[{"id":15651,"href":"https:\/\/www.ilahy.es\/en\/wp-json\/wp\/v2\/pages\/1173\/revisions\/15651"}],"wp:attachment":[{"href":"https:\/\/www.ilahy.es\/en\/wp-json\/wp\/v2\/media?parent=1173"}],"curies":[{"name":"wp","href":"https:\/\/api.w.org\/{rel}","templated":true}]}}