{"id":1151,"date":"2014-10-07T10:32:17","date_gmt":"2014-10-07T10:32:17","guid":{"rendered":"https:\/\/www.ilahy.es\/?page_id=1151"},"modified":"2014-10-16T10:44:01","modified_gmt":"2014-10-16T10:44:01","slug":"legal-note","status":"publish","type":"page","link":"https:\/\/www.ilahy.es\/en\/legal-note","title":{"rendered":"Legal Note"},"content":{"rendered":"<p>[et_pb_section][et_pb_row][et_pb_column type=&#8221;2_3&#8243;][et_pb_text admin_label=&#8221;Text&#8221; background_layout=&#8221;light&#8221; text_orientation=&#8221;left&#8221;]<\/p>\n<h1>Aviso Legal<\/h1>\n<div class=\"breadcrumbs\"><\/div>\n<p>El presente aviso legal\u00a0regulan el uso del servicio del Sitio Web que <strong>HOSPIMAR 2000 S.L.<\/strong>, con \u00a0domicilio social en Calle Pedro de Valdivia, 31, C.P. 28006, (en adelante EL PROPIETARIO) pone a disposici\u00f3n de los Usuarios de Internet, interesados en sus servicios contenidos. Los Usuarios pueden ponerse en contacto con EL PROPIETARIO escribiendo a la direcci\u00f3n postal del domicilio social indicada anteriormente, o bien a trav\u00e9s del correo electr\u00f3nico <a href=\"mailto:info@ilahy.es\">info@ilahy.es<\/a>. La utilizaci\u00f3n del citado Sitio Web otorga la condici\u00f3n de Usuario, e implica la aceptaci\u00f3n de todas las condiciones incorporadas en este Aviso Legal. El uso del servicio tiene una duraci\u00f3n limitada al momento en el que el Usuario se encuentre utilizando el Sitio Web. El Usuario debe leer atentamente el Aviso Legal en cada una de las ocasiones en que se proponga utilizar el Sitio Web, ya que EL PROPIETARIO se reservan la facultad de efectuar, sin necesidad de previo aviso, modificaciones y actualizaciones de la informaci\u00f3n contenida en este Sitio Web, de su configuraci\u00f3n y presentaci\u00f3n, las condiciones de acceso y el Aviso Legal para adaptarlo a futuras novedades legislativas o jurisprudenciales, as\u00ed como a pr\u00e1cticas de la industria, informando previamente a los usuarios de los cambios que en ella se produzcan. La utilizaci\u00f3n de ciertos servicios ofrecidos a los Usuarios a trav\u00e9s del Sitio Web puede encontrarse sometida a condiciones particulares propias que, seg\u00fan los casos sustituyen, completan y\/o modifican las presentes Condiciones Generales de Uso. Por lo tanto, con anterioridad a la utilizaci\u00f3n de dichos servicios, el Usuario tambi\u00e9n ha de leer atentamente y aceptar asimismo las correspondientes condiciones particulares propias.<\/p>\n<h2>Propiedad Industrial e Intelectual<\/h2>\n<p>Todos los elementos de este Sitio Web (incluyendo textos, im\u00e1genes, sonidos, animaciones, programas o aplicaciones inform\u00e1ticas, bases de datos, nombres de dominio, etc.) son titularidad de EL PROPIETARIO o de terceros que han licenciado a EL PROPIETARIO para su uso, al igual que los logotipos, nombres comerciales, marcas, dise\u00f1os industriales, y cualesquiera otros contenidos protegidos como propiedad industrial. El Sitio Web podr\u00e1 contener referencias a marcas registradas, materiales protegidos por derechos de autor, tecnolog\u00edas, productos, procesos u otros derechos intelectuales propiedad de EL PROPIETARIO y\/o terceras partes. Salvo que expresamente se indique lo contrario, queda prohibida cualquier modalidad de explotaci\u00f3n, reproducci\u00f3n, distribuci\u00f3n, cesi\u00f3n, comunicaci\u00f3n p\u00fablica o trasformaci\u00f3n sin la autorizaci\u00f3n expresa y por escrito del titular de los derechos de explotaci\u00f3n. El uso no autorizado de los materiales e informaci\u00f3n contenida en el Sitio Web puede suponer la violaci\u00f3n de la legislaci\u00f3n sobre propiedad intelectual o industrial y de otras leyes aplicables. Si usted considera que parte del contenido de esta Web afecta a su propiedad intelectual y\/o industrial p\u00f3ngase en contacto solicitando su modificaci\u00f3n o supresi\u00f3n por los medios indicados\u00a0en este Aviso Legal.<\/p>\n<h2>Pol\u00edtica de Protecci\u00f3n de Datos<\/h2>\n<p>Mediante este aviso, EL PROPIETARIO informa a los Usuarios del Sitio Web de los aspectos relacionados con la protecci\u00f3n de los datos de car\u00e1cter personal y su uso en este sitio web de acuerdo con la Ley Org\u00e1nica 15\/1999, de 13 de diciembre, de Protecci\u00f3n de Datos de Car\u00e1cter Personal y la Directiva 95\/46\/CE del Parlamento Europeo y del Consejo, de 24 de octubre de 1995, relativa a la protecci\u00f3n de las personas f\u00edsicas en lo que respecta al tratamiento de datos personales y a la libre circulaci\u00f3n de estos datos. Con car\u00e1cter general, informamos de la existencia de un fichero automatizado bajo responsabilidad de EL PROPIETARIO para el almacenamiento y gesti\u00f3n de los datos de car\u00e1cter personal proporcionados, en su caso, por el Usuario del servicio, y que asimismo, de acuerdo con la normativa espa\u00f1ola y europea, estamos obligados a retener en nuestro servidor los datos de conexi\u00f3n y tr\u00e1fico generados por las comunicaciones establecidas por un plazo de doce meses. Salvo comunicaci\u00f3n en contra por su parte, EL PROPIETARIO tambi\u00e9n podr\u00e1 utilizar datos personales facilitados por el usuario para la realizaci\u00f3n de acciones comerciales y\/ o encuestas de satisfacci\u00f3n o de prospecci\u00f3n comercial. Por el hecho de proporcionarnos su direcci\u00f3n electr\u00f3nica, entendemos que usted autoriza el env\u00edo de comunicaciones comerciales por parte de EL PROPIETARIO. Le informamos que han sido adoptadas todas las medidas de seguridad de \u00edndole t\u00e9cnica, organizativa y de seguridad inform\u00e1tica necesarias para la protecci\u00f3n de datos de car\u00e1cter personal para evitar su alteraci\u00f3n, p\u00e9rdida, tratamiento y\/ o acceso no autorizado, todo ello de acuerdo a lo establecido en la normativa aplicable. EL PROPIETARIO, mediante los formularios de contacto del Sitio Web, puede\u00a0recopilar\u00a0la siguiente informaci\u00f3n con el fin de ofrecer y mejorar los servicios ofrecidos,\u00a0con fines estad\u00edsticos o para informar de promociones que puedan resultar de inter\u00e9s :<\/p>\n<ul>\n<li>nombre y apellidos.<\/li>\n<li>informaci\u00f3n de contacto, incluyendo la direcci\u00f3n de correo electr\u00f3nico y tel\u00e9fono.<\/li>\n<li>informaci\u00f3n demogr\u00e1fica como c\u00f3digo postal, preferencias e intereses.<\/li>\n<li>otra informaci\u00f3n pertinente para encuestas a clientes y \/ o ofertas.<\/li>\n<\/ul>\n<p>El Usuario\u00a0podr\u00e1 ejercitar sus derechos de acceso, rectificaci\u00f3n, cancelaci\u00f3n y oposici\u00f3n tal y como estipula la normativa sobre protecci\u00f3n de datos, por los medios indicados en las Condiciones Generales.<\/p>\n<h2>Pol\u00edtica de Cookies<\/h2>\n<p>Este Sitio Web\u00a0utiliza\u00a0cookies propias y de terceros para mejorar la experiencia de navegaci\u00f3n del Sitio Web, registrar el tr\u00e1fico del Sitio Web con fines estad\u00edsticos y ofrecer contenidos y publicidad de inter\u00e9s. Una cookie es un peque\u00f1o archivo que pide permiso para ser guardado en el disco duro del dispositivo del Usuario. Una cookie de ninguna manera da acceso a datos alojados en el\u00a0dispositivo del Usuario\u00a0o a cualquier informaci\u00f3n acerca del Usuario, excepto los datos que decida compartir. El Usuario siempre puede elegir entre aceptar o rechazar las cookies. La mayor\u00eda de los navegadores web aceptan autom\u00e1ticamente las cookies, pero es posible\u00a0modificar la configuraci\u00f3n del explorador para rechazar cookies.<\/p>\n<h2>Legislaci\u00f3n<\/h2>\n<p>El presente Aviso Legal se rige en todos y cada uno de sus extremos por la ley espa\u00f1ola, adem\u00e1s de las condiciones generales de uso que se establecen en el mismo.<\/p>\n<p>[\/et_pb_text][\/et_pb_column][et_pb_column type=&#8221;1_3&#8243;][et_pb_sidebar admin_label=&#8221;Sidebar&#8221; orientation=&#8221;left&#8221; area=&#8221;sidebar-1&#8243; background_layout=&#8221;light&#8221; \/][\/et_pb_column][\/et_pb_row][\/et_pb_section]<\/p>\n","protected":false},"excerpt":{"rendered":"<p><div class=\"et_pb_section et_pb_section_0 et_section_regular\" >\n\t\t\t\t\n\t\t\t\t\n\t\t\t\t\n\t\t\t\t\n\t\t\t\t\n\t\t\t\t\n\t\t\t\t\n\t\t\t\t\n\t\t\t\t\n\t\t\t<\/div><div class=\"et_pb_row et_pb_row_0 et_pb_row_empty\">\n\t\t\t\t\n\t\t\t\t\n\t\t\t\t\n\t\t\t\t\n\t\t\t\t\n\t\t\t<\/div> Aviso Legal <div class=\"breadcrumbs\"><\/div> El presente aviso legal\u00a0regulan el uso del servicio del Sitio Web que HOSPIMAR 2000 S.L., con \u00a0domicilio social en Calle Pedro de Valdivia, 31, C.P. 28006, (en adelante EL PROPIETARIO) pone a disposici\u00f3n de los Usuarios de Internet, interesados en sus servicios contenidos. Los Usuarios pueden ponerse en contacto con EL [&hellip;]<\/p>\n","protected":false},"author":1,"featured_media":0,"parent":0,"menu_order":460,"comment_status":"closed","ping_status":"closed","template":"","meta":{"_et_pb_use_builder":"on","_et_pb_old_content":"<p>[et_pb_section][et_pb_row][et_pb_column type=\"2_3\"][et_pb_text admin_label=\"Text\" background_layout=\"light\" text_orientation=\"left\"]<\/p><h1>Aviso Legal<\/h1><p>[breadcrumbs] El presente aviso legal\u00a0regulan el uso del servicio del Sitio Web que <strong>HOSPIMAR 2000 S.L.<\/strong>, con \u00a0domicilio social en Calle Pedro de Valdivia, 31, C.P. 28006, (en adelante EL PROPIETARIO) pone a disposici\u00f3n de los Usuarios de Internet, interesados en sus servicios contenidos. Los Usuarios pueden ponerse en contacto con EL PROPIETARIO escribiendo a la direcci\u00f3n postal del domicilio social indicada anteriormente, o bien a trav\u00e9s del correo electr\u00f3nico <a href=\"mailto:info@ilahy.es\">info@ilahy.es<\/a>. La utilizaci\u00f3n del citado Sitio Web otorga la condici\u00f3n de Usuario, e implica la aceptaci\u00f3n de todas las condiciones incorporadas en este Aviso Legal. El uso del servicio tiene una duraci\u00f3n limitada al momento en el que el Usuario se encuentre utilizando el Sitio Web. El Usuario debe leer atentamente el Aviso Legal en cada una de las ocasiones en que se proponga utilizar el Sitio Web, ya que EL PROPIETARIO se reservan la facultad de efectuar, sin necesidad de previo aviso, modificaciones y actualizaciones de la informaci\u00f3n contenida en este Sitio Web, de su configuraci\u00f3n y presentaci\u00f3n, las condiciones de acceso y el Aviso Legal para adaptarlo a futuras novedades legislativas o jurisprudenciales, as\u00ed como a pr\u00e1cticas de la industria, informando previamente a los usuarios de los cambios que en ella se produzcan. La utilizaci\u00f3n de ciertos servicios ofrecidos a los Usuarios a trav\u00e9s del Sitio Web puede encontrarse sometida a condiciones particulares propias que, seg\u00fan los casos sustituyen, completan y\/o modifican las presentes Condiciones Generales de Uso. Por lo tanto, con anterioridad a la utilizaci\u00f3n de dichos servicios, el Usuario tambi\u00e9n ha de leer atentamente y aceptar asimismo las correspondientes condiciones particulares propias.<\/p><h2>Propiedad Industrial e Intelectual<\/h2><p>Todos los elementos de este Sitio Web (incluyendo textos, im\u00e1genes, sonidos, animaciones, programas o aplicaciones inform\u00e1ticas, bases de datos, nombres de dominio, etc.) son titularidad de EL PROPIETARIO o de terceros que han licenciado a EL PROPIETARIO para su uso, al igual que los logotipos, nombres comerciales, marcas, dise\u00f1os industriales, y cualesquiera otros contenidos protegidos como propiedad industrial. El Sitio Web podr\u00e1 contener referencias a marcas registradas, materiales protegidos por derechos de autor, tecnolog\u00edas, productos, procesos u otros derechos intelectuales propiedad de EL PROPIETARIO y\/o terceras partes. Salvo que expresamente se indique lo contrario, queda prohibida cualquier modalidad de explotaci\u00f3n, reproducci\u00f3n, distribuci\u00f3n, cesi\u00f3n, comunicaci\u00f3n p\u00fablica o trasformaci\u00f3n sin la autorizaci\u00f3n expresa y por escrito del titular de los derechos de explotaci\u00f3n. El uso no autorizado de los materiales e informaci\u00f3n contenida en el Sitio Web puede suponer la violaci\u00f3n de la legislaci\u00f3n sobre propiedad intelectual o industrial y de otras leyes aplicables. Si usted considera que parte del contenido de esta Web afecta a su propiedad intelectual y\/o industrial p\u00f3ngase en contacto solicitando su modificaci\u00f3n o supresi\u00f3n por los medios indicados\u00a0en este Aviso Legal.<\/p><h2>Pol\u00edtica de Protecci\u00f3n de Datos<\/h2><p>Mediante este aviso, EL PROPIETARIO informa a los Usuarios del Sitio Web de los aspectos relacionados con la protecci\u00f3n de los datos de car\u00e1cter personal y su uso en este sitio web de acuerdo con la Ley Org\u00e1nica 15\/1999, de 13 de diciembre, de Protecci\u00f3n de Datos de Car\u00e1cter Personal y la Directiva 95\/46\/CE del Parlamento Europeo y del Consejo, de 24 de octubre de 1995, relativa a la protecci\u00f3n de las personas f\u00edsicas en lo que respecta al tratamiento de datos personales y a la libre circulaci\u00f3n de estos datos. Con car\u00e1cter general, informamos de la existencia de un fichero automatizado bajo responsabilidad de EL PROPIETARIO para el almacenamiento y gesti\u00f3n de los datos de car\u00e1cter personal proporcionados, en su caso, por el Usuario del servicio, y que asimismo, de acuerdo con la normativa espa\u00f1ola y europea, estamos obligados a retener en nuestro servidor los datos de conexi\u00f3n y tr\u00e1fico generados por las comunicaciones establecidas por un plazo de doce meses. Salvo comunicaci\u00f3n en contra por su parte, EL PROPIETARIO tambi\u00e9n podr\u00e1 utilizar datos personales facilitados por el usuario para la realizaci\u00f3n de acciones comerciales y\/ o encuestas de satisfacci\u00f3n o de prospecci\u00f3n comercial. Por el hecho de proporcionarnos su direcci\u00f3n electr\u00f3nica, entendemos que usted autoriza el env\u00edo de comunicaciones comerciales por parte de EL PROPIETARIO. Le informamos que han sido adoptadas todas las medidas de seguridad de \u00edndole t\u00e9cnica, organizativa y de seguridad inform\u00e1tica necesarias para la protecci\u00f3n de datos de car\u00e1cter personal para evitar su alteraci\u00f3n, p\u00e9rdida, tratamiento y\/ o acceso no autorizado, todo ello de acuerdo a lo establecido en la normativa aplicable. EL PROPIETARIO, mediante los formularios de contacto del Sitio Web, puede\u00a0recopilar\u00a0la siguiente informaci\u00f3n con el fin de ofrecer y mejorar los servicios ofrecidos,\u00a0con fines estad\u00edsticos o para informar de promociones que puedan resultar de inter\u00e9s :<\/p><ul><li>nombre y apellidos.<\/li><li>informaci\u00f3n de contacto, incluyendo la direcci\u00f3n de correo electr\u00f3nico y tel\u00e9fono.<\/li><li>informaci\u00f3n demogr\u00e1fica como c\u00f3digo postal, preferencias e intereses.<\/li><li>otra informaci\u00f3n pertinente para encuestas a clientes y \/ o ofertas.<\/li><\/ul><p>El Usuario\u00a0podr\u00e1 ejercitar sus derechos de acceso, rectificaci\u00f3n, cancelaci\u00f3n y oposici\u00f3n tal y como estipula la normativa sobre protecci\u00f3n de datos, por los medios indicados en las Condiciones Generales.<\/p><h2>Pol\u00edtica de Cookies<\/h2><p>Este Sitio Web\u00a0utiliza\u00a0cookies propias y de terceros para mejorar la experiencia de navegaci\u00f3n del Sitio Web, registrar el tr\u00e1fico del Sitio Web con fines estad\u00edsticos y ofrecer contenidos y publicidad de inter\u00e9s. Una cookie es un peque\u00f1o archivo que pide permiso para ser guardado en el disco duro del dispositivo del Usuario. Una cookie de ninguna manera da acceso a datos alojados en el\u00a0dispositivo del Usuario\u00a0o a cualquier informaci\u00f3n acerca del Usuario, excepto los datos que decida compartir. El Usuario siempre puede elegir entre aceptar o rechazar las cookies. La mayor\u00eda de los navegadores web aceptan autom\u00e1ticamente las cookies, pero es posible\u00a0modificar la configuraci\u00f3n del explorador para rechazar cookies.<\/p><h2>Legislaci\u00f3n<\/h2><p>El presente Aviso Legal se rige en todos y cada uno de sus extremos por la ley espa\u00f1ola, adem\u00e1s de las condiciones generales de uso que se establecen en el mismo.<\/p><p>[\/et_pb_text][\/et_pb_column][et_pb_column type=\"1_3\"][et_pb_sidebar admin_label=\"Sidebar\" orientation=\"left\" area=\"sidebar-1\" background_layout=\"light\" \/][\/et_pb_column][\/et_pb_row][\/et_pb_section]<\/p>","_et_gb_content_width":"","footnotes":""},"class_list":["post-1151","page","type-page","status-publish","hentry"],"_links":{"self":[{"href":"https:\/\/www.ilahy.es\/en\/wp-json\/wp\/v2\/pages\/1151","targetHints":{"allow":["GET"]}}],"collection":[{"href":"https:\/\/www.ilahy.es\/en\/wp-json\/wp\/v2\/pages"}],"about":[{"href":"https:\/\/www.ilahy.es\/en\/wp-json\/wp\/v2\/types\/page"}],"author":[{"embeddable":true,"href":"https:\/\/www.ilahy.es\/en\/wp-json\/wp\/v2\/users\/1"}],"replies":[{"embeddable":true,"href":"https:\/\/www.ilahy.es\/en\/wp-json\/wp\/v2\/comments?post=1151"}],"version-history":[{"count":2,"href":"https:\/\/www.ilahy.es\/en\/wp-json\/wp\/v2\/pages\/1151\/revisions"}],"predecessor-version":[{"id":1305,"href":"https:\/\/www.ilahy.es\/en\/wp-json\/wp\/v2\/pages\/1151\/revisions\/1305"}],"wp:attachment":[{"href":"https:\/\/www.ilahy.es\/en\/wp-json\/wp\/v2\/media?parent=1151"}],"curies":[{"name":"wp","href":"https:\/\/api.w.org\/{rel}","templated":true}]}}