{"id":1147,"date":"2014-10-07T10:27:57","date_gmt":"2014-10-07T10:27:57","guid":{"rendered":"https:\/\/www.ilahy.es\/?page_id=1147"},"modified":"2015-04-21T13:33:32","modified_gmt":"2015-04-21T13:33:32","slug":"opiniones-de-pacientes-en","status":"publish","type":"page","link":"https:\/\/www.ilahy.es\/en\/opiniones-de-pacientes-en","title":{"rendered":"Opiniones de pacientes EN"},"content":{"rendered":"<p>[et_pb_section][et_pb_row][et_pb_column type=&#8221;4_4&#8243;][et_pb_testimonial admin_label=&#8221;Testimonial&#8221; author=&#8221;Elena&#8221; company_name=&#8221;Alicante&#8221; url_new_window=&#8221;off&#8221; portrait_url=&#8221;https:\/\/www.ilahy.es\/wp-content\/uploads\/2014\/08\/testimonio-elena.jpg&#8221; quote_icon=&#8221;on&#8221; use_background_color=&#8221;on&#8221; background_color=&#8221;#f5f5f5&#8243; background_layout=&#8221;light&#8221; text_orientation=&#8221;left&#8221;]<\/p>\n<p>Lo que m\u00e1s me ha gustado de Ilahy es el <strong>trato recibido<\/strong> tanto de las chicas que trabajan ah\u00ed, directora y m\u00e9dicos. Me decid\u00ed por Ilahy porque <strong>la confianza que me dio en la primera cita no me la dieron en otro sitio<\/strong>, se nota que en primer lugar ponen tu seguridad.<\/p>\n<p>El tratamiento me ha cambiado por completo mi vida, <strong>me siento mucho mejor conmigo misma<\/strong> y eso se transmite a los de mi alrededor. En casa estan muy contentos de verme tan feliz y no hay palabras para expresar como me siento. Recomiendo Ilahy tanto para mi tratamiento o cualquier otro tratamiento, de hecho ya estoy empezando a consultar mi pr\u00f3ximo cambio.<\/p>\n<p>[\/et_pb_testimonial][\/et_pb_column][\/et_pb_row][\/et_pb_section]<\/p>\n","protected":false},"excerpt":{"rendered":"<p><div class=\"et_pb_section et_pb_section_0 et_section_regular\" >\n\t\t\t\t\n\t\t\t\t\n\t\t\t\t\n\t\t\t\t\n\t\t\t\t\n\t\t\t\t\n\t\t\t\t\n\t\t\t\t\n\t\t\t\t\n\t\t\t<\/div><div class=\"et_pb_row et_pb_row_0 et_pb_row_empty\">\n\t\t\t\t\n\t\t\t\t\n\t\t\t\t\n\t\t\t\t\n\t\t\t\t\n\t\t\t<\/div> Lo que m\u00e1s me ha gustado de Ilahy es el trato recibido tanto de las chicas que trabajan ah\u00ed, directora y m\u00e9dicos. Me decid\u00ed por Ilahy porque la confianza que me dio en la primera cita no me la dieron en otro sitio, se nota que en primer lugar ponen tu seguridad. El tratamiento [&hellip;]<\/p>\n","protected":false},"author":1,"featured_media":0,"parent":0,"menu_order":572,"comment_status":"closed","ping_status":"closed","template":"","meta":{"_et_pb_use_builder":"on","_et_pb_old_content":"<p>[et_pb_section][et_pb_row][et_pb_column type=\"4_4\"][et_pb_testimonial admin_label=\"Testimonial\" author=\"Elena\" company_name=\"Alicante\" url_new_window=\"off\" portrait_url=\"https:\/\/www.ilahy.es\/wp-content\/uploads\/2014\/08\/testimonio-elena.jpg\" quote_icon=\"on\" use_background_color=\"on\" background_color=\"#f5f5f5\" background_layout=\"light\" text_orientation=\"left\"]<\/p><p>Lo que m\u00e1s me ha gustado de Ilahy es el <strong>trato recibido<\/strong> tanto de las chicas que trabajan ah\u00ed, directora y m\u00e9dicos. Me decid\u00ed por Ilahy porque <strong>la confianza que me dio en la primera cita no me la dieron en otro sitio<\/strong>, se nota que en primer lugar ponen tu seguridad.<\/p><p>El tratamiento me ha cambiado por completo mi vida, <strong>me siento mucho mejor conmigo misma<\/strong> y eso se transmite a los de mi alrededor. En casa estan muy contentos de verme tan feliz y no hay palabras para expresar como me siento. Recomiendo Ilahy tanto para mi tratamiento o cualquier otro tratamiento, de hecho ya estoy empezando a consultar mi pr\u00f3ximo cambio.<\/p><p>[\/et_pb_testimonial][\/et_pb_column][\/et_pb_row][\/et_pb_section]<\/p>","_et_gb_content_width":"","footnotes":""},"class_list":["post-1147","page","type-page","status-publish","hentry"],"_links":{"self":[{"href":"https:\/\/www.ilahy.es\/en\/wp-json\/wp\/v2\/pages\/1147","targetHints":{"allow":["GET"]}}],"collection":[{"href":"https:\/\/www.ilahy.es\/en\/wp-json\/wp\/v2\/pages"}],"about":[{"href":"https:\/\/www.ilahy.es\/en\/wp-json\/wp\/v2\/types\/page"}],"author":[{"embeddable":true,"href":"https:\/\/www.ilahy.es\/en\/wp-json\/wp\/v2\/users\/1"}],"replies":[{"embeddable":true,"href":"https:\/\/www.ilahy.es\/en\/wp-json\/wp\/v2\/comments?post=1147"}],"version-history":[{"count":3,"href":"https:\/\/www.ilahy.es\/en\/wp-json\/wp\/v2\/pages\/1147\/revisions"}],"predecessor-version":[{"id":2112,"href":"https:\/\/www.ilahy.es\/en\/wp-json\/wp\/v2\/pages\/1147\/revisions\/2112"}],"wp:attachment":[{"href":"https:\/\/www.ilahy.es\/en\/wp-json\/wp\/v2\/media?parent=1147"}],"curies":[{"name":"wp","href":"https:\/\/api.w.org\/{rel}","templated":true}]}}